{"id":97,"date":"2014-04-09T10:14:21","date_gmt":"2014-04-09T10:14:21","guid":{"rendered":"http:\/\/schaffrath-haus.com\/wp\/?page_id=97"},"modified":"2024-08-31T07:58:33","modified_gmt":"2024-08-31T07:58:33","slug":"bildergalerie","status":"publish","type":"page","link":"https:\/\/schaffrath-haus.com\/?page_id=97","title":{"rendered":"Ludwig Schaffrath &#8211; eine Ausstellung &#038; eine Idee"},"content":{"rendered":"<h4><span style=\"color: #008000;\">Ludwig Schaffrath &#8211; Eine Ausstellung &amp; eine Idee<\/span><\/h4>\n<p><strong>Ludwig Schaffrath ist einer der gr\u00f6\u00dften Glask\u00fcnstler der Jahrhundertwende.<\/strong><\/p>\n<p>Er schuf seine Licht durchfluteten Glasfenster nicht nur f\u00fcr Kirchen, sondern auch f\u00fcr Schulen, Kranken\u00adh\u00e4user, Rath\u00e4user, Museen, Bahnh\u00f6fe und Universit\u00e4ten weltweit &#8211; Ludwig Schaffrath. Nach seinem Tod wurde zu seinem Jahrged\u00e4chtnis in der Ofdener Paul-Gerhardt-Kirche eine Ausstellung seiner weniger bekannten, teilweise wohl noch nie gezeigten gro\u00dfformatigen Gem\u00e4lde und Zeich\u00adnungen er\u00f6ffnet. Au\u00dferdem ge\u00adw\u00e4hrt die Ausstellung Einblick in eine Auswahl seiner Skizzenb\u00fccher. Zur Er\u00f6ffnung der Ausstellung waren &nbsp;zahlreiche &nbsp;G\u00e4ste von weiter her angereist.<\/p>\n<p>Der Kirchenraum erwies sich dabei als ideal f\u00fcr eine Ausstellung dieser Gr\u00f6\u00dfenordnung. Nach der Begr\u00fc\u00dfung durch B\u00fcrgermeister Alfred Sonders nahm Prof. Dr. Wolfgang Becker die Besucher einf\u00fchlsam und umfassend mit auf die Reise durch ein Leben, das Prof. &nbsp;Ludwig Schaffrath ganz der Glaskunst und seiner k\u00fcnstlerischen Arbeit gewidmet hat. Einzigartig seine tagebuchartigen Skizzenb\u00fccher, die er zeitlebens fast t\u00e4glich und \u00fcberall mitgef\u00fchrt hat. Von seinem letzten Werk, dem \u00bbSchwanengesang\u00ab, einem ohne Auftraggeber erstellten Glaskunstwerk in 30 Einzelfenstern hat er 27 Fenster als Dauerleihgabe der Stadt Alsdorf vermacht. Musikalisch begleitet wurde die Vernissage von Franz Brandt und Gerd Breuer. Die u. a. von Kunstverein und Stadt Alsdorf organisierte Ausstellung war an den Sonntagen im\u2008Februar (12.\/19.\/26.2.) von 11 bis 17 Uhr und auf Nachfrage ge\u00f6ffnet.<\/p>\n<p>Diese Ausstellung gab einen ersten Impuls f\u00fcr das Schaffrathhaus&#8230;<\/p>\n<div id='gallery-1' class='gallery galleryid-97 gallery-columns-3 gallery-size-thumbnail'><figure class='gallery-item'>\n\t\t\t<div class='gallery-icon landscape'>\n\t\t\t\t<a href='https:\/\/schaffrath-haus.com\/wp-content\/uploads\/2014\/02\/DSC00962.gif'><img loading=\"lazy\" decoding=\"async\" width=\"150\" height=\"150\" src=\"https:\/\/schaffrath-haus.com\/wp-content\/uploads\/2014\/02\/DSC00962-150x150.gif\" class=\"attachment-thumbnail size-thumbnail\" alt=\"\" \/><\/a>\n\t\t\t<\/div><\/figure><figure class='gallery-item'>\n\t\t\t<div class='gallery-icon landscape'>\n\t\t\t\t<a href='https:\/\/schaffrath-haus.com\/wp-content\/uploads\/2014\/02\/DSC04941.gif'><img loading=\"lazy\" decoding=\"async\" width=\"150\" height=\"150\" src=\"https:\/\/schaffrath-haus.com\/wp-content\/uploads\/2014\/02\/DSC04941-150x150.gif\" class=\"attachment-thumbnail size-thumbnail\" alt=\"\" \/><\/a>\n\t\t\t<\/div><\/figure><figure class='gallery-item'>\n\t\t\t<div class='gallery-icon landscape'>\n\t\t\t\t<a href='https:\/\/schaffrath-haus.com\/wp-content\/uploads\/2014\/02\/DSC04964.gif'><img loading=\"lazy\" decoding=\"async\" width=\"150\" height=\"150\" src=\"https:\/\/schaffrath-haus.com\/wp-content\/uploads\/2014\/02\/DSC04964-150x150.gif\" class=\"attachment-thumbnail size-thumbnail\" alt=\"\" \/><\/a>\n\t\t\t<\/div><\/figure><figure class='gallery-item'>\n\t\t\t<div class='gallery-icon landscape'>\n\t\t\t\t<a href='https:\/\/schaffrath-haus.com\/wp-content\/uploads\/2014\/02\/DSC05006.gif'><img loading=\"lazy\" decoding=\"async\" width=\"150\" height=\"150\" src=\"https:\/\/schaffrath-haus.com\/wp-content\/uploads\/2014\/02\/DSC05006-150x150.gif\" class=\"attachment-thumbnail size-thumbnail\" alt=\"\" \/><\/a>\n\t\t\t<\/div><\/figure><figure class='gallery-item'>\n\t\t\t<div class='gallery-icon landscape'>\n\t\t\t\t<a href='https:\/\/schaffrath-haus.com\/wp-content\/uploads\/2014\/02\/DSC04938.gif'><img loading=\"lazy\" decoding=\"async\" width=\"150\" height=\"150\" src=\"https:\/\/schaffrath-haus.com\/wp-content\/uploads\/2014\/02\/DSC04938-150x150.gif\" class=\"attachment-thumbnail size-thumbnail\" alt=\"\" \/><\/a>\n\t\t\t<\/div><\/figure><figure class='gallery-item'>\n\t\t\t<div class='gallery-icon landscape'>\n\t\t\t\t<a href='https:\/\/schaffrath-haus.com\/wp-content\/uploads\/2014\/02\/DSC05011.gif'><img loading=\"lazy\" decoding=\"async\" width=\"150\" height=\"150\" src=\"https:\/\/schaffrath-haus.com\/wp-content\/uploads\/2014\/02\/DSC05011-150x150.gif\" class=\"attachment-thumbnail size-thumbnail\" alt=\"\" \/><\/a>\n\t\t\t<\/div><\/figure><figure class='gallery-item'>\n\t\t\t<div class='gallery-icon landscape'>\n\t\t\t\t<a href='https:\/\/schaffrath-haus.com\/wp-content\/uploads\/2014\/02\/DSC05014.gif'><img loading=\"lazy\" decoding=\"async\" width=\"150\" height=\"150\" src=\"https:\/\/schaffrath-haus.com\/wp-content\/uploads\/2014\/02\/DSC05014-150x150.gif\" class=\"attachment-thumbnail size-thumbnail\" alt=\"\" \/><\/a>\n\t\t\t<\/div><\/figure><figure class='gallery-item'>\n\t\t\t<div class='gallery-icon landscape'>\n\t\t\t\t<a href='https:\/\/schaffrath-haus.com\/wp-content\/uploads\/2014\/02\/DSC04981.gif'><img loading=\"lazy\" decoding=\"async\" width=\"150\" height=\"150\" src=\"https:\/\/schaffrath-haus.com\/wp-content\/uploads\/2014\/02\/DSC04981-150x150.gif\" class=\"attachment-thumbnail size-thumbnail\" alt=\"\" \/><\/a>\n\t\t\t<\/div><\/figure>\n\t\t<\/div>\n\n<div id='gallery-2' class='gallery galleryid-97 gallery-columns-4 gallery-size-thumbnail'><figure class='gallery-item'>\n\t\t\t<div class='gallery-icon landscape'>\n\t\t\t\t<a href='https:\/\/schaffrath-haus.com\/wp-content\/uploads\/2014\/02\/P1370804.gif'><img loading=\"lazy\" decoding=\"async\" width=\"150\" height=\"150\" src=\"https:\/\/schaffrath-haus.com\/wp-content\/uploads\/2014\/02\/P1370804-150x150.gif\" class=\"attachment-thumbnail size-thumbnail\" alt=\"\" \/><\/a>\n\t\t\t<\/div><\/figure><figure class='gallery-item'>\n\t\t\t<div class='gallery-icon portrait'>\n\t\t\t\t<a href='https:\/\/schaffrath-haus.com\/wp-content\/uploads\/2014\/02\/P1350940.gif'><img loading=\"lazy\" decoding=\"async\" width=\"150\" height=\"150\" src=\"https:\/\/schaffrath-haus.com\/wp-content\/uploads\/2014\/02\/P1350940-150x150.gif\" class=\"attachment-thumbnail size-thumbnail\" alt=\"\" \/><\/a>\n\t\t\t<\/div><\/figure><figure class='gallery-item'>\n\t\t\t<div class='gallery-icon landscape'>\n\t\t\t\t<a href='https:\/\/schaffrath-haus.com\/wp-content\/uploads\/2014\/02\/Atelier-unten.gif'><img loading=\"lazy\" decoding=\"async\" width=\"150\" height=\"150\" src=\"https:\/\/schaffrath-haus.com\/wp-content\/uploads\/2014\/02\/Atelier-unten-150x150.gif\" class=\"attachment-thumbnail size-thumbnail\" alt=\"\" \/><\/a>\n\t\t\t<\/div><\/figure><figure class='gallery-item'>\n\t\t\t<div class='gallery-icon portrait'>\n\t\t\t\t<a href='https:\/\/schaffrath-haus.com\/wp-content\/uploads\/2014\/02\/P1370824.gif'><img loading=\"lazy\" decoding=\"async\" width=\"150\" height=\"150\" src=\"https:\/\/schaffrath-haus.com\/wp-content\/uploads\/2014\/02\/P1370824-150x150.gif\" class=\"attachment-thumbnail size-thumbnail\" alt=\"\" \/><\/a>\n\t\t\t<\/div><\/figure><figure class='gallery-item'>\n\t\t\t<div class='gallery-icon landscape'>\n\t\t\t\t<a href='https:\/\/schaffrath-haus.com\/wp-content\/uploads\/2014\/02\/P1370806.gif'><img loading=\"lazy\" decoding=\"async\" width=\"150\" height=\"150\" src=\"https:\/\/schaffrath-haus.com\/wp-content\/uploads\/2014\/02\/P1370806-150x150.gif\" class=\"attachment-thumbnail size-thumbnail\" alt=\"\" \/><\/a>\n\t\t\t<\/div><\/figure><figure class='gallery-item'>\n\t\t\t<div class='gallery-icon landscape'>\n\t\t\t\t<a href='https:\/\/schaffrath-haus.com\/wp-content\/uploads\/2014\/02\/P1350944.gif'><img loading=\"lazy\" decoding=\"async\" width=\"150\" height=\"150\" src=\"https:\/\/schaffrath-haus.com\/wp-content\/uploads\/2014\/02\/P1350944-150x150.gif\" class=\"attachment-thumbnail size-thumbnail\" alt=\"\" \/><\/a>\n\t\t\t<\/div><\/figure><figure class='gallery-item'>\n\t\t\t<div class='gallery-icon landscape'>\n\t\t\t\t<a href='https:\/\/schaffrath-haus.com\/wp-content\/uploads\/2014\/02\/P1350943.gif'><img loading=\"lazy\" decoding=\"async\" width=\"150\" height=\"150\" src=\"https:\/\/schaffrath-haus.com\/wp-content\/uploads\/2014\/02\/P1350943-150x150.gif\" class=\"attachment-thumbnail size-thumbnail\" alt=\"\" \/><\/a>\n\t\t\t<\/div><\/figure><figure class='gallery-item'>\n\t\t\t<div class='gallery-icon landscape'>\n\t\t\t\t<a href='https:\/\/schaffrath-haus.com\/wp-content\/uploads\/2014\/02\/P1390786.gif'><img loading=\"lazy\" decoding=\"async\" width=\"150\" height=\"150\" src=\"https:\/\/schaffrath-haus.com\/wp-content\/uploads\/2014\/02\/P1390786-150x150.gif\" class=\"attachment-thumbnail size-thumbnail\" alt=\"\" \/><\/a>\n\t\t\t<\/div><\/figure><figure class='gallery-item'>\n\t\t\t<div class='gallery-icon landscape'>\n\t\t\t\t<a href='https:\/\/schaffrath-haus.com\/wp-content\/uploads\/2014\/02\/P1370863.gif'><img loading=\"lazy\" decoding=\"async\" width=\"150\" height=\"150\" src=\"https:\/\/schaffrath-haus.com\/wp-content\/uploads\/2014\/02\/P1370863-150x150.gif\" class=\"attachment-thumbnail size-thumbnail\" alt=\"\" \/><\/a>\n\t\t\t<\/div><\/figure><figure class='gallery-item'>\n\t\t\t<div class='gallery-icon landscape'>\n\t\t\t\t<a href='https:\/\/schaffrath-haus.com\/wp-content\/uploads\/2014\/02\/P1370859.gif'><img loading=\"lazy\" decoding=\"async\" width=\"150\" height=\"150\" src=\"https:\/\/schaffrath-haus.com\/wp-content\/uploads\/2014\/02\/P1370859-150x150.gif\" class=\"attachment-thumbnail size-thumbnail\" alt=\"\" \/><\/a>\n\t\t\t<\/div><\/figure><figure class='gallery-item'>\n\t\t\t<div class='gallery-icon landscape'>\n\t\t\t\t<a href='https:\/\/schaffrath-haus.com\/wp-content\/uploads\/2014\/02\/P1370856.gif'><img loading=\"lazy\" decoding=\"async\" width=\"150\" height=\"150\" src=\"https:\/\/schaffrath-haus.com\/wp-content\/uploads\/2014\/02\/P1370856-150x150.gif\" class=\"attachment-thumbnail size-thumbnail\" alt=\"\" \/><\/a>\n\t\t\t<\/div><\/figure><figure class='gallery-item'>\n\t\t\t<div class='gallery-icon landscape'>\n\t\t\t\t<a href='https:\/\/schaffrath-haus.com\/wp-content\/uploads\/2014\/02\/P1370854.gif'><img loading=\"lazy\" decoding=\"async\" width=\"150\" height=\"150\" src=\"https:\/\/schaffrath-haus.com\/wp-content\/uploads\/2014\/02\/P1370854-150x150.gif\" class=\"attachment-thumbnail size-thumbnail\" alt=\"\" \/><\/a>\n\t\t\t<\/div><\/figure><figure class='gallery-item'>\n\t\t\t<div class='gallery-icon landscape'>\n\t\t\t\t<a href='https:\/\/schaffrath-haus.com\/wp-content\/uploads\/2014\/02\/P1370842.gif'><img loading=\"lazy\" decoding=\"async\" width=\"150\" height=\"150\" src=\"https:\/\/schaffrath-haus.com\/wp-content\/uploads\/2014\/02\/P1370842-150x150.gif\" class=\"attachment-thumbnail size-thumbnail\" alt=\"\" \/><\/a>\n\t\t\t<\/div><\/figure><figure class='gallery-item'>\n\t\t\t<div class='gallery-icon landscape'>\n\t\t\t\t<a href='https:\/\/schaffrath-haus.com\/wp-content\/uploads\/2014\/02\/P1370839.gif'><img loading=\"lazy\" decoding=\"async\" width=\"150\" height=\"150\" src=\"https:\/\/schaffrath-haus.com\/wp-content\/uploads\/2014\/02\/P1370839-150x150.gif\" class=\"attachment-thumbnail size-thumbnail\" alt=\"\" \/><\/a>\n\t\t\t<\/div><\/figure><figure class='gallery-item'>\n\t\t\t<div class='gallery-icon landscape'>\n\t\t\t\t<a href='https:\/\/schaffrath-haus.com\/wp-content\/uploads\/2014\/02\/P1370832.gif'><img loading=\"lazy\" decoding=\"async\" width=\"150\" height=\"150\" src=\"https:\/\/schaffrath-haus.com\/wp-content\/uploads\/2014\/02\/P1370832-150x150.gif\" class=\"attachment-thumbnail size-thumbnail\" alt=\"\" \/><\/a>\n\t\t\t<\/div><\/figure><figure class='gallery-item'>\n\t\t\t<div class='gallery-icon landscape'>\n\t\t\t\t<a href='https:\/\/schaffrath-haus.com\/wp-content\/uploads\/2014\/02\/P1370830.gif'><img loading=\"lazy\" decoding=\"async\" width=\"150\" height=\"150\" src=\"https:\/\/schaffrath-haus.com\/wp-content\/uploads\/2014\/02\/P1370830-150x150.gif\" class=\"attachment-thumbnail size-thumbnail\" alt=\"\" \/><\/a>\n\t\t\t<\/div><\/figure>\n\t\t<\/div>\n\n<p>Fotos: Marina Brants, Franz-Josef Kochs<\/p>\n","protected":false},"excerpt":{"rendered":"<p>Ludwig Schaffrath &#8211; Eine Ausstellung &amp; eine Idee Ludwig Schaffrath ist einer der gr\u00f6\u00dften Glask\u00fcnstler der Jahrhundertwende. Er schuf seine Licht durchfluteten Glasfenster nicht nur f\u00fcr Kirchen, sondern auch f\u00fcr Schulen, Kranken\u00adh\u00e4user, Rath\u00e4user, Museen, Bahnh\u00f6fe und Universit\u00e4ten weltweit &#8211; Ludwig Schaffrath. Nach seinem Tod wurde zu seinem Jahrged\u00e4chtnis in der Ofdener Paul-Gerhardt-Kirche eine Ausstellung seiner &hellip; <a href=\"https:\/\/schaffrath-haus.com\/?page_id=97\" class=\"more-link\"><span class=\"screen-reader-text\">Ludwig Schaffrath &#8211; eine Ausstellung &#038; eine Idee<\/span> weiterlesen <span class=\"meta-nav\">&rarr;<\/span><\/a><\/p>\n","protected":false},"author":1,"featured_media":0,"parent":3141,"menu_order":1,"comment_status":"closed","ping_status":"open","template":"","meta":{"footnotes":""},"class_list":["post-97","page","type-page","status-publish","hentry"],"_links":{"self":[{"href":"https:\/\/schaffrath-haus.com\/index.php?rest_route=\/wp\/v2\/pages\/97"}],"collection":[{"href":"https:\/\/schaffrath-haus.com\/index.php?rest_route=\/wp\/v2\/pages"}],"about":[{"href":"https:\/\/schaffrath-haus.com\/index.php?rest_route=\/wp\/v2\/types\/page"}],"author":[{"embeddable":true,"href":"https:\/\/schaffrath-haus.com\/index.php?rest_route=\/wp\/v2\/users\/1"}],"replies":[{"embeddable":true,"href":"https:\/\/schaffrath-haus.com\/index.php?rest_route=%2Fwp%2Fv2%2Fcomments&post=97"}],"version-history":[{"count":20,"href":"https:\/\/schaffrath-haus.com\/index.php?rest_route=\/wp\/v2\/pages\/97\/revisions"}],"predecessor-version":[{"id":4291,"href":"https:\/\/schaffrath-haus.com\/index.php?rest_route=\/wp\/v2\/pages\/97\/revisions\/4291"}],"up":[{"embeddable":true,"href":"https:\/\/schaffrath-haus.com\/index.php?rest_route=\/wp\/v2\/pages\/3141"}],"wp:attachment":[{"href":"https:\/\/schaffrath-haus.com\/index.php?rest_route=%2Fwp%2Fv2%2Fmedia&parent=97"}],"curies":[{"name":"wp","href":"https:\/\/api.w.org\/{rel}","templated":true}]}}