{"id":5208,"date":"2026-02-27T09:22:13","date_gmt":"2026-02-27T09:22:13","guid":{"rendered":"https:\/\/schaffrath-haus.com\/?page_id=5208"},"modified":"2026-02-27T10:09:55","modified_gmt":"2026-02-27T10:09:55","slug":"1-ausstellung-2026-von-brennwelten-und-brennweiten","status":"publish","type":"page","link":"https:\/\/schaffrath-haus.com\/?page_id=5208","title":{"rendered":"1. Ausstellung 2026: von Brennwelten und Brennweiten"},"content":{"rendered":"\n<figure class=\"wp-block-image size-large is-resized\"><a href=\"https:\/\/schaffrath-haus.com\/wp-content\/uploads\/2026\/02\/image-3.png\"><img loading=\"lazy\" decoding=\"async\" width=\"727\" height=\"1024\" src=\"https:\/\/schaffrath-haus.com\/wp-content\/uploads\/2026\/02\/image-3-727x1024.png\" alt=\"\" class=\"wp-image-5209\" style=\"width:726px;height:auto\" srcset=\"https:\/\/schaffrath-haus.com\/wp-content\/uploads\/2026\/02\/image-3-727x1024.png 727w, https:\/\/schaffrath-haus.com\/wp-content\/uploads\/2026\/02\/image-3-213x300.png 213w, https:\/\/schaffrath-haus.com\/wp-content\/uploads\/2026\/02\/image-3-768x1082.png 768w, https:\/\/schaffrath-haus.com\/wp-content\/uploads\/2026\/02\/image-3-1090x1536.png 1090w, https:\/\/schaffrath-haus.com\/wp-content\/uploads\/2026\/02\/image-3-1454x2048.png 1454w, https:\/\/schaffrath-haus.com\/wp-content\/uploads\/2026\/02\/image-3.png 1681w\" sizes=\"(max-width: 727px) 100vw, 727px\" \/><\/a><\/figure>\n\n\n\n<p>Brennwelten und Brennweiten werden hier zu einem \u00fcbergreifenden Prinzip: In den Arbeiten aller drei Positionen wird durch Energie, Formgebung und Blickentscheidung Material gestaltet und Wahrnehmung bewusst gelenkt.<\/p>\n\n\n\n<p>Feuer und Flamme verbinden die Arbeitstechniken von <strong>Angelika und&nbsp;<\/strong><\/p>\n\n\n\n<p><strong>Heinrich Keller<\/strong>: Ohne dieses Medium w\u00e4re der Ton nicht zu seiner H\u00e4rte und Dauerhaftigkeit zu f\u00fchren,&nbsp;w\u00e4re der Stahl nicht zu formen, zu trennen und zu verbinden. Insoweit sind die Werke des K\u00fcnstlerpaares in ihrem Werdegang&nbsp;verwandten&nbsp;Prozessen ausgesetzt gewesen und sind zudem \u00e4hnlichen Ursprungs, n\u00e4mlich als&nbsp;Rohmaterial unmittelbar der Erde entnommen, als Ton oder als Erz. Stets spiegelt die Gestaltung von keramischen und st\u00e4hlernen Arbeiten&nbsp;ein von Respekt gepr\u00e4gtes Spiel mit den Elementen wieder.<\/p>\n\n\n\n<p>In seiner Arbeit untersucht <strong>G\u00fcnther Kr\u00f2l<\/strong> Orte, die von Zeit, Nutzung und Verfall gepr\u00e4gt sind. Alte Industrieanlagen, verlassene R\u00e4ume und gepr\u00e4gte Landschaften stehen im Fokus seiner Bildserie. Die bewusste Wahl der Brennweite bestimmt Bildwinkel, Perspektive und r\u00e4umliche Wirkung. Komposition und Lichtf\u00fchrung strukturieren die Fotografien und machen Stimmungen wie Stille, Spannung oder Melancholie sichtbar. Kr\u00f2ls Bilder laden zum genauen Hinschauen ein.<\/p>\n","protected":false},"excerpt":{"rendered":"<p>Brennwelten und Brennweiten werden hier zu einem \u00fcbergreifenden Prinzip: In den Arbeiten aller drei Positionen wird durch Energie, Formgebung und Blickentscheidung Material gestaltet und Wahrnehmung bewusst gelenkt. Feuer und Flamme verbinden die Arbeitstechniken von Angelika und&nbsp; Heinrich Keller: Ohne dieses Medium w\u00e4re der Ton nicht zu seiner H\u00e4rte und Dauerhaftigkeit zu f\u00fchren,&nbsp;w\u00e4re der Stahl nicht &hellip; <a href=\"https:\/\/schaffrath-haus.com\/?page_id=5208\" class=\"more-link\"><span class=\"screen-reader-text\">1. Ausstellung 2026: von Brennwelten und Brennweiten<\/span> weiterlesen <span class=\"meta-nav\">&rarr;<\/span><\/a><\/p>\n","protected":false},"author":1,"featured_media":0,"parent":0,"menu_order":0,"comment_status":"closed","ping_status":"closed","template":"","meta":{"footnotes":""},"class_list":["post-5208","page","type-page","status-publish","hentry"],"_links":{"self":[{"href":"https:\/\/schaffrath-haus.com\/index.php?rest_route=\/wp\/v2\/pages\/5208"}],"collection":[{"href":"https:\/\/schaffrath-haus.com\/index.php?rest_route=\/wp\/v2\/pages"}],"about":[{"href":"https:\/\/schaffrath-haus.com\/index.php?rest_route=\/wp\/v2\/types\/page"}],"author":[{"embeddable":true,"href":"https:\/\/schaffrath-haus.com\/index.php?rest_route=\/wp\/v2\/users\/1"}],"replies":[{"embeddable":true,"href":"https:\/\/schaffrath-haus.com\/index.php?rest_route=%2Fwp%2Fv2%2Fcomments&post=5208"}],"version-history":[{"count":2,"href":"https:\/\/schaffrath-haus.com\/index.php?rest_route=\/wp\/v2\/pages\/5208\/revisions"}],"predecessor-version":[{"id":5214,"href":"https:\/\/schaffrath-haus.com\/index.php?rest_route=\/wp\/v2\/pages\/5208\/revisions\/5214"}],"wp:attachment":[{"href":"https:\/\/schaffrath-haus.com\/index.php?rest_route=%2Fwp%2Fv2%2Fmedia&parent=5208"}],"curies":[{"name":"wp","href":"https:\/\/api.w.org\/{rel}","templated":true}]}}