{"id":4784,"date":"2025-01-18T09:52:37","date_gmt":"2025-01-18T09:52:37","guid":{"rendered":"https:\/\/schaffrath-haus.com\/wp\/?page_id=4784"},"modified":"2025-04-18T11:47:31","modified_gmt":"2025-04-18T11:47:31","slug":"06-04-2025-ausstellung-alte-dorfschule-kunst-von-kindern-geschaffen","status":"publish","type":"page","link":"https:\/\/schaffrath-haus.com\/?page_id=4784","title":{"rendered":"06.04.2025, Ausstellung: Alte Dorfschule Alsdorf, Kunst \u2013 von Kindern geschaffen!"},"content":{"rendered":"\n<p>Die Alte Dorfschule Alsdorf zeigt die vielf\u00e4ltigen Werke ihrer Kinder. Hinweis: Die Ausstellung geht nur 1 Tag lang, von 11:30 &#8211; 16:00 Uhr.<\/p>\n\n\n\n<p>Begr\u00fcssung: Renate Rinkens, Vorsitzende F\u00f6rderverein Schaffrathhaus<\/p>\n\n\n\n<p>Begr\u00fc\u00dfung: Tim Kr\u00e4mer, Sozialdezernent der Stadt Alsdorf<\/p>\n\n\n<div class=\"wp-block-image\">\n<figure class=\"aligncenter size-full\"><a href=\"https:\/\/schaffrath-haus.com\/wp-content\/uploads\/2025\/01\/dorf.jpg\"><img loading=\"lazy\" decoding=\"async\" width=\"410\" height=\"580\" src=\"https:\/\/schaffrath-haus.com\/wp-content\/uploads\/2025\/01\/dorf.jpg\" alt=\"\" class=\"wp-image-4785\" srcset=\"https:\/\/schaffrath-haus.com\/wp-content\/uploads\/2025\/01\/dorf.jpg 410w, https:\/\/schaffrath-haus.com\/wp-content\/uploads\/2025\/01\/dorf-212x300.jpg 212w\" sizes=\"(max-width: 410px) 100vw, 410px\" \/><\/a><\/figure><\/div>\n\n\n<figure class=\"wp-block-gallery has-nested-images columns-default is-cropped wp-block-gallery-1 is-layout-flex wp-block-gallery-is-layout-flex\">\n<figure class=\"wp-block-image size-large\"><a href=\"https:\/\/schaffrath-haus.com\/wp-content\/uploads\/2025\/04\/IMG_3850_fullres.jpg\"><img loading=\"lazy\" decoding=\"async\" width=\"1024\" height=\"683\" data-id=\"4931\" src=\"https:\/\/schaffrath-haus.com\/wp-content\/uploads\/2025\/04\/IMG_3850_fullres-1024x683.jpg\" alt=\"\" class=\"wp-image-4931\" srcset=\"https:\/\/schaffrath-haus.com\/wp-content\/uploads\/2025\/04\/IMG_3850_fullres-1024x683.jpg 1024w, https:\/\/schaffrath-haus.com\/wp-content\/uploads\/2025\/04\/IMG_3850_fullres-300x200.jpg 300w, https:\/\/schaffrath-haus.com\/wp-content\/uploads\/2025\/04\/IMG_3850_fullres-768x512.jpg 768w, https:\/\/schaffrath-haus.com\/wp-content\/uploads\/2025\/04\/IMG_3850_fullres-1536x1024.jpg 1536w, https:\/\/schaffrath-haus.com\/wp-content\/uploads\/2025\/04\/IMG_3850_fullres.jpg 1600w\" sizes=\"(max-width: 1024px) 100vw, 1024px\" \/><\/a><\/figure>\n\n\n\n<figure class=\"wp-block-image size-large\"><a href=\"https:\/\/schaffrath-haus.com\/wp-content\/uploads\/2025\/04\/IMG_3852_fullres.jpg\"><img loading=\"lazy\" decoding=\"async\" width=\"778\" height=\"1024\" data-id=\"4947\" src=\"https:\/\/schaffrath-haus.com\/wp-content\/uploads\/2025\/04\/IMG_3852_fullres-778x1024.jpg\" alt=\"\" class=\"wp-image-4947\" srcset=\"https:\/\/schaffrath-haus.com\/wp-content\/uploads\/2025\/04\/IMG_3852_fullres-778x1024.jpg 778w, https:\/\/schaffrath-haus.com\/wp-content\/uploads\/2025\/04\/IMG_3852_fullres-228x300.jpg 228w, https:\/\/schaffrath-haus.com\/wp-content\/uploads\/2025\/04\/IMG_3852_fullres-768x1011.jpg 768w, https:\/\/schaffrath-haus.com\/wp-content\/uploads\/2025\/04\/IMG_3852_fullres-1166x1536.jpg 1166w, https:\/\/schaffrath-haus.com\/wp-content\/uploads\/2025\/04\/IMG_3852_fullres.jpg 1215w\" sizes=\"(max-width: 778px) 100vw, 778px\" \/><\/a><\/figure>\n\n\n\n<figure class=\"wp-block-image size-large\"><a href=\"https:\/\/schaffrath-haus.com\/wp-content\/uploads\/2025\/04\/IMG_3859_fullres.jpg\"><img loading=\"lazy\" decoding=\"async\" width=\"1024\" height=\"683\" data-id=\"4945\" src=\"https:\/\/schaffrath-haus.com\/wp-content\/uploads\/2025\/04\/IMG_3859_fullres-1024x683.jpg\" alt=\"\" class=\"wp-image-4945\" srcset=\"https:\/\/schaffrath-haus.com\/wp-content\/uploads\/2025\/04\/IMG_3859_fullres-1024x683.jpg 1024w, https:\/\/schaffrath-haus.com\/wp-content\/uploads\/2025\/04\/IMG_3859_fullres-300x200.jpg 300w, https:\/\/schaffrath-haus.com\/wp-content\/uploads\/2025\/04\/IMG_3859_fullres-768x512.jpg 768w, https:\/\/schaffrath-haus.com\/wp-content\/uploads\/2025\/04\/IMG_3859_fullres-1536x1024.jpg 1536w, https:\/\/schaffrath-haus.com\/wp-content\/uploads\/2025\/04\/IMG_3859_fullres.jpg 1600w\" sizes=\"(max-width: 1024px) 100vw, 1024px\" \/><\/a><\/figure>\n\n\n\n<figure class=\"wp-block-image size-large\"><a href=\"https:\/\/schaffrath-haus.com\/wp-content\/uploads\/2025\/04\/IMG_3861_fullres.jpg\"><img loading=\"lazy\" decoding=\"async\" width=\"1024\" height=\"683\" data-id=\"4949\" src=\"https:\/\/schaffrath-haus.com\/wp-content\/uploads\/2025\/04\/IMG_3861_fullres-1024x683.jpg\" alt=\"\" class=\"wp-image-4949\" srcset=\"https:\/\/schaffrath-haus.com\/wp-content\/uploads\/2025\/04\/IMG_3861_fullres-1024x683.jpg 1024w, https:\/\/schaffrath-haus.com\/wp-content\/uploads\/2025\/04\/IMG_3861_fullres-300x200.jpg 300w, https:\/\/schaffrath-haus.com\/wp-content\/uploads\/2025\/04\/IMG_3861_fullres-768x512.jpg 768w, https:\/\/schaffrath-haus.com\/wp-content\/uploads\/2025\/04\/IMG_3861_fullres-1536x1024.jpg 1536w, https:\/\/schaffrath-haus.com\/wp-content\/uploads\/2025\/04\/IMG_3861_fullres.jpg 1600w\" sizes=\"(max-width: 1024px) 100vw, 1024px\" \/><\/a><\/figure>\n\n\n\n<figure class=\"wp-block-image size-large\"><a href=\"https:\/\/schaffrath-haus.com\/wp-content\/uploads\/2025\/04\/IMG_3868_fullres.jpg\"><img loading=\"lazy\" decoding=\"async\" width=\"1024\" height=\"683\" data-id=\"4942\" src=\"https:\/\/schaffrath-haus.com\/wp-content\/uploads\/2025\/04\/IMG_3868_fullres-1024x683.jpg\" alt=\"\" class=\"wp-image-4942\" srcset=\"https:\/\/schaffrath-haus.com\/wp-content\/uploads\/2025\/04\/IMG_3868_fullres-1024x683.jpg 1024w, https:\/\/schaffrath-haus.com\/wp-content\/uploads\/2025\/04\/IMG_3868_fullres-300x200.jpg 300w, https:\/\/schaffrath-haus.com\/wp-content\/uploads\/2025\/04\/IMG_3868_fullres-768x512.jpg 768w, https:\/\/schaffrath-haus.com\/wp-content\/uploads\/2025\/04\/IMG_3868_fullres-1536x1024.jpg 1536w, https:\/\/schaffrath-haus.com\/wp-content\/uploads\/2025\/04\/IMG_3868_fullres.jpg 1600w\" sizes=\"(max-width: 1024px) 100vw, 1024px\" \/><\/a><\/figure>\n\n\n\n<figure class=\"wp-block-image size-large\"><a href=\"https:\/\/schaffrath-haus.com\/wp-content\/uploads\/2025\/04\/IMG_3869_fullres.jpg\"><img loading=\"lazy\" decoding=\"async\" width=\"1024\" height=\"683\" data-id=\"4951\" src=\"https:\/\/schaffrath-haus.com\/wp-content\/uploads\/2025\/04\/IMG_3869_fullres-1024x683.jpg\" alt=\"\" class=\"wp-image-4951\" srcset=\"https:\/\/schaffrath-haus.com\/wp-content\/uploads\/2025\/04\/IMG_3869_fullres-1024x683.jpg 1024w, https:\/\/schaffrath-haus.com\/wp-content\/uploads\/2025\/04\/IMG_3869_fullres-300x200.jpg 300w, https:\/\/schaffrath-haus.com\/wp-content\/uploads\/2025\/04\/IMG_3869_fullres-768x512.jpg 768w, https:\/\/schaffrath-haus.com\/wp-content\/uploads\/2025\/04\/IMG_3869_fullres-1536x1024.jpg 1536w, https:\/\/schaffrath-haus.com\/wp-content\/uploads\/2025\/04\/IMG_3869_fullres.jpg 1600w\" sizes=\"(max-width: 1024px) 100vw, 1024px\" \/><\/a><\/figure>\n\n\n\n<figure class=\"wp-block-image size-large\"><a href=\"https:\/\/schaffrath-haus.com\/wp-content\/uploads\/2025\/04\/IMG_3872_fullres.jpg\"><img loading=\"lazy\" decoding=\"async\" width=\"1024\" height=\"683\" data-id=\"4948\" src=\"https:\/\/schaffrath-haus.com\/wp-content\/uploads\/2025\/04\/IMG_3872_fullres-1024x683.jpg\" alt=\"\" class=\"wp-image-4948\" srcset=\"https:\/\/schaffrath-haus.com\/wp-content\/uploads\/2025\/04\/IMG_3872_fullres-1024x683.jpg 1024w, https:\/\/schaffrath-haus.com\/wp-content\/uploads\/2025\/04\/IMG_3872_fullres-300x200.jpg 300w, https:\/\/schaffrath-haus.com\/wp-content\/uploads\/2025\/04\/IMG_3872_fullres-768x512.jpg 768w, https:\/\/schaffrath-haus.com\/wp-content\/uploads\/2025\/04\/IMG_3872_fullres-1536x1024.jpg 1536w, https:\/\/schaffrath-haus.com\/wp-content\/uploads\/2025\/04\/IMG_3872_fullres.jpg 1600w\" sizes=\"(max-width: 1024px) 100vw, 1024px\" \/><\/a><\/figure>\n\n\n\n<figure class=\"wp-block-image size-large\"><a href=\"https:\/\/schaffrath-haus.com\/wp-content\/uploads\/2025\/04\/IMG_3873_fullres.jpg\"><img loading=\"lazy\" decoding=\"async\" width=\"1024\" height=\"683\" data-id=\"4950\" src=\"https:\/\/schaffrath-haus.com\/wp-content\/uploads\/2025\/04\/IMG_3873_fullres-1024x683.jpg\" alt=\"\" class=\"wp-image-4950\" srcset=\"https:\/\/schaffrath-haus.com\/wp-content\/uploads\/2025\/04\/IMG_3873_fullres-1024x683.jpg 1024w, https:\/\/schaffrath-haus.com\/wp-content\/uploads\/2025\/04\/IMG_3873_fullres-300x200.jpg 300w, https:\/\/schaffrath-haus.com\/wp-content\/uploads\/2025\/04\/IMG_3873_fullres-768x512.jpg 768w, https:\/\/schaffrath-haus.com\/wp-content\/uploads\/2025\/04\/IMG_3873_fullres-1536x1024.jpg 1536w, https:\/\/schaffrath-haus.com\/wp-content\/uploads\/2025\/04\/IMG_3873_fullres.jpg 1600w\" sizes=\"(max-width: 1024px) 100vw, 1024px\" \/><\/a><\/figure>\n\n\n\n<figure class=\"wp-block-image size-large\"><a href=\"https:\/\/schaffrath-haus.com\/wp-content\/uploads\/2025\/04\/IMG_3875_fullres.jpg\"><img loading=\"lazy\" decoding=\"async\" width=\"1024\" height=\"683\" data-id=\"4946\" src=\"https:\/\/schaffrath-haus.com\/wp-content\/uploads\/2025\/04\/IMG_3875_fullres-1024x683.jpg\" alt=\"\" class=\"wp-image-4946\" srcset=\"https:\/\/schaffrath-haus.com\/wp-content\/uploads\/2025\/04\/IMG_3875_fullres-1024x683.jpg 1024w, https:\/\/schaffrath-haus.com\/wp-content\/uploads\/2025\/04\/IMG_3875_fullres-300x200.jpg 300w, https:\/\/schaffrath-haus.com\/wp-content\/uploads\/2025\/04\/IMG_3875_fullres-768x512.jpg 768w, https:\/\/schaffrath-haus.com\/wp-content\/uploads\/2025\/04\/IMG_3875_fullres-1536x1024.jpg 1536w, https:\/\/schaffrath-haus.com\/wp-content\/uploads\/2025\/04\/IMG_3875_fullres.jpg 1600w\" sizes=\"(max-width: 1024px) 100vw, 1024px\" \/><\/a><\/figure>\n\n\n\n<figure class=\"wp-block-image size-large\"><a href=\"https:\/\/schaffrath-haus.com\/wp-content\/uploads\/2025\/04\/IMG_3879_fullres.jpg\"><img loading=\"lazy\" decoding=\"async\" width=\"1024\" height=\"683\" data-id=\"4934\" src=\"https:\/\/schaffrath-haus.com\/wp-content\/uploads\/2025\/04\/IMG_3879_fullres-1024x683.jpg\" alt=\"\" class=\"wp-image-4934\" srcset=\"https:\/\/schaffrath-haus.com\/wp-content\/uploads\/2025\/04\/IMG_3879_fullres-1024x683.jpg 1024w, https:\/\/schaffrath-haus.com\/wp-content\/uploads\/2025\/04\/IMG_3879_fullres-300x200.jpg 300w, https:\/\/schaffrath-haus.com\/wp-content\/uploads\/2025\/04\/IMG_3879_fullres-768x512.jpg 768w, https:\/\/schaffrath-haus.com\/wp-content\/uploads\/2025\/04\/IMG_3879_fullres-1536x1024.jpg 1536w, https:\/\/schaffrath-haus.com\/wp-content\/uploads\/2025\/04\/IMG_3879_fullres.jpg 1600w\" sizes=\"(max-width: 1024px) 100vw, 1024px\" \/><\/a><\/figure>\n\n\n\n<figure class=\"wp-block-image size-large\"><a href=\"https:\/\/schaffrath-haus.com\/wp-content\/uploads\/2025\/04\/IMG_3884_fullres.jpg\"><img loading=\"lazy\" decoding=\"async\" width=\"1024\" height=\"683\" data-id=\"4932\" src=\"https:\/\/schaffrath-haus.com\/wp-content\/uploads\/2025\/04\/IMG_3884_fullres-1024x683.jpg\" alt=\"\" class=\"wp-image-4932\" srcset=\"https:\/\/schaffrath-haus.com\/wp-content\/uploads\/2025\/04\/IMG_3884_fullres-1024x683.jpg 1024w, https:\/\/schaffrath-haus.com\/wp-content\/uploads\/2025\/04\/IMG_3884_fullres-300x200.jpg 300w, https:\/\/schaffrath-haus.com\/wp-content\/uploads\/2025\/04\/IMG_3884_fullres-768x512.jpg 768w, https:\/\/schaffrath-haus.com\/wp-content\/uploads\/2025\/04\/IMG_3884_fullres-1536x1024.jpg 1536w, https:\/\/schaffrath-haus.com\/wp-content\/uploads\/2025\/04\/IMG_3884_fullres.jpg 1600w\" sizes=\"(max-width: 1024px) 100vw, 1024px\" \/><\/a><\/figure>\n\n\n\n<figure class=\"wp-block-image size-large\"><a href=\"https:\/\/schaffrath-haus.com\/wp-content\/uploads\/2025\/04\/IMG_3887_fullres.jpg\"><img loading=\"lazy\" decoding=\"async\" width=\"1024\" height=\"683\" data-id=\"4933\" src=\"https:\/\/schaffrath-haus.com\/wp-content\/uploads\/2025\/04\/IMG_3887_fullres-1024x683.jpg\" alt=\"\" class=\"wp-image-4933\" srcset=\"https:\/\/schaffrath-haus.com\/wp-content\/uploads\/2025\/04\/IMG_3887_fullres-1024x683.jpg 1024w, https:\/\/schaffrath-haus.com\/wp-content\/uploads\/2025\/04\/IMG_3887_fullres-300x200.jpg 300w, https:\/\/schaffrath-haus.com\/wp-content\/uploads\/2025\/04\/IMG_3887_fullres-768x512.jpg 768w, https:\/\/schaffrath-haus.com\/wp-content\/uploads\/2025\/04\/IMG_3887_fullres-1536x1024.jpg 1536w, https:\/\/schaffrath-haus.com\/wp-content\/uploads\/2025\/04\/IMG_3887_fullres.jpg 1600w\" sizes=\"(max-width: 1024px) 100vw, 1024px\" \/><\/a><\/figure>\n\n\n\n<figure class=\"wp-block-image size-large\"><a href=\"https:\/\/schaffrath-haus.com\/wp-content\/uploads\/2025\/04\/IMG_3889_fullres.jpg\"><img loading=\"lazy\" decoding=\"async\" width=\"1024\" height=\"683\" data-id=\"4935\" src=\"https:\/\/schaffrath-haus.com\/wp-content\/uploads\/2025\/04\/IMG_3889_fullres-1024x683.jpg\" alt=\"\" class=\"wp-image-4935\" srcset=\"https:\/\/schaffrath-haus.com\/wp-content\/uploads\/2025\/04\/IMG_3889_fullres-1024x683.jpg 1024w, https:\/\/schaffrath-haus.com\/wp-content\/uploads\/2025\/04\/IMG_3889_fullres-300x200.jpg 300w, https:\/\/schaffrath-haus.com\/wp-content\/uploads\/2025\/04\/IMG_3889_fullres-768x512.jpg 768w, https:\/\/schaffrath-haus.com\/wp-content\/uploads\/2025\/04\/IMG_3889_fullres-1536x1024.jpg 1536w, https:\/\/schaffrath-haus.com\/wp-content\/uploads\/2025\/04\/IMG_3889_fullres.jpg 1600w\" sizes=\"(max-width: 1024px) 100vw, 1024px\" \/><\/a><\/figure>\n\n\n\n<figure class=\"wp-block-image size-large\"><a href=\"https:\/\/schaffrath-haus.com\/wp-content\/uploads\/2025\/04\/IMG_3896_fullres.jpg\"><img loading=\"lazy\" decoding=\"async\" width=\"1024\" height=\"683\" data-id=\"4936\" src=\"https:\/\/schaffrath-haus.com\/wp-content\/uploads\/2025\/04\/IMG_3896_fullres-1024x683.jpg\" alt=\"\" class=\"wp-image-4936\" srcset=\"https:\/\/schaffrath-haus.com\/wp-content\/uploads\/2025\/04\/IMG_3896_fullres-1024x683.jpg 1024w, https:\/\/schaffrath-haus.com\/wp-content\/uploads\/2025\/04\/IMG_3896_fullres-300x200.jpg 300w, https:\/\/schaffrath-haus.com\/wp-content\/uploads\/2025\/04\/IMG_3896_fullres-768x512.jpg 768w, https:\/\/schaffrath-haus.com\/wp-content\/uploads\/2025\/04\/IMG_3896_fullres-1536x1024.jpg 1536w, https:\/\/schaffrath-haus.com\/wp-content\/uploads\/2025\/04\/IMG_3896_fullres.jpg 1600w\" sizes=\"(max-width: 1024px) 100vw, 1024px\" \/><\/a><\/figure>\n\n\n\n<figure class=\"wp-block-image size-large\"><a href=\"https:\/\/schaffrath-haus.com\/wp-content\/uploads\/2025\/04\/IMG_3901_fullres.jpg\"><img loading=\"lazy\" decoding=\"async\" width=\"1024\" height=\"683\" data-id=\"4937\" src=\"https:\/\/schaffrath-haus.com\/wp-content\/uploads\/2025\/04\/IMG_3901_fullres-1024x683.jpg\" alt=\"\" class=\"wp-image-4937\" srcset=\"https:\/\/schaffrath-haus.com\/wp-content\/uploads\/2025\/04\/IMG_3901_fullres-1024x683.jpg 1024w, https:\/\/schaffrath-haus.com\/wp-content\/uploads\/2025\/04\/IMG_3901_fullres-300x200.jpg 300w, https:\/\/schaffrath-haus.com\/wp-content\/uploads\/2025\/04\/IMG_3901_fullres-768x512.jpg 768w, https:\/\/schaffrath-haus.com\/wp-content\/uploads\/2025\/04\/IMG_3901_fullres-1536x1024.jpg 1536w, https:\/\/schaffrath-haus.com\/wp-content\/uploads\/2025\/04\/IMG_3901_fullres.jpg 1600w\" sizes=\"(max-width: 1024px) 100vw, 1024px\" \/><\/a><\/figure>\n\n\n\n<figure class=\"wp-block-image size-large\"><a href=\"https:\/\/schaffrath-haus.com\/wp-content\/uploads\/2025\/04\/IMG_3911_fullres.jpg\"><img loading=\"lazy\" decoding=\"async\" width=\"1024\" height=\"683\" data-id=\"4938\" src=\"https:\/\/schaffrath-haus.com\/wp-content\/uploads\/2025\/04\/IMG_3911_fullres-1024x683.jpg\" alt=\"\" class=\"wp-image-4938\" srcset=\"https:\/\/schaffrath-haus.com\/wp-content\/uploads\/2025\/04\/IMG_3911_fullres-1024x683.jpg 1024w, https:\/\/schaffrath-haus.com\/wp-content\/uploads\/2025\/04\/IMG_3911_fullres-300x200.jpg 300w, https:\/\/schaffrath-haus.com\/wp-content\/uploads\/2025\/04\/IMG_3911_fullres-768x512.jpg 768w, https:\/\/schaffrath-haus.com\/wp-content\/uploads\/2025\/04\/IMG_3911_fullres-1536x1024.jpg 1536w, https:\/\/schaffrath-haus.com\/wp-content\/uploads\/2025\/04\/IMG_3911_fullres.jpg 1600w\" sizes=\"(max-width: 1024px) 100vw, 1024px\" \/><\/a><\/figure>\n\n\n\n<figure class=\"wp-block-image size-large\"><a href=\"https:\/\/schaffrath-haus.com\/wp-content\/uploads\/2025\/04\/IMG_3914_fullres.jpg\"><img loading=\"lazy\" decoding=\"async\" width=\"1024\" height=\"683\" data-id=\"4939\" src=\"https:\/\/schaffrath-haus.com\/wp-content\/uploads\/2025\/04\/IMG_3914_fullres-1024x683.jpg\" alt=\"\" class=\"wp-image-4939\" srcset=\"https:\/\/schaffrath-haus.com\/wp-content\/uploads\/2025\/04\/IMG_3914_fullres-1024x683.jpg 1024w, https:\/\/schaffrath-haus.com\/wp-content\/uploads\/2025\/04\/IMG_3914_fullres-300x200.jpg 300w, https:\/\/schaffrath-haus.com\/wp-content\/uploads\/2025\/04\/IMG_3914_fullres-768x512.jpg 768w, https:\/\/schaffrath-haus.com\/wp-content\/uploads\/2025\/04\/IMG_3914_fullres-1536x1024.jpg 1536w, https:\/\/schaffrath-haus.com\/wp-content\/uploads\/2025\/04\/IMG_3914_fullres.jpg 1600w\" sizes=\"(max-width: 1024px) 100vw, 1024px\" \/><\/a><\/figure>\n\n\n\n<figure class=\"wp-block-image size-large\"><a href=\"https:\/\/schaffrath-haus.com\/wp-content\/uploads\/2025\/04\/IMG_3917_fullres.jpg\"><img loading=\"lazy\" decoding=\"async\" width=\"1024\" height=\"683\" data-id=\"4943\" src=\"https:\/\/schaffrath-haus.com\/wp-content\/uploads\/2025\/04\/IMG_3917_fullres-1024x683.jpg\" alt=\"\" class=\"wp-image-4943\" srcset=\"https:\/\/schaffrath-haus.com\/wp-content\/uploads\/2025\/04\/IMG_3917_fullres-1024x683.jpg 1024w, https:\/\/schaffrath-haus.com\/wp-content\/uploads\/2025\/04\/IMG_3917_fullres-300x200.jpg 300w, https:\/\/schaffrath-haus.com\/wp-content\/uploads\/2025\/04\/IMG_3917_fullres-768x512.jpg 768w, https:\/\/schaffrath-haus.com\/wp-content\/uploads\/2025\/04\/IMG_3917_fullres-1536x1024.jpg 1536w, https:\/\/schaffrath-haus.com\/wp-content\/uploads\/2025\/04\/IMG_3917_fullres.jpg 1600w\" sizes=\"(max-width: 1024px) 100vw, 1024px\" \/><\/a><\/figure>\n\n\n\n<figure class=\"wp-block-image size-large\"><a href=\"https:\/\/schaffrath-haus.com\/wp-content\/uploads\/2025\/04\/IMG_3921_fullres.jpg\"><img loading=\"lazy\" decoding=\"async\" width=\"1024\" height=\"683\" data-id=\"4944\" src=\"https:\/\/schaffrath-haus.com\/wp-content\/uploads\/2025\/04\/IMG_3921_fullres-1024x683.jpg\" alt=\"\" class=\"wp-image-4944\" srcset=\"https:\/\/schaffrath-haus.com\/wp-content\/uploads\/2025\/04\/IMG_3921_fullres-1024x683.jpg 1024w, https:\/\/schaffrath-haus.com\/wp-content\/uploads\/2025\/04\/IMG_3921_fullres-300x200.jpg 300w, https:\/\/schaffrath-haus.com\/wp-content\/uploads\/2025\/04\/IMG_3921_fullres-768x512.jpg 768w, https:\/\/schaffrath-haus.com\/wp-content\/uploads\/2025\/04\/IMG_3921_fullres-1536x1024.jpg 1536w, https:\/\/schaffrath-haus.com\/wp-content\/uploads\/2025\/04\/IMG_3921_fullres.jpg 1600w\" sizes=\"(max-width: 1024px) 100vw, 1024px\" \/><\/a><\/figure>\n\n\n\n<figure class=\"wp-block-image size-large\"><a href=\"https:\/\/schaffrath-haus.com\/wp-content\/uploads\/2025\/04\/IMG_3924_fullres.jpg\"><img loading=\"lazy\" decoding=\"async\" width=\"1024\" height=\"683\" data-id=\"4941\" src=\"https:\/\/schaffrath-haus.com\/wp-content\/uploads\/2025\/04\/IMG_3924_fullres-1024x683.jpg\" alt=\"\" class=\"wp-image-4941\" srcset=\"https:\/\/schaffrath-haus.com\/wp-content\/uploads\/2025\/04\/IMG_3924_fullres-1024x683.jpg 1024w, https:\/\/schaffrath-haus.com\/wp-content\/uploads\/2025\/04\/IMG_3924_fullres-300x200.jpg 300w, https:\/\/schaffrath-haus.com\/wp-content\/uploads\/2025\/04\/IMG_3924_fullres-768x512.jpg 768w, https:\/\/schaffrath-haus.com\/wp-content\/uploads\/2025\/04\/IMG_3924_fullres-1536x1024.jpg 1536w, https:\/\/schaffrath-haus.com\/wp-content\/uploads\/2025\/04\/IMG_3924_fullres.jpg 1600w\" sizes=\"(max-width: 1024px) 100vw, 1024px\" \/><\/a><\/figure>\n\n\n\n<figure class=\"wp-block-image size-large\"><a href=\"https:\/\/schaffrath-haus.com\/wp-content\/uploads\/2025\/04\/IMG_3927_fullres.jpg\"><img loading=\"lazy\" decoding=\"async\" width=\"1024\" height=\"683\" data-id=\"4940\" src=\"https:\/\/schaffrath-haus.com\/wp-content\/uploads\/2025\/04\/IMG_3927_fullres-1024x683.jpg\" alt=\"\" class=\"wp-image-4940\" srcset=\"https:\/\/schaffrath-haus.com\/wp-content\/uploads\/2025\/04\/IMG_3927_fullres-1024x683.jpg 1024w, https:\/\/schaffrath-haus.com\/wp-content\/uploads\/2025\/04\/IMG_3927_fullres-300x200.jpg 300w, https:\/\/schaffrath-haus.com\/wp-content\/uploads\/2025\/04\/IMG_3927_fullres-768x512.jpg 768w, https:\/\/schaffrath-haus.com\/wp-content\/uploads\/2025\/04\/IMG_3927_fullres-1536x1024.jpg 1536w, https:\/\/schaffrath-haus.com\/wp-content\/uploads\/2025\/04\/IMG_3927_fullres.jpg 1600w\" sizes=\"(max-width: 1024px) 100vw, 1024px\" \/><\/a><\/figure>\n<\/figure>\n\n\n\n<p class=\"has-small-font-size\">Fotos: Dietmar Busch<\/p>\n\n\n\n<p><\/p>\n","protected":false},"excerpt":{"rendered":"<p>Die Alte Dorfschule Alsdorf zeigt die vielf\u00e4ltigen Werke ihrer Kinder. Hinweis: Die Ausstellung geht nur 1 Tag lang, von 11:30 &#8211; 16:00 Uhr. Begr\u00fcssung: Renate Rinkens, Vorsitzende F\u00f6rderverein Schaffrathhaus Begr\u00fc\u00dfung: Tim Kr\u00e4mer, Sozialdezernent der Stadt Alsdorf Fotos: Dietmar Busch<\/p>\n","protected":false},"author":1,"featured_media":0,"parent":0,"menu_order":0,"comment_status":"closed","ping_status":"closed","template":"","meta":{"footnotes":""},"class_list":["post-4784","page","type-page","status-publish","hentry"],"_links":{"self":[{"href":"https:\/\/schaffrath-haus.com\/index.php?rest_route=\/wp\/v2\/pages\/4784"}],"collection":[{"href":"https:\/\/schaffrath-haus.com\/index.php?rest_route=\/wp\/v2\/pages"}],"about":[{"href":"https:\/\/schaffrath-haus.com\/index.php?rest_route=\/wp\/v2\/types\/page"}],"author":[{"embeddable":true,"href":"https:\/\/schaffrath-haus.com\/index.php?rest_route=\/wp\/v2\/users\/1"}],"replies":[{"embeddable":true,"href":"https:\/\/schaffrath-haus.com\/index.php?rest_route=%2Fwp%2Fv2%2Fcomments&post=4784"}],"version-history":[{"count":6,"href":"https:\/\/schaffrath-haus.com\/index.php?rest_route=\/wp\/v2\/pages\/4784\/revisions"}],"predecessor-version":[{"id":4953,"href":"https:\/\/schaffrath-haus.com\/index.php?rest_route=\/wp\/v2\/pages\/4784\/revisions\/4953"}],"wp:attachment":[{"href":"https:\/\/schaffrath-haus.com\/index.php?rest_route=%2Fwp%2Fv2%2Fmedia&parent=4784"}],"curies":[{"name":"wp","href":"https:\/\/api.w.org\/{rel}","templated":true}]}}