{"id":4607,"date":"2024-12-28T08:25:55","date_gmt":"2024-12-28T08:25:55","guid":{"rendered":"https:\/\/schaffrath-haus.com\/wp\/?page_id=4607"},"modified":"2025-02-23T07:44:54","modified_gmt":"2025-02-23T07:44:54","slug":"16-30-03-2025-ausstellung-christian-walter-ulf-dressen","status":"publish","type":"page","link":"https:\/\/schaffrath-haus.com\/?page_id=4607","title":{"rendered":"16. &#8211; 30.03.2025 Ausstellung Christian Walter &amp; Ulf Dre\u00dfen"},"content":{"rendered":"\n<figure class=\"wp-block-image size-large\"><a href=\"https:\/\/schaffrath-haus.com\/wp-content\/uploads\/2025\/02\/0.jpg\"><img loading=\"lazy\" decoding=\"async\" width=\"1024\" height=\"267\" src=\"https:\/\/schaffrath-haus.com\/wp-content\/uploads\/2025\/02\/0-1024x267.jpg\" alt=\"\" class=\"wp-image-4907\" srcset=\"https:\/\/schaffrath-haus.com\/wp-content\/uploads\/2025\/02\/0-1024x267.jpg 1024w, https:\/\/schaffrath-haus.com\/wp-content\/uploads\/2025\/02\/0-300x78.jpg 300w, https:\/\/schaffrath-haus.com\/wp-content\/uploads\/2025\/02\/0-768x200.jpg 768w, https:\/\/schaffrath-haus.com\/wp-content\/uploads\/2025\/02\/0-1536x400.jpg 1536w, https:\/\/schaffrath-haus.com\/wp-content\/uploads\/2025\/02\/0-2048x533.jpg 2048w\" sizes=\"(max-width: 1024px) 100vw, 1024px\" \/><\/a><\/figure>\n\n\n\n<figure class=\"wp-block-image size-large\"><a href=\"https:\/\/schaffrath-haus.com\/wp-content\/uploads\/2025\/02\/1.jpg\"><img loading=\"lazy\" decoding=\"async\" width=\"1024\" height=\"267\" src=\"https:\/\/schaffrath-haus.com\/wp-content\/uploads\/2025\/02\/1-1024x267.jpg\" alt=\"\" class=\"wp-image-4908\" srcset=\"https:\/\/schaffrath-haus.com\/wp-content\/uploads\/2025\/02\/1-1024x267.jpg 1024w, https:\/\/schaffrath-haus.com\/wp-content\/uploads\/2025\/02\/1-300x78.jpg 300w, https:\/\/schaffrath-haus.com\/wp-content\/uploads\/2025\/02\/1-768x200.jpg 768w, https:\/\/schaffrath-haus.com\/wp-content\/uploads\/2025\/02\/1-1536x400.jpg 1536w, https:\/\/schaffrath-haus.com\/wp-content\/uploads\/2025\/02\/1-2048x533.jpg 2048w\" sizes=\"(max-width: 1024px) 100vw, 1024px\" \/><\/a><\/figure>\n\n\n\n<p class=\"has-green-color has-text-color has-link-color has-medium-font-size wp-elements-dfaf585cfbfb7929286e8bda01d5879d\"><strong>Christian Walter &amp; Ulf Dre\u00dfen<\/strong><\/p>\n\n\n\n<p class=\"has-green-color has-text-color has-link-color has-medium-font-size wp-elements-319a0756e55aae72d1988190323af0f9\"><strong>&#8222;Vertraut und doch so fremd \u2013 parallele Welten \u2013 Malerei und Fotografie&#8220;<\/strong><\/p>\n\n\n\n<p><strong>Vernissage:<\/strong> Sonntag 16. M\u00e4rz 2025, von 11:30 -14:30 Uhr<\/p>\n\n\n\n<p><strong>Begr\u00fc\u00dfung<\/strong>: Renate Rinkens, Vorsitzende F\u00f6rderverein Schaffrathhaus<\/p>\n\n\n\n<p><strong>Begr\u00fc\u00dfung<\/strong>: Friedhelm Kr\u00e4mer, stellv. B\u00fcrgermeister Stadt Alsdorf<\/p>\n\n\n\n<p><strong>Einf\u00fchrung<\/strong>: Rainer Bauer im Gespr\u00e4ch mit den K\u00fcnstlern<\/p>\n\n\n\n<p><strong>Weitere \u00d6ffnungszeiten:<\/strong><\/p>\n\n\n\n<p>Samstag 22.03.2025 von 16-18 Uhr<\/p>\n\n\n\n<p>Sonntag 23.03.2025 von 14-18 Uhr<\/p>\n\n\n\n<p>Samstag 29.03.2025 von 16-18 Uhr<\/p>\n\n\n\n<p>Sonntag 30.03.2025 von 14-18 Uhr<\/p>\n\n\n\n<p>Mindestens einer der K\u00fcnstler ist immer anwesend.<\/p>\n\n\n\n<p class=\"has-medium-font-size\"><strong>\u00dcber Christian Walter &#8211; Malerei<\/strong><\/p>\n\n\n\n<p>In seinen Bildern setzt Christian Walter pr\u00e4zise gemalte Gegenst\u00e4nde, Pflanzen oder Tiere aus ihren gew\u00f6hnlichen Habitaten in fremde, artifizielle Umgebungen. Durch diese Verpflanzungen wirken die Hauptprotagonisten in den Bildern fremd und unbeheimatet. Aus nat\u00fcrlichen Erscheinungsformen des Lebens werden so verschl\u00fcsselte Symbole, die ihre Bedeutung nur z\u00f6gerlich preisgeben. Die surreale Anmutung der Bilder gibt dem Betrachter die M\u00f6glichkeit, diese als Bilderr\u00e4tsel zu verstehen und ihnen eine eigene Bedeutung zu verleihen oder aber die Bilder in ihrer Verschlossenheit zu akzeptieren und sie um ihrer Sch\u00f6nheit Willen zu betrachten.<\/p>\n\n\n\n<figure class=\"wp-block-gallery has-nested-images columns-default is-cropped wp-block-gallery-1 is-layout-flex wp-block-gallery-is-layout-flex\">\n<figure class=\"wp-block-image size-large\"><a href=\"https:\/\/schaffrath-haus.com\/wp-content\/uploads\/2024\/12\/Christian-Walter-1.jpg\"><img loading=\"lazy\" decoding=\"async\" width=\"719\" height=\"1024\" data-id=\"4608\" src=\"https:\/\/schaffrath-haus.com\/wp-content\/uploads\/2024\/12\/Christian-Walter-1-719x1024.jpg\" alt=\"\" class=\"wp-image-4608\" srcset=\"https:\/\/schaffrath-haus.com\/wp-content\/uploads\/2024\/12\/Christian-Walter-1-719x1024.jpg 719w, https:\/\/schaffrath-haus.com\/wp-content\/uploads\/2024\/12\/Christian-Walter-1-211x300.jpg 211w, https:\/\/schaffrath-haus.com\/wp-content\/uploads\/2024\/12\/Christian-Walter-1-768x1093.jpg 768w, https:\/\/schaffrath-haus.com\/wp-content\/uploads\/2024\/12\/Christian-Walter-1-1079x1536.jpg 1079w, https:\/\/schaffrath-haus.com\/wp-content\/uploads\/2024\/12\/Christian-Walter-1.jpg 1124w\" sizes=\"(max-width: 719px) 100vw, 719px\" \/><\/a><\/figure>\n\n\n\n<figure class=\"wp-block-image size-large\"><a href=\"https:\/\/schaffrath-haus.com\/wp-content\/uploads\/2024\/12\/Christian-Walter-2.jpg\"><img loading=\"lazy\" decoding=\"async\" width=\"1024\" height=\"732\" data-id=\"4610\" src=\"https:\/\/schaffrath-haus.com\/wp-content\/uploads\/2024\/12\/Christian-Walter-2-1024x732.jpg\" alt=\"\" class=\"wp-image-4610\" srcset=\"https:\/\/schaffrath-haus.com\/wp-content\/uploads\/2024\/12\/Christian-Walter-2-1024x732.jpg 1024w, https:\/\/schaffrath-haus.com\/wp-content\/uploads\/2024\/12\/Christian-Walter-2-300x215.jpg 300w, https:\/\/schaffrath-haus.com\/wp-content\/uploads\/2024\/12\/Christian-Walter-2-768x549.jpg 768w, https:\/\/schaffrath-haus.com\/wp-content\/uploads\/2024\/12\/Christian-Walter-2-1536x1098.jpg 1536w, https:\/\/schaffrath-haus.com\/wp-content\/uploads\/2024\/12\/Christian-Walter-2.jpg 1600w\" sizes=\"(max-width: 1024px) 100vw, 1024px\" \/><\/a><\/figure>\n\n\n\n<figure class=\"wp-block-image size-large\"><a href=\"https:\/\/schaffrath-haus.com\/wp-content\/uploads\/2024\/12\/Christian-Walter-3.jpg\"><img loading=\"lazy\" decoding=\"async\" width=\"1024\" height=\"704\" data-id=\"4609\" src=\"https:\/\/schaffrath-haus.com\/wp-content\/uploads\/2024\/12\/Christian-Walter-3-1024x704.jpg\" alt=\"\" class=\"wp-image-4609\" srcset=\"https:\/\/schaffrath-haus.com\/wp-content\/uploads\/2024\/12\/Christian-Walter-3-1024x704.jpg 1024w, https:\/\/schaffrath-haus.com\/wp-content\/uploads\/2024\/12\/Christian-Walter-3-300x206.jpg 300w, https:\/\/schaffrath-haus.com\/wp-content\/uploads\/2024\/12\/Christian-Walter-3-768x528.jpg 768w, https:\/\/schaffrath-haus.com\/wp-content\/uploads\/2024\/12\/Christian-Walter-3-1536x1056.jpg 1536w, https:\/\/schaffrath-haus.com\/wp-content\/uploads\/2024\/12\/Christian-Walter-3.jpg 1600w\" sizes=\"(max-width: 1024px) 100vw, 1024px\" \/><\/a><\/figure>\n\n\n\n<figure class=\"wp-block-image size-large\"><a href=\"https:\/\/schaffrath-haus.com\/wp-content\/uploads\/2024\/12\/Christian-Walter-4.jpg\"><img loading=\"lazy\" decoding=\"async\" width=\"1024\" height=\"504\" data-id=\"4611\" src=\"https:\/\/schaffrath-haus.com\/wp-content\/uploads\/2024\/12\/Christian-Walter-4-1024x504.jpg\" alt=\"\" class=\"wp-image-4611\" srcset=\"https:\/\/schaffrath-haus.com\/wp-content\/uploads\/2024\/12\/Christian-Walter-4-1024x504.jpg 1024w, https:\/\/schaffrath-haus.com\/wp-content\/uploads\/2024\/12\/Christian-Walter-4-300x148.jpg 300w, https:\/\/schaffrath-haus.com\/wp-content\/uploads\/2024\/12\/Christian-Walter-4-768x378.jpg 768w, https:\/\/schaffrath-haus.com\/wp-content\/uploads\/2024\/12\/Christian-Walter-4-1536x756.jpg 1536w, https:\/\/schaffrath-haus.com\/wp-content\/uploads\/2024\/12\/Christian-Walter-4.jpg 1600w\" sizes=\"(max-width: 1024px) 100vw, 1024px\" \/><\/a><\/figure>\n<\/figure>\n\n\n\n<p class=\"has-medium-font-size\"><strong>\u00dcber Ulf Dre\u00dfen &#8211; Fotografien<\/strong><\/p>\n\n\n\n<p>Ulf Dre\u00dfen versucht in seinen Fotografien die Sch\u00f6nheit und Eleganz der von Menschenhand geschaffenen oder nat\u00fcrlichen Strukturen einzufangen. Durch das Erstarren in einem statischen Moment werden sie aus ihrer Unsichtbarkeit gerissen, obwohl sie eigentlich klar vor uns liegen, wir aber in der heutigen Zeit kaum mehr die Mu\u00dfe zum Verweilen und somit Erkennen besitzen.<\/p>\n\n\n\n<figure class=\"wp-block-gallery has-nested-images columns-default is-cropped wp-block-gallery-2 is-layout-flex wp-block-gallery-is-layout-flex\">\n<figure class=\"wp-block-image size-large\"><a href=\"https:\/\/schaffrath-haus.com\/wp-content\/uploads\/2024\/12\/Ulf-Dressen-1.jpg\"><img loading=\"lazy\" decoding=\"async\" width=\"1024\" height=\"683\" data-id=\"4614\" src=\"https:\/\/schaffrath-haus.com\/wp-content\/uploads\/2024\/12\/Ulf-Dressen-1-1024x683.jpg\" alt=\"\" class=\"wp-image-4614\" srcset=\"https:\/\/schaffrath-haus.com\/wp-content\/uploads\/2024\/12\/Ulf-Dressen-1-1024x683.jpg 1024w, https:\/\/schaffrath-haus.com\/wp-content\/uploads\/2024\/12\/Ulf-Dressen-1-300x200.jpg 300w, https:\/\/schaffrath-haus.com\/wp-content\/uploads\/2024\/12\/Ulf-Dressen-1-768x512.jpg 768w, https:\/\/schaffrath-haus.com\/wp-content\/uploads\/2024\/12\/Ulf-Dressen-1-1536x1024.jpg 1536w, https:\/\/schaffrath-haus.com\/wp-content\/uploads\/2024\/12\/Ulf-Dressen-1.jpg 2048w\" sizes=\"(max-width: 1024px) 100vw, 1024px\" \/><\/a><\/figure>\n\n\n\n<figure class=\"wp-block-image size-large\"><a href=\"https:\/\/schaffrath-haus.com\/wp-content\/uploads\/2024\/12\/Ulf-Dressen-2.jpg\"><img loading=\"lazy\" decoding=\"async\" width=\"1024\" height=\"683\" data-id=\"4612\" src=\"https:\/\/schaffrath-haus.com\/wp-content\/uploads\/2024\/12\/Ulf-Dressen-2-1024x683.jpg\" alt=\"\" class=\"wp-image-4612\" srcset=\"https:\/\/schaffrath-haus.com\/wp-content\/uploads\/2024\/12\/Ulf-Dressen-2-1024x683.jpg 1024w, https:\/\/schaffrath-haus.com\/wp-content\/uploads\/2024\/12\/Ulf-Dressen-2-300x200.jpg 300w, https:\/\/schaffrath-haus.com\/wp-content\/uploads\/2024\/12\/Ulf-Dressen-2-768x512.jpg 768w, https:\/\/schaffrath-haus.com\/wp-content\/uploads\/2024\/12\/Ulf-Dressen-2-1536x1024.jpg 1536w, https:\/\/schaffrath-haus.com\/wp-content\/uploads\/2024\/12\/Ulf-Dressen-2.jpg 2048w\" sizes=\"(max-width: 1024px) 100vw, 1024px\" \/><\/a><\/figure>\n\n\n\n<figure class=\"wp-block-image size-large\"><a href=\"https:\/\/schaffrath-haus.com\/wp-content\/uploads\/2024\/12\/Ulf-Dressen-3.jpg\"><img loading=\"lazy\" decoding=\"async\" width=\"1024\" height=\"1024\" data-id=\"4616\" src=\"https:\/\/schaffrath-haus.com\/wp-content\/uploads\/2024\/12\/Ulf-Dressen-3-1024x1024.jpg\" alt=\"\" class=\"wp-image-4616\" srcset=\"https:\/\/schaffrath-haus.com\/wp-content\/uploads\/2024\/12\/Ulf-Dressen-3-1024x1024.jpg 1024w, https:\/\/schaffrath-haus.com\/wp-content\/uploads\/2024\/12\/Ulf-Dressen-3-300x300.jpg 300w, https:\/\/schaffrath-haus.com\/wp-content\/uploads\/2024\/12\/Ulf-Dressen-3-150x150.jpg 150w, https:\/\/schaffrath-haus.com\/wp-content\/uploads\/2024\/12\/Ulf-Dressen-3-768x768.jpg 768w, https:\/\/schaffrath-haus.com\/wp-content\/uploads\/2024\/12\/Ulf-Dressen-3-1536x1536.jpg 1536w, https:\/\/schaffrath-haus.com\/wp-content\/uploads\/2024\/12\/Ulf-Dressen-3.jpg 2048w\" sizes=\"(max-width: 1024px) 100vw, 1024px\" \/><\/a><\/figure>\n\n\n\n<figure class=\"wp-block-image size-large\"><a href=\"https:\/\/schaffrath-haus.com\/wp-content\/uploads\/2024\/12\/Ulf-Dressen-4.jpg\"><img loading=\"lazy\" decoding=\"async\" width=\"1024\" height=\"1024\" data-id=\"4615\" src=\"https:\/\/schaffrath-haus.com\/wp-content\/uploads\/2024\/12\/Ulf-Dressen-4-1024x1024.jpg\" alt=\"\" class=\"wp-image-4615\" srcset=\"https:\/\/schaffrath-haus.com\/wp-content\/uploads\/2024\/12\/Ulf-Dressen-4-1024x1024.jpg 1024w, https:\/\/schaffrath-haus.com\/wp-content\/uploads\/2024\/12\/Ulf-Dressen-4-300x300.jpg 300w, https:\/\/schaffrath-haus.com\/wp-content\/uploads\/2024\/12\/Ulf-Dressen-4-150x150.jpg 150w, https:\/\/schaffrath-haus.com\/wp-content\/uploads\/2024\/12\/Ulf-Dressen-4-768x768.jpg 768w, https:\/\/schaffrath-haus.com\/wp-content\/uploads\/2024\/12\/Ulf-Dressen-4-1536x1536.jpg 1536w, https:\/\/schaffrath-haus.com\/wp-content\/uploads\/2024\/12\/Ulf-Dressen-4.jpg 2048w\" sizes=\"(max-width: 1024px) 100vw, 1024px\" \/><\/a><\/figure>\n\n\n\n<figure class=\"wp-block-image size-large\"><a href=\"https:\/\/schaffrath-haus.com\/wp-content\/uploads\/2024\/12\/Ulf-Dressen-5.jpg\"><img loading=\"lazy\" decoding=\"async\" width=\"1024\" height=\"683\" data-id=\"4613\" src=\"https:\/\/schaffrath-haus.com\/wp-content\/uploads\/2024\/12\/Ulf-Dressen-5-1024x683.jpg\" alt=\"\" class=\"wp-image-4613\" srcset=\"https:\/\/schaffrath-haus.com\/wp-content\/uploads\/2024\/12\/Ulf-Dressen-5-1024x683.jpg 1024w, https:\/\/schaffrath-haus.com\/wp-content\/uploads\/2024\/12\/Ulf-Dressen-5-300x200.jpg 300w, https:\/\/schaffrath-haus.com\/wp-content\/uploads\/2024\/12\/Ulf-Dressen-5-768x512.jpg 768w, https:\/\/schaffrath-haus.com\/wp-content\/uploads\/2024\/12\/Ulf-Dressen-5-1536x1024.jpg 1536w, https:\/\/schaffrath-haus.com\/wp-content\/uploads\/2024\/12\/Ulf-Dressen-5.jpg 2048w\" sizes=\"(max-width: 1024px) 100vw, 1024px\" \/><\/a><\/figure>\n<\/figure>\n","protected":false},"excerpt":{"rendered":"<p>Christian Walter &amp; Ulf Dre\u00dfen &#8222;Vertraut und doch so fremd \u2013 parallele Welten \u2013 Malerei und Fotografie&#8220; Vernissage: Sonntag 16. M\u00e4rz 2025, von 11:30 -14:30 Uhr Begr\u00fc\u00dfung: Renate Rinkens, Vorsitzende F\u00f6rderverein Schaffrathhaus Begr\u00fc\u00dfung: Friedhelm Kr\u00e4mer, stellv. B\u00fcrgermeister Stadt Alsdorf Einf\u00fchrung: Rainer Bauer im Gespr\u00e4ch mit den K\u00fcnstlern Weitere \u00d6ffnungszeiten: Samstag 22.03.2025 von 16-18 Uhr Sonntag &hellip; <a href=\"https:\/\/schaffrath-haus.com\/?page_id=4607\" class=\"more-link\"><span class=\"screen-reader-text\">16. &#8211; 30.03.2025 Ausstellung Christian Walter &amp; Ulf Dre\u00dfen<\/span> weiterlesen <span class=\"meta-nav\">&rarr;<\/span><\/a><\/p>\n","protected":false},"author":1,"featured_media":0,"parent":0,"menu_order":0,"comment_status":"closed","ping_status":"closed","template":"","meta":{"footnotes":""},"class_list":["post-4607","page","type-page","status-publish","hentry"],"_links":{"self":[{"href":"https:\/\/schaffrath-haus.com\/index.php?rest_route=\/wp\/v2\/pages\/4607"}],"collection":[{"href":"https:\/\/schaffrath-haus.com\/index.php?rest_route=\/wp\/v2\/pages"}],"about":[{"href":"https:\/\/schaffrath-haus.com\/index.php?rest_route=\/wp\/v2\/types\/page"}],"author":[{"embeddable":true,"href":"https:\/\/schaffrath-haus.com\/index.php?rest_route=\/wp\/v2\/users\/1"}],"replies":[{"embeddable":true,"href":"https:\/\/schaffrath-haus.com\/index.php?rest_route=%2Fwp%2Fv2%2Fcomments&post=4607"}],"version-history":[{"count":7,"href":"https:\/\/schaffrath-haus.com\/index.php?rest_route=\/wp\/v2\/pages\/4607\/revisions"}],"predecessor-version":[{"id":4912,"href":"https:\/\/schaffrath-haus.com\/index.php?rest_route=\/wp\/v2\/pages\/4607\/revisions\/4912"}],"wp:attachment":[{"href":"https:\/\/schaffrath-haus.com\/index.php?rest_route=%2Fwp%2Fv2%2Fmedia&parent=4607"}],"curies":[{"name":"wp","href":"https:\/\/api.w.org\/{rel}","templated":true}]}}