{"id":4254,"date":"2024-08-31T07:00:23","date_gmt":"2024-08-31T07:00:23","guid":{"rendered":"https:\/\/schaffrath-haus.com\/wp\/?page_id=4254"},"modified":"2024-11-09T09:28:16","modified_gmt":"2024-11-09T09:28:16","slug":"28-09-2024-pidancet","status":"publish","type":"page","link":"https:\/\/schaffrath-haus.com\/?page_id=4254","title":{"rendered":"16.11.2024 Eddie Pidancet &amp; Band"},"content":{"rendered":"\n<p class=\"has-text-color has-link-color wp-elements-7ddc15141059be46ed03e07517c6f660\" style=\"color:#e30d0d\"><strong>Das ist der neue Termin f\u00fcr das ausgefallene Konzert vom 28.09.2024. Bereits gekaufte Tickets behalten ihre G\u00fcltigkeit!<\/strong><\/p>\n\n\n\n<h2 class=\"wp-block-heading has-text-color has-large-font-size\" style=\"color:#038556\"><strong>P I D A N C E T<\/strong><\/h2>\n\n\n\n<p class=\"has-medium-font-size\"><strong>Chansons \u2013 Pop:<\/strong> <strong>Franz\u00f6sisch, deutsch, niederl\u00e4ndisch<\/strong><\/p>\n\n\n\n<p class=\"has-large-font-size\"><strong>16. November 2024, 20:00 Uhr<\/strong><\/p>\n\n\n\n<p>Vor Jahren im Grenzgebiet Deutschland-Belgien-Niederlande angekommen, hat <strong>Eddie Pidancet<\/strong> aus Leidenschaft zum Chanson und zur Region eine dreisprachige Chanson-Pop-Melange entwickelt.<\/p>\n\n\n\n<p>Ob still, tief oder rhythmisch-schnell, immer ist es eine Liebeserkl\u00e4rung an die Region L\u00fcttich-Maastricht-Aachen, deren kulturelle und sprachliche Vielfalt. Im Zusammenspiel mit den Bandmitgliedern Alexander Dworeck&nbsp;(Piano, Saxophon), Axel Borrenkott (Bass), H\u00fcsn\u00fc Erim&nbsp;(Schlagzeug), erhalten die Eigenkompositionen von Eddie Pidancet immer wieder neue Facetten, Arrangements und Stimmungen.<\/p>\n\n\n\n<p>Kompositionen anderer K\u00fcnstler, f\u00fcr die das Herz der Band schl\u00e4gt werden integriert und im eigenen Stil interpretiert.<\/p>\n\n\n\n<p class=\"has-black-color has-text-color\"><strong>Tickets: inkl. 1 Freigetr\u00e4nk und lecker H\u00e4ppchen:<\/strong><\/p>\n\n\n\n<p><strong>Vorverkauf:<\/strong> 25,00 \u20ac<\/p>\n\n\n\n<p><strong>Abendkasse<\/strong>: 30,00 \u20ac (nur Barzahlung)<\/p>\n\n\n\n<p><strong>Buchung \u00fcber:<\/strong> Tel. 02404-6767 084 oder E-Mail: <a href=\"mailto:info@schaffrath-haus.com\">info@schaffrath-haus.com<\/a><\/p>\n\n\n\n<p><strong>Bankverbindung:<\/strong><\/p>\n\n\n\n<p>Sparkasse Aachen, IBAN: DE83 3905 0000 1072 1054 61<\/p>\n\n\n\n<p>(unbedingt Ihren Name und welche Veranstaltung angeben!)<\/p>\n\n\n<div class=\"wp-block-image\">\n<figure class=\"aligncenter size-large is-resized\"><a href=\"https:\/\/schaffrath-haus.com\/wp-content\/uploads\/2024\/11\/Pidancet-Ticket-Kopie.jpg\"><img loading=\"lazy\" decoding=\"async\" width=\"1024\" height=\"378\" src=\"https:\/\/schaffrath-haus.com\/wp-content\/uploads\/2024\/11\/Pidancet-Ticket-Kopie-1024x378.jpg\" alt=\"Pidancet\" class=\"wp-image-4536\" style=\"width:656px;height:auto\" srcset=\"https:\/\/schaffrath-haus.com\/wp-content\/uploads\/2024\/11\/Pidancet-Ticket-Kopie-1024x378.jpg 1024w, https:\/\/schaffrath-haus.com\/wp-content\/uploads\/2024\/11\/Pidancet-Ticket-Kopie-300x111.jpg 300w, https:\/\/schaffrath-haus.com\/wp-content\/uploads\/2024\/11\/Pidancet-Ticket-Kopie-768x284.jpg 768w, https:\/\/schaffrath-haus.com\/wp-content\/uploads\/2024\/11\/Pidancet-Ticket-Kopie.jpg 1075w\" sizes=\"(max-width: 1024px) 100vw, 1024px\" \/><\/a><\/figure><\/div>\n\n\n<p class=\"has-small-font-size\">Fotos: Pidancet<\/p>\n\n\n<div class=\"wp-block-image\">\n<figure class=\"aligncenter size-full is-resized\"><a href=\"https:\/\/schaffrath-haus.com\/wp-content\/uploads\/2024\/03\/Publikation1.jpg\"><img loading=\"lazy\" decoding=\"async\" width=\"980\" height=\"930\" src=\"https:\/\/schaffrath-haus.com\/wp-content\/uploads\/2024\/03\/Publikation1.jpg\" alt=\"Pidancet\" class=\"wp-image-3932\" style=\"aspect-ratio:1.0533333333333332;width:541px;height:auto\" srcset=\"https:\/\/schaffrath-haus.com\/wp-content\/uploads\/2024\/03\/Publikation1.jpg 980w, https:\/\/schaffrath-haus.com\/wp-content\/uploads\/2024\/03\/Publikation1-300x285.jpg 300w, https:\/\/schaffrath-haus.com\/wp-content\/uploads\/2024\/03\/Publikation1-768x729.jpg 768w\" sizes=\"(max-width: 980px) 100vw, 980px\" \/><\/a><\/figure><\/div>","protected":false},"excerpt":{"rendered":"<p>Das ist der neue Termin f\u00fcr das ausgefallene Konzert vom 28.09.2024. Bereits gekaufte Tickets behalten ihre G\u00fcltigkeit! P I D A N C E T Chansons \u2013 Pop: Franz\u00f6sisch, deutsch, niederl\u00e4ndisch 16. November 2024, 20:00 Uhr Vor Jahren im Grenzgebiet Deutschland-Belgien-Niederlande angekommen, hat Eddie Pidancet aus Leidenschaft zum Chanson und zur Region eine dreisprachige Chanson-Pop-Melange &hellip; <a href=\"https:\/\/schaffrath-haus.com\/?page_id=4254\" class=\"more-link\"><span class=\"screen-reader-text\">16.11.2024 Eddie Pidancet &amp; Band<\/span> weiterlesen <span class=\"meta-nav\">&rarr;<\/span><\/a><\/p>\n","protected":false},"author":1,"featured_media":0,"parent":0,"menu_order":0,"comment_status":"closed","ping_status":"closed","template":"","meta":{"footnotes":""},"class_list":["post-4254","page","type-page","status-publish","hentry"],"_links":{"self":[{"href":"https:\/\/schaffrath-haus.com\/index.php?rest_route=\/wp\/v2\/pages\/4254"}],"collection":[{"href":"https:\/\/schaffrath-haus.com\/index.php?rest_route=\/wp\/v2\/pages"}],"about":[{"href":"https:\/\/schaffrath-haus.com\/index.php?rest_route=\/wp\/v2\/types\/page"}],"author":[{"embeddable":true,"href":"https:\/\/schaffrath-haus.com\/index.php?rest_route=\/wp\/v2\/users\/1"}],"replies":[{"embeddable":true,"href":"https:\/\/schaffrath-haus.com\/index.php?rest_route=%2Fwp%2Fv2%2Fcomments&post=4254"}],"version-history":[{"count":10,"href":"https:\/\/schaffrath-haus.com\/index.php?rest_route=\/wp\/v2\/pages\/4254\/revisions"}],"predecessor-version":[{"id":4546,"href":"https:\/\/schaffrath-haus.com\/index.php?rest_route=\/wp\/v2\/pages\/4254\/revisions\/4546"}],"wp:attachment":[{"href":"https:\/\/schaffrath-haus.com\/index.php?rest_route=%2Fwp%2Fv2%2Fmedia&parent=4254"}],"curies":[{"name":"wp","href":"https:\/\/api.w.org\/{rel}","templated":true}]}}