{"id":3907,"date":"2024-03-24T07:52:59","date_gmt":"2024-03-24T07:52:59","guid":{"rendered":"https:\/\/schaffrath-haus.com\/wp\/?page_id=3907"},"modified":"2024-10-12T08:11:04","modified_gmt":"2024-10-12T08:11:04","slug":"2024-musikabende-konzerte-lesungen-kabarett-2","status":"publish","type":"page","link":"https:\/\/schaffrath-haus.com\/?page_id=3907","title":{"rendered":"2024 Veranstaltungen: Konzerte &#038; mehr"},"content":{"rendered":"\n<p class=\"has-vivid-red-color has-text-color\"><strong>Bitte beachten Sie, dass alle R\u00e4umlichkeiten im Haus nur \u00fcber Treppen erreichbar sind!<\/strong><\/p>\n\n\n\n<p>Bei sch\u00f6nem Wetter finden die Veranstaltungen ggf. in unserem Garten unter offenen Pavillons statt. Bitte bringen Sie sich bei Bedarf Sonnenschutz oder eine Decke mit.<\/p>\n\n\n\n<hr class=\"wp-block-separator has-alpha-channel-opacity\"\/>\n\n\n\n<p class=\"has-text-color has-large-font-size\" style=\"color:#037149\"><strong>Whisky-Tasting im Schaffrathhaus<\/strong><\/p>\n\n\n\n<p class=\"has-medium-font-size\"><strong>24. Februar 2024, um 18:00 Uhr<\/strong><\/p>\n\n\n\n<p><strong>Preis: 75,00 \u20ac pro Person<\/strong><\/p>\n\n\n\n<p><p>Im unvergleichlichen Ambiente des Schaffrathhauses, nehmen <strong>Benny Simmat<\/strong> und <strong>Alex Leisten<\/strong> Sie mit auf eine Reise durch die Whiskywelt Schottlands&#8230; und vielleicht machen wir auf dem Weg dorthin auch noch Halt in Whiskybrennereien anderer europ\u00e4ischer L\u00e4nder! Zwischendurch verw\u00f6hnen wir Sie mit einer Auswahl kulinarischer K\u00f6stlichkeiten. Textstellen aus \u201eDer letzte Whisky\u201c von <strong>Carsten Sebastian Henn<\/strong>, komplettieren den Abend.<\/p>\n<p><strong>Anmeldung bei: Benny Simmat, Tel. 0177-5752 764<\/strong><\/p><\/p>\n\n\n\n<figure class=\"wp-block-image size-large is-resized\"><a href=\"https:\/\/schaffrath-haus.com\/wp-content\/uploads\/2023\/12\/Publikation1-2.jpg\"><img loading=\"lazy\" decoding=\"async\" width=\"786\" height=\"1024\" src=\"https:\/\/schaffrath-haus.com\/wp-content\/uploads\/2023\/12\/Publikation1-2-786x1024.jpg\" alt=\"\" class=\"wp-image-3935\" style=\"width:429px;height:559px\" srcset=\"https:\/\/schaffrath-haus.com\/wp-content\/uploads\/2023\/12\/Publikation1-2-786x1024.jpg 786w, https:\/\/schaffrath-haus.com\/wp-content\/uploads\/2023\/12\/Publikation1-2-230x300.jpg 230w, https:\/\/schaffrath-haus.com\/wp-content\/uploads\/2023\/12\/Publikation1-2-768x1001.jpg 768w, https:\/\/schaffrath-haus.com\/wp-content\/uploads\/2023\/12\/Publikation1-2.jpg 1097w\" sizes=\"(max-width: 786px) 100vw, 786px\" \/><\/a><\/figure>\n\n\n\n<hr class=\"wp-block-separator has-alpha-channel-opacity\"\/>\n\n\n\n<p class=\"has-text-color has-large-font-size\" style=\"color:#056f48\"><strong>JHV &#8211; Jahreshauptversammlung im Schaffrathhaus<\/strong><\/p>\n\n\n\n<p class=\"has-medium-font-size\"><strong>Freitag, 07. Juni 2024 um 19:00 Uhr<\/strong>, <strong>Eintritt frei<\/strong><\/p>\n\n\n\n<p>Wir laden alle Mitglieder, G\u00e4ste und Interessierte herzlichst zu unserer Jahreshauptversammlung ein:<\/p>\n\n\n\n<p><strong>Tagesordnung:<\/strong><\/p>\n\n\n\n<p><p>TOP 1: Begr\u00fc\u00dfung und Verlesung des Protokolls vom 12. Mai, 2023<\/p>\n<p>TOP 2: Jahresr\u00fcckblick 2023<\/p>\n<p>TOP 3: Kassenbericht<\/p>\n<p>TOP 4: Bericht der Kassenpr\u00fcfer<\/p>\n<p>TOP 5: Entlastung der Kassiererin und des Vorstands<\/p>\n<p>TOP 6: Bericht aus dem Vorstand und Planung f\u00fcr 2024<\/p>\n<p>TOP 7: Verschiedenes:<\/p>\n<p>-Vorschl\u00e4ge f\u00fcr Ausflugsfahrten 2024<\/p>\n<p>-Anregungen der Mitglieder<\/p>\n<p>F\u00fcr Trinken und leckere H\u00e4ppchen wird wie immer gesorgt.<\/p><\/p>\n\n\n\n<figure class=\"wp-block-image size-large is-resized\"><a href=\"https:\/\/schaffrath-haus.com\/wp-content\/uploads\/2024\/03\/Omiya-scaled.jpg\"><img loading=\"lazy\" decoding=\"async\" width=\"1024\" height=\"451\" src=\"https:\/\/schaffrath-haus.com\/wp-content\/uploads\/2024\/03\/Omiya-1024x451.jpg\" alt=\"\" class=\"wp-image-3904\" style=\"width:515px;height:226px\" srcset=\"https:\/\/schaffrath-haus.com\/wp-content\/uploads\/2024\/03\/Omiya-1024x451.jpg 1024w, https:\/\/schaffrath-haus.com\/wp-content\/uploads\/2024\/03\/Omiya-300x132.jpg 300w, https:\/\/schaffrath-haus.com\/wp-content\/uploads\/2024\/03\/Omiya-768x338.jpg 768w, https:\/\/schaffrath-haus.com\/wp-content\/uploads\/2024\/03\/Omiya-1536x676.jpg 1536w, https:\/\/schaffrath-haus.com\/wp-content\/uploads\/2024\/03\/Omiya-2048x902.jpg 2048w\" sizes=\"(max-width: 1024px) 100vw, 1024px\" \/><\/a><\/figure>\n\n\n\n<hr class=\"wp-block-separator has-alpha-channel-opacity\"\/>\n\n\n\n<h2 class=\"wp-block-heading has-large-font-size\">Kabarett<\/h2>\n\n\n\n<p class=\"has-medium-font-size\"><strong>25. August 2024, um 15:00 Uhr<\/strong><\/p>\n\n\n\n<p class=\"has-text-color has-medium-font-size\" style=\"color:#037a4e\"><strong>J\u00fcrgen B. Hausmann<\/strong><\/p>\n\n\n\n<p>Auch dieses Jahr d\u00fcrfen wir wieder J\u00fcrgen B. Hausmann bei uns begr\u00fc\u00dfen. Freuen Sie sich auf einen kurzweiligen, unterhaltsamen Nachmittag.<\/p>\n\n\n\n<p>\u201eDat is e Ding!\u201c, freut sich J\u00fcrgen B. Hausmann und blickt dankbar und mit stolzer Verwunderung auf 25 Jahre Kabarett zur\u00fcck. Die Ideen f\u00fcr seine Gags und Programme gehen dem Entertainer alter Schule allerdings nie aus. Im Gegenteil \u2013 seine B\u00fchnenerfahrung, seine unschlagbare Beobachtungsgabe und sein direkter Draht zum Publikum garantieren immer neue Pointen am laufenden Band.<\/p>\n\n\n\n<p>Und so verspricht auch \u201eDat is e Ding!\u201c wieder urkomische Anekdoten \u2013 herrlich \u00fcberdreht und doch wie aus dem Leben gegriffen. Denn der Kabarettist hat seine Beobachtungen, Erfahrungen und Erlebnisse wieder einmal in wunderbare, lustige Szenen verpackt. Sein Kabarett entspringt direkt den Wohnzimmern, Vereinsheimen und Hobbym\u00e4rkten unseres Landes, seine Figuren stammen aus der Familie, von nebenan oder laufen ihm zuf\u00e4llig \u00fcber den Weg. Und die Reaktionen im Publikum offenbaren, dass sich wohl der ein oder andere wiedererkennt \u2026<\/p>\n\n\n\n<p>Gerade darin liegt die gro\u00dfe St\u00e4rke von J\u00fcrgen B. Hausmann. Denn dank seiner ausgezeichneten Beobachtungsgabe und seines Gesp\u00fcrs f\u00fcr Komik verwandelt der Kabarettist allt\u00e4gliche Situationen in treffsichere, am\u00fcsante Geschichten und Menschen wie Du und ich in echte Originale. Oder adelt sie in seinen herrlichen Gesangsnummern, bei denen ihn sein langj\u00e4hriger musikalischer Partner Harald Cla\u00dfen unterst\u00fctzt.<\/p>\n\n\n\n<p class=\"has-vivid-purple-color has-text-color\"><strong>Eintrittskarten pro Person, inkl. Begr\u00fc\u00dfungsgetr\u00e4nk und lecker H\u00e4ppchen:<\/strong><\/p>\n\n\n\n<p><strong>Vorbestellung: <\/strong>30,00 \u20ac<\/p>\n\n\n\n<p>Buchung per Tel. 02404-6767 084 oder per E-Mail an: <a href=\"mailto:info@schaffrath-haus.com\">info@schaffrath-haus.com<\/a><\/p>\n\n\n\n<p>Bankverbindung: Sparkasse Aachen, IBAN: DE83 3905 0000 1072 1054 61<\/p>\n\n\n\n<p>(unbedingt Ihren Name und welche Veranstaltung angeben!)<\/p>\n\n\n\n<p><strong>Abendkasse<\/strong>: (nur Barzahlung m\u00f6glich): 35,00 \u20ac<\/p>\n\n\n\n<p class=\"has-small-font-size\"><\/p>\n\n\n\n<figure class=\"wp-block-image size-full\"><a href=\"https:\/\/schaffrath-haus.com\/wp-content\/uploads\/2024\/04\/Beitrag-JBH-25-Jahre-e1700997770896.jpg\"><img loading=\"lazy\" decoding=\"async\" width=\"461\" height=\"588\" src=\"https:\/\/schaffrath-haus.com\/wp-content\/uploads\/2024\/04\/Beitrag-JBH-25-Jahre-e1700997770896.jpg\" alt=\"\" class=\"wp-image-3991\" srcset=\"https:\/\/schaffrath-haus.com\/wp-content\/uploads\/2024\/04\/Beitrag-JBH-25-Jahre-e1700997770896.jpg 461w, https:\/\/schaffrath-haus.com\/wp-content\/uploads\/2024\/04\/Beitrag-JBH-25-Jahre-e1700997770896-235x300.jpg 235w\" sizes=\"(max-width: 461px) 100vw, 461px\" \/><\/a><\/figure>\n\n\n\n<hr class=\"wp-block-separator has-alpha-channel-opacity\"\/>\n\n\n\n<p class=\"has-large-font-size\"><strong>Chansons \u2013 Pop:<\/strong> <strong>franz\u00f6sisch \u2013 deutsch \u2013 niederl\u00e4ndisch<\/strong>:<\/p>\n\n\n\n<p class=\"has-text-color has-link-color has-medium-font-size wp-elements-81630611067880d2ea879391096a2cd9\" style=\"color:#cf101d\"><strong>28. September 2024, um 20:00 Uhr<\/strong> &#8211;<strong> ABGESAGT<\/strong><\/p>\n\n\n\n<p class=\"has-green-color has-text-color has-link-color has-medium-font-size wp-elements-8da462eb4687a82ecb0792d2a9809e20\"><strong>Neuer Termin: 16. November 2024, 20:00 Uhr<\/strong><\/p>\n\n\n\n<p class=\"has-text-color has-medium-font-size\" style=\"color:#037149\"><strong>P I D A N C E T<\/strong><\/p>\n\n\n\n<p>Vor Jahren im Grenzgebiet Deutschland-Belgien-Niederlande angekommen, hat <strong>Eddie Pidancet<\/strong> aus Leidenschaft zum Chanson und zur Region eine dreisprachige Chanson-Pop-Melange entwickelt.<\/p>\n\n\n\n<p>Ob still, tief oder rhythmisch-schnell, immer ist es eine Liebeserkl\u00e4rung an die Region L\u00fcttich-Maastricht-Aachen, deren kulturelle und sprachliche Vielfalt. Im Zusammenspiel mit den Bandmitgliedern Alexander Dworeck&nbsp;(Piano, Saxophon), Axel Borrenkott (Bass), H\u00fcsn\u00fc Erim&nbsp;(Schlagzeug), erhalten die Eigenkompositionen von Eddie Pidancet immer wieder neue Facetten, Arrangements und Stimmungen.<\/p>\n\n\n\n<p>Kompositionen anderer K\u00fcnstler, f\u00fcr die das Herz der Band schl\u00e4gt werden integriert und im eigenen Stil interpretiert.<\/p>\n\n\n\n<p class=\"has-vivid-purple-color has-text-color\"><strong>Eintrittskarten pro Person, inkl. Begr\u00fc\u00dfungsgetr\u00e4nk und lecker H\u00e4ppchen:<\/strong><\/p>\n\n\n\n<p><strong>Vorbestellung:<\/strong> 25,00 \u20ac<\/p>\n\n\n\n<p>Buchung \u00fcber Tel. 02404-6767 084 oder E-Mail: <a href=\"mailto:info@schaffrath-haus.com\">info@schaffrath-haus.com<\/a><\/p>\n\n\n\n<p>Bankverbindung: Sparkasse Aachen, IBAN: DE83 3905 0000 1072 1054 61<\/p>\n\n\n\n<p>(unbedingt Ihren Name und welche Veranstaltung angeben!)<\/p>\n\n\n\n<p><strong>Abendkasse<\/strong>: (nur Barzahlung m\u00f6glich): 30,00 \u20ac<\/p>\n\n\n\n<p class=\"has-small-font-size\">Foto: Pidancet<\/p>\n\n\n\n<figure class=\"wp-block-image size-full is-resized\"><a href=\"https:\/\/schaffrath-haus.com\/wp-content\/uploads\/2024\/03\/Publikation1.jpg\"><img loading=\"lazy\" decoding=\"async\" width=\"980\" height=\"930\" src=\"https:\/\/schaffrath-haus.com\/wp-content\/uploads\/2024\/03\/Publikation1.jpg\" alt=\"Pidancet\" class=\"wp-image-3932\" style=\"width:632px;height:600px\" srcset=\"https:\/\/schaffrath-haus.com\/wp-content\/uploads\/2024\/03\/Publikation1.jpg 980w, https:\/\/schaffrath-haus.com\/wp-content\/uploads\/2024\/03\/Publikation1-300x285.jpg 300w, https:\/\/schaffrath-haus.com\/wp-content\/uploads\/2024\/03\/Publikation1-768x729.jpg 768w\" sizes=\"(max-width: 980px) 100vw, 980px\" \/><\/a><\/figure>\n\n\n\n<hr class=\"wp-block-separator has-alpha-channel-opacity\"\/>\n\n\n\n<p class=\"has-large-font-size\">Lyrical Jazz<\/p>\n\n\n\n<h2 class=\"wp-block-heading has-medium-font-size\"><strong>23. November 2024, um 20:00 Uhr<\/strong><\/h2>\n\n\n\n<p class=\"has-text-color has-medium-font-size\" style=\"color:#066324\"><strong>Stefan Michalke Duo&nbsp;<\/strong><\/p>\n\n\n\n<p>Eva Viola M\u00fcller &amp; Stefan Michalke kreieren mit Ihrem \u201eLyrical Jazz\u201c eine Atmosph\u00e4re, die sowohl Ruhe als auch Intensit\u00e4t erlaubt. Die vertr\u00e4umte Poesie, die facettenreiche Stimme und der Tanz der S\u00e4ngerin Eva Viola laden ein zum Versinken in andere Sph\u00e4ren; der Pianist Stefan Michalke, bekannt f\u00fcr seine malerische Spielweise, schafft es verschiedene Klangfarben zu einer spannenden Gesamtkomposition zu vereinen.<\/p>\n\n\n\n<p>Das Debut Album InSight wurde von der Fachpresse hoch gelobt; ein ausf\u00fchrlicher Artikel erschien im Jazzthetik Magazin. Im Herbst 2024 erscheint ihr neues Konzept-Album<em> <\/em>\u201e12\u201c<em>.<\/em><\/p>\n\n\n\n<p class=\"has-vivid-purple-color has-text-color\"><strong>Eintrittskarten pro Person, inkl. Begr\u00fc\u00dfungsgetr\u00e4nk und lecker H\u00e4ppchen:<\/strong><\/p>\n\n\n\n<p><strong>Vorbestellung<\/strong>: 25,00 \u20ac<\/p>\n\n\n\n<p>Buchung \u00fcber Tel. 02404-6767 084 oder E-Mail: <a href=\"mailto:info@schaffrath-haus.com\">info@schaffrath-haus.com<\/a><\/p>\n\n\n\n<p>Bankverbindung: Sparkasse Aachen, IBAN: DE83 3905 0000 1072 1054 61<\/p>\n\n\n\n<p>(unbedingt Ihren Name und welche Veranstaltung angeben!)<\/p>\n\n\n\n<p><strong>Abendkasse: <\/strong>(nur Barzahlung m\u00f6glich): 30,00 \u20ac<\/p>\n\n\n\n<p class=\"has-small-font-size\">Foto: Frank Petersen<\/p>\n\n\n\n<figure class=\"wp-block-image size-medium is-resized\"><a href=\"https:\/\/schaffrath-haus.com\/wp-content\/uploads\/2024\/04\/MuellerMichalke-\u00a9Frank-Petersen-scaled.jpg\"><img loading=\"lazy\" decoding=\"async\" width=\"300\" height=\"200\" src=\"https:\/\/schaffrath-haus.com\/wp-content\/uploads\/2024\/04\/MuellerMichalke-\u00a9Frank-Petersen-300x200.jpg\" alt=\"M\u00fcller &amp; Michalke, Foto: Frank Petersen\" class=\"wp-image-3945\" style=\"width:678px;height:452px\" srcset=\"https:\/\/schaffrath-haus.com\/wp-content\/uploads\/2024\/04\/MuellerMichalke-\u00a9Frank-Petersen-300x200.jpg 300w, https:\/\/schaffrath-haus.com\/wp-content\/uploads\/2024\/04\/MuellerMichalke-\u00a9Frank-Petersen-1024x681.jpg 1024w, https:\/\/schaffrath-haus.com\/wp-content\/uploads\/2024\/04\/MuellerMichalke-\u00a9Frank-Petersen-768x511.jpg 768w, https:\/\/schaffrath-haus.com\/wp-content\/uploads\/2024\/04\/MuellerMichalke-\u00a9Frank-Petersen-1536x1022.jpg 1536w, https:\/\/schaffrath-haus.com\/wp-content\/uploads\/2024\/04\/MuellerMichalke-\u00a9Frank-Petersen-2048x1363.jpg 2048w\" sizes=\"(max-width: 300px) 100vw, 300px\" \/><\/a><\/figure>\n\n\n\n<hr class=\"wp-block-separator has-alpha-channel-opacity\"\/>\n\n\n\n<p><\/p>\n\n\n\n<p><\/p>\n","protected":false},"excerpt":{"rendered":"<p>Bitte beachten Sie, dass alle R\u00e4umlichkeiten im Haus nur \u00fcber Treppen erreichbar sind! Bei sch\u00f6nem Wetter finden die Veranstaltungen ggf. in unserem Garten unter offenen Pavillons statt. Bitte bringen Sie sich bei Bedarf Sonnenschutz oder eine Decke mit. Whisky-Tasting im Schaffrathhaus 24. Februar 2024, um 18:00 Uhr Preis: 75,00 \u20ac pro Person Im unvergleichlichen Ambiente &hellip; <a href=\"https:\/\/schaffrath-haus.com\/?page_id=3907\" class=\"more-link\"><span class=\"screen-reader-text\">2024 Veranstaltungen: Konzerte &#038; mehr<\/span> weiterlesen <span class=\"meta-nav\">&rarr;<\/span><\/a><\/p>\n","protected":false},"author":1,"featured_media":0,"parent":0,"menu_order":0,"comment_status":"closed","ping_status":"closed","template":"","meta":{"footnotes":""},"class_list":["post-3907","page","type-page","status-publish","hentry"],"_links":{"self":[{"href":"https:\/\/schaffrath-haus.com\/index.php?rest_route=\/wp\/v2\/pages\/3907"}],"collection":[{"href":"https:\/\/schaffrath-haus.com\/index.php?rest_route=\/wp\/v2\/pages"}],"about":[{"href":"https:\/\/schaffrath-haus.com\/index.php?rest_route=\/wp\/v2\/types\/page"}],"author":[{"embeddable":true,"href":"https:\/\/schaffrath-haus.com\/index.php?rest_route=\/wp\/v2\/users\/1"}],"replies":[{"embeddable":true,"href":"https:\/\/schaffrath-haus.com\/index.php?rest_route=%2Fwp%2Fv2%2Fcomments&post=3907"}],"version-history":[{"count":26,"href":"https:\/\/schaffrath-haus.com\/index.php?rest_route=\/wp\/v2\/pages\/3907\/revisions"}],"predecessor-version":[{"id":4432,"href":"https:\/\/schaffrath-haus.com\/index.php?rest_route=\/wp\/v2\/pages\/3907\/revisions\/4432"}],"wp:attachment":[{"href":"https:\/\/schaffrath-haus.com\/index.php?rest_route=%2Fwp%2Fv2%2Fmedia&parent=3907"}],"curies":[{"name":"wp","href":"https:\/\/api.w.org\/{rel}","templated":true}]}}