{"id":3683,"date":"2023-07-22T06:50:37","date_gmt":"2023-07-22T06:50:37","guid":{"rendered":"https:\/\/schaffrath-haus.com\/wp\/?page_id=3683"},"modified":"2024-12-28T08:15:36","modified_gmt":"2024-12-28T08:15:36","slug":"fuer-kuenstler-ausstellen-im-foerderverein-schaffrathhaus","status":"publish","type":"page","link":"https:\/\/schaffrath-haus.com\/?page_id=3683","title":{"rendered":"Bewerbung &#038; Ausstellungsr\u00e4ume"},"content":{"rendered":"\n<p>Der F\u00f6rderverein Schaffrathhaus befindet sich in Alsdorf-Ofden im ehemaligen Atelier und Wohnhaus von Ludwig Schaffrath, dem bedeutendsten Glask\u00fcnstler des 20. Jahrhunderts.<\/p>\n\n\n\n<p>Das Schaffrathhaus ist umgeben von einem gro\u00dfen, \u00fcppigen Garten, die Ausstellungsr\u00e4ume sind lichtdurchflutet, was von den Besuchern und vor allem von den ausstellenden K\u00fcnstlern sehr gesch\u00e4tzt wird. In unserem Haus finden nicht nur Kunstausstellungen statt, sondern auch kleine Konzerte und andere Veranstaltungen, teils auch in unserem Garten.<\/p>\n\n\n\n<p>Der F\u00f6rderverein Schaffrathhaus ist seit seiner Gr\u00fcndung weit \u00fcber die Region Alsdorf bekannt geworden und ist f\u00fcr viele K\u00fcnstler ein begehrter und anspruchsvoller Ausstellungsplatz.<\/p>\n\n\n\n<p>Wir erhalten j\u00e4hrlich eine Vielzahl von Ausstellungsbewerbungen. Das versetzt uns in die Lage, \u00fcber aktuelle Entwicklungen in der zeitgen\u00f6ssischen Kunst informiert zu sein und aus diesem Fundus Jahr f\u00fcr Jahr ein aktuelles und anspruchsvolles Ausstellungsprogramm zusammenzustellen.<\/p>\n\n\n\n<p>Pro Jahr richten wir 3 bis 4 Ausstellungen aus. Professionelle Einzelk\u00fcnstler und auch K\u00fcnstlergruppen (keine Amateur\/Hobbyk\u00fcnstler!) k\u00f6nnen sich bei uns bewerben. Bitte beachten Sie, dass K\u00fcnstler w\u00e4hrend der Ausstellung zu jedem \u00d6ffnungstermin anwesend sein m\u00fcssen, zudem erwarten wir, das ausstellende K\u00fcnstler in unserem F\u00f6rderverein Mitglied werden (24 \u20ac\/Jahresbeitrag).<\/p>\n\n\n\n<p><strong>F\u00fcr Ihre Bewerbung ben\u00f6tigen wir folgende Unterlagen von jedem K\u00fcnstler:<\/strong><\/p>\n\n\n\n<ul class=\"wp-block-list\">\n<li>Name, Anschrift, Telefonnummer, E-Mail Adresse, Webseite<\/li>\n\n\n\n<li>Vita\/k\u00fcnsterischer Werdegang<\/li>\n\n\n\n<li>5 bis 10 Fotos von Arbeiten die ausgestellt werden und zum Zeitpunkt der Bewerbung noch nicht verkauft sind<\/li>\n\n\n\n<li>Die Preise der einzelnen Werke sollte unter 3000 \u20ac liegen<\/li>\n\n\n\n<li>Kataloge, Drucke und Merchandise von Kunstwerken k\u00f6nnen bei uns ebenfalls zum Kauf angeboten werden<\/li>\n<\/ul>\n\n\n\n<p>Wenn Sie bei uns ausstellen m\u00f6chten, schicken Sie uns Ihre aussagef\u00e4hige Bewerbungsmappe (wenn Sie Ihre Unterlagen zur\u00fcck haben m\u00f6chten ink. frankierten und adressierten R\u00fcckumschlag) an: <\/p>\n\n\n\n<p><strong>F\u00f6rderverein Schaffrathhaus<\/strong><\/p>\n\n\n\n<p><strong>Vorstandsvorsitzende Frau Renate Rinkens<\/strong><\/p>\n\n\n\n<p><strong>Theodor-Seipp-Stra\u00dfe 118<\/strong><\/p>\n\n\n\n<p><strong>52477 Alsdorf<\/strong><\/p>\n","protected":false},"excerpt":{"rendered":"<p>Der F\u00f6rderverein Schaffrathhaus befindet sich in Alsdorf-Ofden im ehemaligen Atelier und Wohnhaus von Ludwig Schaffrath, dem bedeutendsten Glask\u00fcnstler des 20. Jahrhunderts. Das Schaffrathhaus ist umgeben von einem gro\u00dfen, \u00fcppigen Garten, die Ausstellungsr\u00e4ume sind lichtdurchflutet, was von den Besuchern und vor allem von den ausstellenden K\u00fcnstlern sehr gesch\u00e4tzt wird. In unserem Haus finden nicht nur Kunstausstellungen &hellip; <a href=\"https:\/\/schaffrath-haus.com\/?page_id=3683\" class=\"more-link\"><span class=\"screen-reader-text\">Bewerbung &#038; Ausstellungsr\u00e4ume<\/span> weiterlesen <span class=\"meta-nav\">&rarr;<\/span><\/a><\/p>\n","protected":false},"author":1,"featured_media":0,"parent":0,"menu_order":0,"comment_status":"closed","ping_status":"closed","template":"","meta":{"footnotes":""},"class_list":["post-3683","page","type-page","status-publish","hentry"],"_links":{"self":[{"href":"https:\/\/schaffrath-haus.com\/index.php?rest_route=\/wp\/v2\/pages\/3683"}],"collection":[{"href":"https:\/\/schaffrath-haus.com\/index.php?rest_route=\/wp\/v2\/pages"}],"about":[{"href":"https:\/\/schaffrath-haus.com\/index.php?rest_route=\/wp\/v2\/types\/page"}],"author":[{"embeddable":true,"href":"https:\/\/schaffrath-haus.com\/index.php?rest_route=\/wp\/v2\/users\/1"}],"replies":[{"embeddable":true,"href":"https:\/\/schaffrath-haus.com\/index.php?rest_route=%2Fwp%2Fv2%2Fcomments&post=3683"}],"version-history":[{"count":9,"href":"https:\/\/schaffrath-haus.com\/index.php?rest_route=\/wp\/v2\/pages\/3683\/revisions"}],"predecessor-version":[{"id":4606,"href":"https:\/\/schaffrath-haus.com\/index.php?rest_route=\/wp\/v2\/pages\/3683\/revisions\/4606"}],"wp:attachment":[{"href":"https:\/\/schaffrath-haus.com\/index.php?rest_route=%2Fwp%2Fv2%2Fmedia&parent=3683"}],"curies":[{"name":"wp","href":"https:\/\/api.w.org\/{rel}","templated":true}]}}