{"id":3678,"date":"2023-07-22T06:43:41","date_gmt":"2023-07-22T06:43:41","guid":{"rendered":"https:\/\/schaffrath-haus.com\/wp\/?page_id=3678"},"modified":"2025-05-31T11:23:45","modified_gmt":"2025-05-31T11:23:45","slug":"foerderer-sponsoren","status":"publish","type":"page","link":"https:\/\/schaffrath-haus.com\/?page_id=3678","title":{"rendered":"F\u00f6rderer &#038; Sponsoren"},"content":{"rendered":"\n<p class=\"has-black-color has-text-color\">Werden auch Sie F\u00f6rderer oder Sponsor vom F\u00f6rderverein Schaffrathhaus. Mit Ihrer Zuwendung helfen Sie uns, weiterhin j\u00e4hrlich ein vielf\u00e4ltiges Programm der \u00d6ffentlichkeit pr\u00e4sentieren zu k\u00f6nnen!<\/p>\n\n\n\n<p class=\"has-green-color has-text-color has-link-color has-medium-font-size wp-elements-9f05bad47f64d01ac08072e1004de259\"><strong>Wir danken ganz herzlich den nachfolgenden Sponsoren f\u00fcr die Unterst\u00fctzung:<\/strong><\/p>\n\n\n\n<hr class=\"wp-block-separator has-alpha-channel-opacity is-style-wide\"\/>\n\n\n<div class=\"wp-block-image\">\n<figure class=\"aligncenter size-full is-resized\"><a href=\"https:\/\/schaffrath-haus.com\/wp-content\/uploads\/2025\/05\/image-1.png\"><img loading=\"lazy\" decoding=\"async\" width=\"320\" height=\"114\" src=\"https:\/\/schaffrath-haus.com\/wp-content\/uploads\/2025\/05\/image-1.png\" alt=\"\" class=\"wp-image-5017\" style=\"width:502px;height:auto\" srcset=\"https:\/\/schaffrath-haus.com\/wp-content\/uploads\/2025\/05\/image-1.png 320w, https:\/\/schaffrath-haus.com\/wp-content\/uploads\/2025\/05\/image-1-300x107.png 300w\" sizes=\"(max-width: 320px) 100vw, 320px\" \/><\/a><\/figure><\/div>\n\n\n<figure class=\"wp-block-gallery has-nested-images columns-default is-cropped wp-block-gallery-1 is-layout-flex wp-block-gallery-is-layout-flex\">\n<figure class=\"wp-block-image size-large\"><a href=\"https:\/\/schaffrath-haus.com\/wp-content\/uploads\/2025\/05\/Screenshot-2025-05-31-at-13-16-31-Kontakt-paqui-das-haarstudios-Webseite.png\"><img loading=\"lazy\" decoding=\"async\" width=\"426\" height=\"270\" data-id=\"5015\" src=\"https:\/\/schaffrath-haus.com\/wp-content\/uploads\/2025\/05\/Screenshot-2025-05-31-at-13-16-31-Kontakt-paqui-das-haarstudios-Webseite.png\" alt=\"\" class=\"wp-image-5015\" srcset=\"https:\/\/schaffrath-haus.com\/wp-content\/uploads\/2025\/05\/Screenshot-2025-05-31-at-13-16-31-Kontakt-paqui-das-haarstudios-Webseite.png 426w, https:\/\/schaffrath-haus.com\/wp-content\/uploads\/2025\/05\/Screenshot-2025-05-31-at-13-16-31-Kontakt-paqui-das-haarstudios-Webseite-300x190.png 300w\" sizes=\"(max-width: 426px) 100vw, 426px\" \/><\/a><\/figure>\n<\/figure>\n\n\n\n<hr class=\"wp-block-separator has-alpha-channel-opacity is-style-wide\"\/>\n\n\n\n<p class=\"has-small-font-size\"><\/p>\n\n\n<div class=\"wp-block-image\">\n<figure class=\"aligncenter size-large is-resized\"><a href=\"https:\/\/schaffrath-haus.com\/wp-content\/uploads\/2024\/06\/SparkasseAachen.jpg\"><img loading=\"lazy\" decoding=\"async\" width=\"1024\" height=\"456\" src=\"https:\/\/schaffrath-haus.com\/wp-content\/uploads\/2024\/06\/SparkasseAachen-1024x456.jpg\" alt=\"\" class=\"wp-image-4083\" style=\"aspect-ratio:2.2420382165605095;width:497px;height:auto\" srcset=\"https:\/\/schaffrath-haus.com\/wp-content\/uploads\/2024\/06\/SparkasseAachen-1024x456.jpg 1024w, https:\/\/schaffrath-haus.com\/wp-content\/uploads\/2024\/06\/SparkasseAachen-300x134.jpg 300w, https:\/\/schaffrath-haus.com\/wp-content\/uploads\/2024\/06\/SparkasseAachen-768x342.jpg 768w, https:\/\/schaffrath-haus.com\/wp-content\/uploads\/2024\/06\/SparkasseAachen-1536x684.jpg 1536w, https:\/\/schaffrath-haus.com\/wp-content\/uploads\/2024\/06\/SparkasseAachen.jpg 1679w\" sizes=\"(max-width: 1024px) 100vw, 1024px\" \/><\/a><\/figure><\/div>\n\n\n<hr class=\"wp-block-separator has-alpha-channel-opacity is-style-wide\"\/>\n\n\n<div class=\"wp-block-image\">\n<figure class=\"aligncenter size-large is-resized\"><a href=\"https:\/\/schaffrath-haus.com\/wp-content\/uploads\/2024\/06\/Alsdorf.jpg\"><img loading=\"lazy\" decoding=\"async\" width=\"1024\" height=\"419\" src=\"https:\/\/schaffrath-haus.com\/wp-content\/uploads\/2024\/06\/Alsdorf-1024x419.jpg\" alt=\"\" class=\"wp-image-4084\" style=\"aspect-ratio:2.4606060606060605;width:505px;height:auto\" srcset=\"https:\/\/schaffrath-haus.com\/wp-content\/uploads\/2024\/06\/Alsdorf-1024x419.jpg 1024w, https:\/\/schaffrath-haus.com\/wp-content\/uploads\/2024\/06\/Alsdorf-300x123.jpg 300w, https:\/\/schaffrath-haus.com\/wp-content\/uploads\/2024\/06\/Alsdorf-768x314.jpg 768w, https:\/\/schaffrath-haus.com\/wp-content\/uploads\/2024\/06\/Alsdorf-1536x628.jpg 1536w, https:\/\/schaffrath-haus.com\/wp-content\/uploads\/2024\/06\/Alsdorf.jpg 1701w\" sizes=\"(max-width: 1024px) 100vw, 1024px\" \/><\/a><\/figure><\/div>\n\n\n<hr class=\"wp-block-separator has-alpha-channel-opacity is-style-wide\"\/>\n\n\n<div class=\"wp-block-image\">\n<figure class=\"aligncenter size-large is-resized\"><a href=\"https:\/\/schaffrath-haus.com\/wp-content\/uploads\/2024\/06\/LVR.jpg\"><img loading=\"lazy\" decoding=\"async\" width=\"1024\" height=\"240\" src=\"https:\/\/schaffrath-haus.com\/wp-content\/uploads\/2024\/06\/LVR-1024x240.jpg\" alt=\"\" class=\"wp-image-4085\" style=\"aspect-ratio:4.3125;width:505px;height:auto\" srcset=\"https:\/\/schaffrath-haus.com\/wp-content\/uploads\/2024\/06\/LVR-1024x240.jpg 1024w, https:\/\/schaffrath-haus.com\/wp-content\/uploads\/2024\/06\/LVR-300x70.jpg 300w, https:\/\/schaffrath-haus.com\/wp-content\/uploads\/2024\/06\/LVR-768x180.jpg 768w, https:\/\/schaffrath-haus.com\/wp-content\/uploads\/2024\/06\/LVR-1536x360.jpg 1536w, https:\/\/schaffrath-haus.com\/wp-content\/uploads\/2024\/06\/LVR.jpg 1698w\" sizes=\"(max-width: 1024px) 100vw, 1024px\" \/><\/a><\/figure><\/div>\n\n\n<hr class=\"wp-block-separator has-alpha-channel-opacity is-style-wide\"\/>\n\n\n\n<p><\/p>\n","protected":false},"excerpt":{"rendered":"<p>Werden auch Sie F\u00f6rderer oder Sponsor vom F\u00f6rderverein Schaffrathhaus. Mit Ihrer Zuwendung helfen Sie uns, weiterhin j\u00e4hrlich ein vielf\u00e4ltiges Programm der \u00d6ffentlichkeit pr\u00e4sentieren zu k\u00f6nnen! Wir danken ganz herzlich den nachfolgenden Sponsoren f\u00fcr die Unterst\u00fctzung:<\/p>\n","protected":false},"author":1,"featured_media":0,"parent":0,"menu_order":0,"comment_status":"closed","ping_status":"closed","template":"","meta":{"footnotes":""},"class_list":["post-3678","page","type-page","status-publish","hentry"],"_links":{"self":[{"href":"https:\/\/schaffrath-haus.com\/index.php?rest_route=\/wp\/v2\/pages\/3678"}],"collection":[{"href":"https:\/\/schaffrath-haus.com\/index.php?rest_route=\/wp\/v2\/pages"}],"about":[{"href":"https:\/\/schaffrath-haus.com\/index.php?rest_route=\/wp\/v2\/types\/page"}],"author":[{"embeddable":true,"href":"https:\/\/schaffrath-haus.com\/index.php?rest_route=\/wp\/v2\/users\/1"}],"replies":[{"embeddable":true,"href":"https:\/\/schaffrath-haus.com\/index.php?rest_route=%2Fwp%2Fv2%2Fcomments&post=3678"}],"version-history":[{"count":22,"href":"https:\/\/schaffrath-haus.com\/index.php?rest_route=\/wp\/v2\/pages\/3678\/revisions"}],"predecessor-version":[{"id":5019,"href":"https:\/\/schaffrath-haus.com\/index.php?rest_route=\/wp\/v2\/pages\/3678\/revisions\/5019"}],"wp:attachment":[{"href":"https:\/\/schaffrath-haus.com\/index.php?rest_route=%2Fwp%2Fv2%2Fmedia&parent=3678"}],"curies":[{"name":"wp","href":"https:\/\/api.w.org\/{rel}","templated":true}]}}