{"id":3213,"date":"2022-08-10T19:41:02","date_gmt":"2022-08-10T19:41:02","guid":{"rendered":"http:\/\/schaffrath-haus.com\/wp\/?page_id=3213"},"modified":"2024-07-13T06:59:08","modified_gmt":"2024-07-13T06:59:08","slug":"2022-musik-lesungen-kabarett","status":"publish","type":"page","link":"https:\/\/schaffrath-haus.com\/?page_id=3213","title":{"rendered":"2022 Veranstaltungen: Konzerte &#038; mehr"},"content":{"rendered":"<h2><span style=\"color: #000000;\"><strong>Samstag, 24. September 2022 um 18:00 Uhr<\/strong><\/span><\/h2>\n<h4><span style=\"color: #008000;\">SchlagSaiten Quantett<br \/>\n<\/span><\/h4>\n<p><a href=\"https:\/\/schaffrath-haus.com\/wp-content\/uploads\/2022\/08\/Schlagsaiten-Quantett-2-3.jpg\"><img loading=\"lazy\" decoding=\"async\" class=\"aligncenter wp-image-3247\" src=\"https:\/\/schaffrath-haus.com\/wp-content\/uploads\/2022\/08\/Schlagsaiten-Quantett-2-3-300x183.jpg\" alt=\"\" width=\"416\" height=\"254\" srcset=\"https:\/\/schaffrath-haus.com\/wp-content\/uploads\/2022\/08\/Schlagsaiten-Quantett-2-3-300x183.jpg 300w, https:\/\/schaffrath-haus.com\/wp-content\/uploads\/2022\/08\/Schlagsaiten-Quantett-2-3-768x468.jpg 768w, https:\/\/schaffrath-haus.com\/wp-content\/uploads\/2022\/08\/Schlagsaiten-Quantett-2-3-1024x624.jpg 1024w\" sizes=\"(max-width: 416px) 100vw, 416px\" \/><\/a><\/p>\n<p>Eintritt 25,00 \u20ac, inkl. Leckeres vom Grill und Begr\u00fc\u00dfungsgetr\u00e4nk<\/p>\n<p><strong>Um Anmeldung wird gebeten unter:<\/strong><\/p>\n<p><span style=\"color: #000000;\"> <a style=\"color: #000000;\" href=\"mailto:info@schaffrath-haus.com\">info@schaffrath-haus.com<\/a>, <\/span>oder telefonisch unter: 02404-6767 084<\/p>\n<p><strong><u>SchlagSaiten Quantett &#8211; klangvolle Lebendigkeit<\/u><\/strong><\/p>\n<p>Quantett &#8211; was ist das f\u00fcr ein Wort? Na, Quartett bei Vieren kann ja Jeder. Und wenn sie hin und wieder so wunderbaren K\u00fcnstlern wie Rick Takvorian eine B\u00fchne bieten &#8211; wie einstmals bei uns im Schaffrathhaus &#8211; vervollst\u00e4ndigen sie das Quintett. So schlie\u00dft sich der Kreis zum Quantett.<\/p>\n<p>Wenn die Vollherzblutmusiker Georg Palm, Holger Remmel und Andreas Tassew in die Saiten greifen und Toni Ajeti erst leise, dann immer leidenschaftlicher seine Cajon bearbeitet, sieht man sich bei gef\u00fchlvollen Liedern wie Moonflower und Bud Bolero im S\u00fcden am Lagerfeuer sitzen und ihnen vertr\u00e4umt zuh\u00f6ren. Aber wehe es geht los mit Skaletto, Revenge to ALDI und besonders Mojito No. 4! Dann f\u00fchlt man das Wildpferd unter sich, sp\u00fcrt den Wind in den Haaren, wenn man \u00fcber die Pr\u00e4rie reitet\u2026<\/p>\n<p>Das d\u00fcrft ihr euch nicht entgehen lassen! Wie kann man den Sommer besser verabschieden als mit einer Grillparty im Schaffrathhaus &#8211; delizi\u00f6s berauscht von ihrer klangvollen Lebendigkeit!<\/p>\n<p>Mittlerweile haben sie seit 2008 schon 4 CD\u00b4s rausgebracht mit zumeist selbst komponierten Liedern. Die Kl\u00e4nge kommen Georg und Holger \u00fcberall in den Sinn, bei der Arbeit, unterwegs, auf der Couch, vor dem Einschlafen &#8211; die dann bei den Proben von allen zusammen vervollst\u00e4ndigt werden. Die besten Songs liegen noch in der Schublade &#8211; die n\u00e4chste CD ist schon in Arbeit. Ein Highlight hier <em>Frozen Chicken<\/em>. Holgers trockener Humor macht die Geschichten dazu besonders am\u00fcsant.<\/p>\n<p>Sie reisen mit wenig Equipment regelm\u00e4\u00dfig vom Hamburger Hafenfest bis weit nach Italien runter. Im gro\u00dfen Umkreis von Aachen bis rein in die Beneluxl\u00e4nder &#8211; z. B. auch beim Eupener Musikmarathon &#8211; sind sie bestens bekannt. Sie sind einfach DIE Supertypen unz\u00e4hliger Stra\u00dfenfestivals, die uns nach Corona endlich wieder mit ihrer mega coolen Musik verw\u00f6hnen!<\/p>\n<p>Text: Lydia Cremer, Foto: Eva Palm-Erdweg<\/p>\n<hr>\n<h2>28.08.2022, 16:00 Uhr<\/h2>\n<h4><strong><span style=\"color: #008000;\">J\u00fcrgen Beckers im Schaffrathhaus<\/span><\/strong><\/h4>\n<p>Am Sonntag, den 28. August 2022 um 16 Uhr tritt J\u00fcrgen Beckers, bei hoffentlich gutem Wetter, wieder im Garten des Schaffrathhauses auf!<\/p>\n<p><strong>\u201eGelacht und geweint, die Geschichte hinter meinen Geschichten\u201c,<\/strong> lautet der Titel seiner Autobiographie, die in diesem Jahr erschienen ist und damit ganz aktuell ist.<\/p>\n<p>\u201eHausmann spielt das Leben, wie das Leben so spielt\u201c \u2013 so lautet sein Motto. Und genau das wird er seinem Publikum n\u00e4her bringen. Dabei d\u00fcrfen auch mal Tr\u00e4nen gelacht werden.<\/p>\n<p>Der Eintrittspreis betr\u00e4gt 25,-\u20ac inklusive einem Begr\u00fc\u00dfungsgetr\u00e4nk.<\/p>\n<p>Es steht nur eine begrenzte Anzahl an Pl\u00e4tzen zur Verf\u00fcgung, daher k\u00f6nnen nur Voranmeldungen ber\u00fccksichtigt werden.<\/p>\n<p><strong>Um Anmeldung wird gebeten unter:<\/strong><\/p>\n<p><span style=\"color: #000000;\"> <a style=\"color: #000000;\" href=\"mailto:info@schaffrath-haus.com\">info@schaffrath-haus.com<\/a><\/span><\/p>\n<p>oder telefonisch unter: 02404-6767 084<\/p>\n<hr>\n<p>&nbsp;<\/p>\n","protected":false},"excerpt":{"rendered":"<p>Samstag, 24. September 2022 um 18:00 Uhr SchlagSaiten Quantett Eintritt 25,00 \u20ac, inkl. Leckeres vom Grill und Begr\u00fc\u00dfungsgetr\u00e4nk Um Anmeldung wird gebeten unter: info@schaffrath-haus.com, oder telefonisch unter: 02404-6767 084 SchlagSaiten Quantett &#8211; klangvolle Lebendigkeit Quantett &#8211; was ist das f\u00fcr ein Wort? Na, Quartett bei Vieren kann ja Jeder. Und wenn sie hin und wieder &hellip; <a href=\"https:\/\/schaffrath-haus.com\/?page_id=3213\" class=\"more-link\"><span class=\"screen-reader-text\">2022 Veranstaltungen: Konzerte &#038; mehr<\/span> weiterlesen <span class=\"meta-nav\">&rarr;<\/span><\/a><\/p>\n","protected":false},"author":1,"featured_media":0,"parent":0,"menu_order":0,"comment_status":"closed","ping_status":"closed","template":"","meta":{"footnotes":""},"class_list":["post-3213","page","type-page","status-publish","hentry"],"_links":{"self":[{"href":"https:\/\/schaffrath-haus.com\/index.php?rest_route=\/wp\/v2\/pages\/3213"}],"collection":[{"href":"https:\/\/schaffrath-haus.com\/index.php?rest_route=\/wp\/v2\/pages"}],"about":[{"href":"https:\/\/schaffrath-haus.com\/index.php?rest_route=\/wp\/v2\/types\/page"}],"author":[{"embeddable":true,"href":"https:\/\/schaffrath-haus.com\/index.php?rest_route=\/wp\/v2\/users\/1"}],"replies":[{"embeddable":true,"href":"https:\/\/schaffrath-haus.com\/index.php?rest_route=%2Fwp%2Fv2%2Fcomments&post=3213"}],"version-history":[{"count":6,"href":"https:\/\/schaffrath-haus.com\/index.php?rest_route=\/wp\/v2\/pages\/3213\/revisions"}],"predecessor-version":[{"id":4099,"href":"https:\/\/schaffrath-haus.com\/index.php?rest_route=\/wp\/v2\/pages\/3213\/revisions\/4099"}],"wp:attachment":[{"href":"https:\/\/schaffrath-haus.com\/index.php?rest_route=%2Fwp%2Fv2%2Fmedia&parent=3213"}],"curies":[{"name":"wp","href":"https:\/\/api.w.org\/{rel}","templated":true}]}}