{"id":2681,"date":"2020-02-12T22:22:35","date_gmt":"2020-02-12T22:22:35","guid":{"rendered":"http:\/\/schaffrath-haus.com\/wp\/?page_id=2681"},"modified":"2024-08-31T08:06:45","modified_gmt":"2024-08-31T08:06:45","slug":"fuehrungen-2","status":"publish","type":"page","link":"https:\/\/schaffrath-haus.com\/?page_id=2681","title":{"rendered":"F\u00fchrungen"},"content":{"rendered":"<h1><strong><span style=\"color: #008000;\">F\u00fchrungen durch das Schaffrathhaus:<\/span><\/strong><\/h1>\n<p><strong>Erleben Sie etwas ganz besonderes!<\/strong><br \/>Ursula Schaffrath-Busch (Tochter von Prof. Ludwig Schaffrath) f\u00fchrt Sie gerne durch das Schaffrathhaus.<\/p>\n<p>Lassen Sie sich auf eine gro\u00dfartige, bunte und informative Reise durch die faszinierende Welt von Ludwig Schaffrath entf\u00fchren: Durch sein Atelier im Untergeschoss,\u00a0 wo alles noch so steht wie an Ludwig Schaffraths letztem Arbeitstag und durch sein Atelier und die Ausstellungsr\u00e4ume im Obergeschoss. Entdecken Sie einzigartige Glaskunst, Mosaike, Zeichnungen und Acryl\/\u00d6l Bilder des bedeutensten Glask\u00fcnstlers der letzten 100 Jahre!<\/p>\n<p><strong>Erfahren Sie spannendes \u00fcber Ludwig Schafffrath\u00b4s Leben und seine Werke!<\/strong><br \/>Wenn Sie ein \u201eSchaffrath-Neuling\u201c sind, garantieren wir Ihnen, dass Sie unbewusst schon unz\u00e4hlige Male Werken von Ludwig Schaffrath im \u00f6ffentlichen Raum (vieleicht auch privat) begegnet sind und ab sofort viele St\u00e4dte, Orte und Geb\u00e4ude in einem anderen Licht sehen werden \u2013 n\u00e4mlich durch die Augen von Ludwig Schaffrath und sein faszinierndes Schaffenswerk!<\/p>\n<p><strong>F\u00fchrungen finden nur auf Anfrage und mit Anmeldung statt.<\/strong> <strong>Dauer ca. 1,5 Stunden.<\/strong><\/p>\n<ul>\n<li>F\u00fchrungskosten pro Person: 7,50 \u20ac<\/li>\n<li>Gruppenf\u00fchrungen mit anschlie\u00dfendem Kaffee und Kuchen: 15,00 \u20ac pro Person<\/li>\n<\/ul>\n<p><strong>Anmeldung bei:<\/strong><br \/>Ursula Schaffrath-Busch<\/p>\n<p>Telefon: 02162-30826<br \/>E-Mail: info@schaffrath-haus.com<\/p>\n<p>\u00a0<\/p>\n\n\n<figure class=\"wp-block-image size-full\"><a href=\"https:\/\/schaffrath-haus.com\/wp-content\/uploads\/2024\/08\/30.06.2024-Schaffrathhaus-43-1.jpg\"><img loading=\"lazy\" decoding=\"async\" width=\"1024\" height=\"768\" src=\"https:\/\/schaffrath-haus.com\/wp-content\/uploads\/2024\/08\/30.06.2024-Schaffrathhaus-43-1.jpg\" alt=\"\" class=\"wp-image-4284\" srcset=\"https:\/\/schaffrath-haus.com\/wp-content\/uploads\/2024\/08\/30.06.2024-Schaffrathhaus-43-1.jpg 1024w, https:\/\/schaffrath-haus.com\/wp-content\/uploads\/2024\/08\/30.06.2024-Schaffrathhaus-43-1-300x225.jpg 300w, https:\/\/schaffrath-haus.com\/wp-content\/uploads\/2024\/08\/30.06.2024-Schaffrathhaus-43-1-768x576.jpg 768w\" sizes=\"(max-width: 1024px) 100vw, 1024px\" \/><\/a><\/figure>\n","protected":false},"excerpt":{"rendered":"<p>F\u00fchrungen durch das Schaffrathhaus: Erleben Sie etwas ganz besonderes!Ursula Schaffrath-Busch (Tochter von Prof. Ludwig Schaffrath) f\u00fchrt Sie gerne durch das Schaffrathhaus. Lassen Sie sich auf eine gro\u00dfartige, bunte und informative Reise durch die faszinierende Welt von Ludwig Schaffrath entf\u00fchren: Durch sein Atelier im Untergeschoss,\u00a0 wo alles noch so steht wie an Ludwig Schaffraths letztem Arbeitstag &hellip; <a href=\"https:\/\/schaffrath-haus.com\/?page_id=2681\" class=\"more-link\"><span class=\"screen-reader-text\">F\u00fchrungen<\/span> weiterlesen <span class=\"meta-nav\">&rarr;<\/span><\/a><\/p>\n","protected":false},"author":1,"featured_media":0,"parent":0,"menu_order":0,"comment_status":"closed","ping_status":"closed","template":"","meta":{"footnotes":""},"class_list":["post-2681","page","type-page","status-publish","hentry"],"_links":{"self":[{"href":"https:\/\/schaffrath-haus.com\/index.php?rest_route=\/wp\/v2\/pages\/2681"}],"collection":[{"href":"https:\/\/schaffrath-haus.com\/index.php?rest_route=\/wp\/v2\/pages"}],"about":[{"href":"https:\/\/schaffrath-haus.com\/index.php?rest_route=\/wp\/v2\/types\/page"}],"author":[{"embeddable":true,"href":"https:\/\/schaffrath-haus.com\/index.php?rest_route=\/wp\/v2\/users\/1"}],"replies":[{"embeddable":true,"href":"https:\/\/schaffrath-haus.com\/index.php?rest_route=%2Fwp%2Fv2%2Fcomments&post=2681"}],"version-history":[{"count":10,"href":"https:\/\/schaffrath-haus.com\/index.php?rest_route=\/wp\/v2\/pages\/2681\/revisions"}],"predecessor-version":[{"id":5109,"href":"https:\/\/schaffrath-haus.com\/index.php?rest_route=\/wp\/v2\/pages\/2681\/revisions\/5109"}],"wp:attachment":[{"href":"https:\/\/schaffrath-haus.com\/index.php?rest_route=%2Fwp%2Fv2%2Fmedia&parent=2681"}],"curies":[{"name":"wp","href":"https:\/\/api.w.org\/{rel}","templated":true}]}}