{"id":2677,"date":"2020-02-12T22:20:48","date_gmt":"2020-02-12T22:20:48","guid":{"rendered":"http:\/\/schaffrath-haus.com\/wp\/?page_id=2677"},"modified":"2025-02-21T06:04:30","modified_gmt":"2025-02-21T06:04:30","slug":"ausstellungen","status":"publish","type":"page","link":"https:\/\/schaffrath-haus.com\/?page_id=2677","title":{"rendered":"Ausstellungen"},"content":{"rendered":"<p>Jedes Jahr pr\u00e4sentieren wir Ihnen 3 bis 4 wunderbare Ausstellungen regionaler- und \u00fcberrregionaler K\u00fcnstler der verschiedensten Genres.<\/p>\n<p>Der Eintritt ist immer kostenlos.<\/p>\n<p>Wir bewirten wir Sie liebevoll mit kalten Getr\u00e4nken, Kaffee, Kuchen oder kreativen H\u00e4ppchen.<\/p>\n<p>HINWEIS: Die Ausstellungr\u00e4ume sind nur \u00fcber Treppen erreichbar.<\/p>\n<p>Kommen Sie doch mal zu Besuch!<\/p>\n\n\n<h2 class=\"wp-block-heading\">Unser Kunst &amp; Kulturkalender 2025:<\/h2>\n\n\n\n<p><\/p>\n\n\n\n<figure class=\"wp-block-image size-large\"><a href=\"https:\/\/schaffrath-haus.com\/wp-content\/uploads\/2025\/02\/Kunstkalender2025-Schaffrathhaus-1-scaled.jpg\"><img loading=\"lazy\" decoding=\"async\" width=\"1024\" height=\"729\" src=\"https:\/\/schaffrath-haus.com\/wp-content\/uploads\/2025\/02\/Kunstkalender2025-Schaffrathhaus-1-1024x729.jpg\" alt=\"\" class=\"wp-image-4893\" srcset=\"https:\/\/schaffrath-haus.com\/wp-content\/uploads\/2025\/02\/Kunstkalender2025-Schaffrathhaus-1-1024x729.jpg 1024w, https:\/\/schaffrath-haus.com\/wp-content\/uploads\/2025\/02\/Kunstkalender2025-Schaffrathhaus-1-300x214.jpg 300w, https:\/\/schaffrath-haus.com\/wp-content\/uploads\/2025\/02\/Kunstkalender2025-Schaffrathhaus-1-768x547.jpg 768w, https:\/\/schaffrath-haus.com\/wp-content\/uploads\/2025\/02\/Kunstkalender2025-Schaffrathhaus-1-1536x1094.jpg 1536w, https:\/\/schaffrath-haus.com\/wp-content\/uploads\/2025\/02\/Kunstkalender2025-Schaffrathhaus-1-2048x1458.jpg 2048w\" sizes=\"(max-width: 1024px) 100vw, 1024px\" \/><\/a><\/figure>\n\n\n\n<figure class=\"wp-block-image size-large\"><a href=\"https:\/\/schaffrath-haus.com\/wp-content\/uploads\/2025\/02\/Kunstkalender2025-Schaffrathhaus-2-scaled.jpg\"><img loading=\"lazy\" decoding=\"async\" width=\"1024\" height=\"730\" src=\"https:\/\/schaffrath-haus.com\/wp-content\/uploads\/2025\/02\/Kunstkalender2025-Schaffrathhaus-2-1024x730.jpg\" alt=\"\" class=\"wp-image-4894\" srcset=\"https:\/\/schaffrath-haus.com\/wp-content\/uploads\/2025\/02\/Kunstkalender2025-Schaffrathhaus-2-1024x730.jpg 1024w, https:\/\/schaffrath-haus.com\/wp-content\/uploads\/2025\/02\/Kunstkalender2025-Schaffrathhaus-2-300x214.jpg 300w, https:\/\/schaffrath-haus.com\/wp-content\/uploads\/2025\/02\/Kunstkalender2025-Schaffrathhaus-2-768x547.jpg 768w, https:\/\/schaffrath-haus.com\/wp-content\/uploads\/2025\/02\/Kunstkalender2025-Schaffrathhaus-2-1536x1095.jpg 1536w, https:\/\/schaffrath-haus.com\/wp-content\/uploads\/2025\/02\/Kunstkalender2025-Schaffrathhaus-2-2048x1460.jpg 2048w\" sizes=\"(max-width: 1024px) 100vw, 1024px\" \/><\/a><\/figure>\n","protected":false},"excerpt":{"rendered":"<p>Jedes Jahr pr\u00e4sentieren wir Ihnen 3 bis 4 wunderbare Ausstellungen regionaler- und \u00fcberrregionaler K\u00fcnstler der verschiedensten Genres. Der Eintritt ist immer kostenlos. Wir bewirten wir Sie liebevoll mit kalten Getr\u00e4nken, Kaffee, Kuchen oder kreativen H\u00e4ppchen. HINWEIS: Die Ausstellungr\u00e4ume sind nur \u00fcber Treppen erreichbar. Kommen Sie doch mal zu Besuch! Unser Kunst &amp; Kulturkalender 2025:<\/p>\n","protected":false},"author":1,"featured_media":0,"parent":0,"menu_order":0,"comment_status":"closed","ping_status":"closed","template":"","meta":{"footnotes":""},"class_list":["post-2677","page","type-page","status-publish","hentry"],"_links":{"self":[{"href":"https:\/\/schaffrath-haus.com\/index.php?rest_route=\/wp\/v2\/pages\/2677"}],"collection":[{"href":"https:\/\/schaffrath-haus.com\/index.php?rest_route=\/wp\/v2\/pages"}],"about":[{"href":"https:\/\/schaffrath-haus.com\/index.php?rest_route=\/wp\/v2\/types\/page"}],"author":[{"embeddable":true,"href":"https:\/\/schaffrath-haus.com\/index.php?rest_route=\/wp\/v2\/users\/1"}],"replies":[{"embeddable":true,"href":"https:\/\/schaffrath-haus.com\/index.php?rest_route=%2Fwp%2Fv2%2Fcomments&post=2677"}],"version-history":[{"count":7,"href":"https:\/\/schaffrath-haus.com\/index.php?rest_route=\/wp\/v2\/pages\/2677\/revisions"}],"predecessor-version":[{"id":4901,"href":"https:\/\/schaffrath-haus.com\/index.php?rest_route=\/wp\/v2\/pages\/2677\/revisions\/4901"}],"wp:attachment":[{"href":"https:\/\/schaffrath-haus.com\/index.php?rest_route=%2Fwp%2Fv2%2Fmedia&parent=2677"}],"curies":[{"name":"wp","href":"https:\/\/api.w.org\/{rel}","templated":true}]}}