{"id":2557,"date":"2019-12-30T22:38:34","date_gmt":"2019-12-30T22:38:34","guid":{"rendered":"http:\/\/schaffrath-haus.com\/wp\/?page_id=2557"},"modified":"2024-07-13T07:00:39","modified_gmt":"2024-07-13T07:00:39","slug":"2020-konzerte-kabarett-literatur","status":"publish","type":"page","link":"https:\/\/schaffrath-haus.com\/?page_id=2557","title":{"rendered":"2020 Veranstaltungen: Konzerte &#038; mehr"},"content":{"rendered":"<p>Auf unserer kleinen B\u00fchne pr\u00e4sentieren wir Ihnen auch dieses Jahr wieder ein ausgesprochen abwechslungsreiches, gro\u00dfes Kulturprogramm der verschiedensten Art, mit beliebten, regionalen Entertainern.<\/p>\n<p>Sichern Sie sich rechtzeitig Ihre Tickets zu je 20,00 \u20ac inkl. Begr\u00fc\u00dfungsgetr\u00e4nk und leckeren H\u00e4ppchen!<\/p>\n<p>bei Ursula Schaffrath-Busch, Tel.: 02162-30826<br \/>\nim Schaffrathhaus, Tel.: 02404-6767 084<br \/>\nper E-Mail: info@schaffrath-haus.com<\/p>\n<p><strong>Hier ist unser 2020 Kulturkalender als PDF Download:<\/strong><\/p>\n<p><a href=\"https:\/\/schaffrath-haus.com\/wp-content\/uploads\/2020\/01\/2020-Kulturkalender-Schaffrathhaus.pdf\">2020 Kulturkalender Schaffrathhaus<\/a><\/p>\n<p><a href=\"https:\/\/schaffrath-haus.com\/wp-content\/uploads\/2020\/01\/81698358_2779387912096279_4139961037229129728_o.jpg\"><img loading=\"lazy\" decoding=\"async\" class=\"aligncenter size-medium wp-image-2599\" src=\"https:\/\/schaffrath-haus.com\/wp-content\/uploads\/2020\/01\/81698358_2779387912096279_4139961037229129728_o-300x212.jpg\" alt=\"\" width=\"300\" height=\"212\" srcset=\"https:\/\/schaffrath-haus.com\/wp-content\/uploads\/2020\/01\/81698358_2779387912096279_4139961037229129728_o-300x212.jpg 300w, https:\/\/schaffrath-haus.com\/wp-content\/uploads\/2020\/01\/81698358_2779387912096279_4139961037229129728_o-768x543.jpg 768w, https:\/\/schaffrath-haus.com\/wp-content\/uploads\/2020\/01\/81698358_2779387912096279_4139961037229129728_o-1024x724.jpg 1024w, https:\/\/schaffrath-haus.com\/wp-content\/uploads\/2020\/01\/81698358_2779387912096279_4139961037229129728_o.jpg 1754w\" sizes=\"(max-width: 300px) 100vw, 300px\" \/><\/a> <a href=\"https:\/\/schaffrath-haus.com\/wp-content\/uploads\/2020\/01\/81860686_2779388058762931_6067523126810378240_o.jpg\"><img loading=\"lazy\" decoding=\"async\" class=\"aligncenter size-medium wp-image-2600\" src=\"https:\/\/schaffrath-haus.com\/wp-content\/uploads\/2020\/01\/81860686_2779388058762931_6067523126810378240_o-300x212.jpg\" alt=\"\" width=\"300\" height=\"212\" srcset=\"https:\/\/schaffrath-haus.com\/wp-content\/uploads\/2020\/01\/81860686_2779388058762931_6067523126810378240_o-300x212.jpg 300w, https:\/\/schaffrath-haus.com\/wp-content\/uploads\/2020\/01\/81860686_2779388058762931_6067523126810378240_o-768x543.jpg 768w, https:\/\/schaffrath-haus.com\/wp-content\/uploads\/2020\/01\/81860686_2779388058762931_6067523126810378240_o-1024x724.jpg 1024w, https:\/\/schaffrath-haus.com\/wp-content\/uploads\/2020\/01\/81860686_2779388058762931_6067523126810378240_o.jpg 1754w\" sizes=\"(max-width: 300px) 100vw, 300px\" \/><\/a><\/p>\n<hr>\n<h3><strong>14. Februar 2020, um 20.00 Uhr &#8211; Lesung<br \/>\n<\/strong><\/h3>\n<h5><strong>&#8211; VALENTINSLESUNG &#8211;<\/strong><\/h5>\n<h4><span style=\"color: #008000;\"><strong>REN\u00c9 BLANCHE<\/strong><\/span><\/h4>\n<p>Ren\u00e9 Blanche ist Schauspieler, Regisseur und leitet die Aachener Schauspielschule. Zum Valentinstag liest er Texte, Gedichte, Verse und Briefe ber\u00fchmter Pers\u00f6nlichkeiten und Autoren (darunter Casanova, Goethe, Hesse uvm.) und nimmt das Auditorium mit auf eine literarische Reise rund um Liebeslust und Liebesfrust.<\/p>\n<p>Musikalische Begleitung: Erwin Kaltenbach<\/p>\n<p><a href=\"https:\/\/schaffrath-haus.com\/wp-content\/uploads\/2019\/12\/Lesung_Rene.jpg\"><img loading=\"lazy\" decoding=\"async\" class=\"aligncenter size-medium wp-image-2558\" src=\"https:\/\/schaffrath-haus.com\/wp-content\/uploads\/2019\/12\/Lesung_Rene-300x199.jpg\" alt=\"\" width=\"300\" height=\"199\" srcset=\"https:\/\/schaffrath-haus.com\/wp-content\/uploads\/2019\/12\/Lesung_Rene-300x199.jpg 300w, https:\/\/schaffrath-haus.com\/wp-content\/uploads\/2019\/12\/Lesung_Rene-768x508.jpg 768w, https:\/\/schaffrath-haus.com\/wp-content\/uploads\/2019\/12\/Lesung_Rene-1024x678.jpg 1024w, https:\/\/schaffrath-haus.com\/wp-content\/uploads\/2019\/12\/Lesung_Rene.jpg 1183w\" sizes=\"(max-width: 300px) 100vw, 300px\" \/><\/a>Copyright: Foto -Susanne Schl\u00fcter, Text: Ren\u00e9 Blanche<\/p>\n<hr>\n<h3>21. Juni 2020 um 11.30 &#8211; Fr\u00fchschoppen Kabarett <strong><span style=\"color: #ff0000;\"> -AUSVERKAUFT-<\/span><\/strong><\/h3>\n<h5>&#8211; SOMMER, SONNE, SO\u00b4NE SPASS &#8211;<\/h5>\n<h4><span style=\"color: #008000;\"><strong>J\u00dcRGEN B. HAUSMANN<\/strong><\/span><\/h4>\n<p>Fr\u00fchschoppen mit J\u00fcrgen B. Hausmann!<br \/>\nExklusiv und hautnah kommt der beliebte Kabarettist, bekannt durch&nbsp; Funk und Fernsehen, wieder zu uns ins Schaffrathhaus, mit einer Preview auf sein neue Programm. Freuen Sie sich auf einen ausgesprochen unterhaltsamen und unvergesslichen Mittag!<\/p>\n<p>Musikalische Begleitung: Harald Cla\u00dfen.<\/p>\n<p><a href=\"https:\/\/schaffrath-haus.com\/wp-content\/uploads\/2019\/12\/Bearbeitet-5308-Kopie.jpg\"><img loading=\"lazy\" decoding=\"async\" class=\"aligncenter wp-image-2567\" src=\"https:\/\/schaffrath-haus.com\/wp-content\/uploads\/2019\/12\/Bearbeitet-5308-Kopie-300x181.jpg\" alt=\"\" width=\"335\" height=\"202\" srcset=\"https:\/\/schaffrath-haus.com\/wp-content\/uploads\/2019\/12\/Bearbeitet-5308-Kopie-300x181.jpg 300w, https:\/\/schaffrath-haus.com\/wp-content\/uploads\/2019\/12\/Bearbeitet-5308-Kopie-768x464.jpg 768w, https:\/\/schaffrath-haus.com\/wp-content\/uploads\/2019\/12\/Bearbeitet-5308-Kopie.jpg 1024w\" sizes=\"(max-width: 335px) 100vw, 335px\" \/><\/a>Fotocopyright: Dietmar Busch<\/p>\n<hr>\n<h3>31. Oktober 2020, um 20.00 Uhr &#8211; Konzert<\/h3>\n<h3><span style=\"color: #ff0000;\">Aufgrund der aktuellen Situation ist das Konzert leider abgesagt, wird aber 2021 nachgeholt. Der Termin steht noch nicht fest.<\/span><\/h3>\n<h5>&#8211; Gypsylatin-Swingpunk &#8211;<\/h5>\n<p>Keine Lust auf gruseln an Halloween? Wir bieten Ihnen einen fr\u00f6hlichen, Top-Abend!<\/p>\n<h4><span style=\"color: #008000;\">SCHLAGSAITEN QUANTETT<\/span><\/h4>\n<p>Das SCHLAGSAITEN QUANTETT spielt einfach alles auf ihre unnacharmliche Art &#8211; unplugged , spektakul\u00e4r und live! Instrumentale akustische Musik im Spannungsfeld zwischen Gypsy-Swing, Latin-Pop, Flamenco und Rockmusik und verzichtet dabei bewusst auf den Gesang. Dieser inspirierende, quicklebendige Musikmix l\u00e4sst die Fangemeinde stetig wachsen und sorgt neben der musikalischen Anerkennung vor allen Dingen f\u00fcr gl\u00fcckliche und gut gelaunte Zuh\u00f6rer.<\/p>\n<p><a href=\"https:\/\/schaffrath-haus.com\/wp-content\/uploads\/2019\/12\/DSC_7454.jpg\"><img loading=\"lazy\" decoding=\"async\" class=\"aligncenter size-medium wp-image-2570\" src=\"https:\/\/schaffrath-haus.com\/wp-content\/uploads\/2019\/12\/DSC_7454-300x200.jpg\" alt=\"\" width=\"300\" height=\"200\" srcset=\"https:\/\/schaffrath-haus.com\/wp-content\/uploads\/2019\/12\/DSC_7454-300x200.jpg 300w, https:\/\/schaffrath-haus.com\/wp-content\/uploads\/2019\/12\/DSC_7454-768x512.jpg 768w, https:\/\/schaffrath-haus.com\/wp-content\/uploads\/2019\/12\/DSC_7454.jpg 1000w\" sizes=\"(max-width: 300px) 100vw, 300px\" \/><\/a>Fotocopyright: Schlagsaiten Quantett<\/p>\n<hr>\n","protected":false},"excerpt":{"rendered":"<p>Auf unserer kleinen B\u00fchne pr\u00e4sentieren wir Ihnen auch dieses Jahr wieder ein ausgesprochen abwechslungsreiches, gro\u00dfes Kulturprogramm der verschiedensten Art, mit beliebten, regionalen Entertainern. Sichern Sie sich rechtzeitig Ihre Tickets zu je 20,00 \u20ac inkl. Begr\u00fc\u00dfungsgetr\u00e4nk und leckeren H\u00e4ppchen! bei Ursula Schaffrath-Busch, Tel.: 02162-30826 im Schaffrathhaus, Tel.: 02404-6767 084 per E-Mail: info@schaffrath-haus.com Hier ist unser 2020 &hellip; <a href=\"https:\/\/schaffrath-haus.com\/?page_id=2557\" class=\"more-link\"><span class=\"screen-reader-text\">2020 Veranstaltungen: Konzerte &#038; mehr<\/span> weiterlesen <span class=\"meta-nav\">&rarr;<\/span><\/a><\/p>\n","protected":false},"author":1,"featured_media":0,"parent":2684,"menu_order":3,"comment_status":"closed","ping_status":"closed","template":"","meta":{"footnotes":""},"class_list":["post-2557","page","type-page","status-publish","hentry"],"_links":{"self":[{"href":"https:\/\/schaffrath-haus.com\/index.php?rest_route=\/wp\/v2\/pages\/2557"}],"collection":[{"href":"https:\/\/schaffrath-haus.com\/index.php?rest_route=\/wp\/v2\/pages"}],"about":[{"href":"https:\/\/schaffrath-haus.com\/index.php?rest_route=\/wp\/v2\/types\/page"}],"author":[{"embeddable":true,"href":"https:\/\/schaffrath-haus.com\/index.php?rest_route=\/wp\/v2\/users\/1"}],"replies":[{"embeddable":true,"href":"https:\/\/schaffrath-haus.com\/index.php?rest_route=%2Fwp%2Fv2%2Fcomments&post=2557"}],"version-history":[{"count":28,"href":"https:\/\/schaffrath-haus.com\/index.php?rest_route=\/wp\/v2\/pages\/2557\/revisions"}],"predecessor-version":[{"id":4101,"href":"https:\/\/schaffrath-haus.com\/index.php?rest_route=\/wp\/v2\/pages\/2557\/revisions\/4101"}],"up":[{"embeddable":true,"href":"https:\/\/schaffrath-haus.com\/index.php?rest_route=\/wp\/v2\/pages\/2684"}],"wp:attachment":[{"href":"https:\/\/schaffrath-haus.com\/index.php?rest_route=%2Fwp%2Fv2%2Fmedia&parent=2557"}],"curies":[{"name":"wp","href":"https:\/\/api.w.org\/{rel}","templated":true}]}}