{"id":1611,"date":"2017-05-19T07:55:47","date_gmt":"2017-05-19T07:55:47","guid":{"rendered":"http:\/\/schaffrath-haus.com\/wp\/?page_id=1611"},"modified":"2024-06-30T06:19:26","modified_gmt":"2024-06-30T06:19:26","slug":"impressum","status":"publish","type":"page","link":"https:\/\/schaffrath-haus.com\/?page_id=1611","title":{"rendered":"Impressum &#038; Datenschutz"},"content":{"rendered":"<div class=\"ce_text first block\">\n<p><strong>Verantwortlich f\u00fcr den Inhalt:<\/strong><\/p>\n<p>F\u00f6rderverein\u00a0Schaffrathhaus &#8211; Kultur im Atelier<br \/>\nTheodor-Seipp-Stra\u00dfe 118, 52477 Alsdorf-Ofden<br \/>\n<a href=\"mailto:info@schaffrath-haus.com\">info@schaffrath-haus.com<\/a><br \/>\nTel: 02404-67 67 084<br \/>\nAnsprechpartner: Renate Rinkens<\/p>\n<p><strong>HAFTUNGSAUSSCHLUSS<\/strong><\/p>\n<\/div>\n<div class=\"ce_text last block\">\n<p><strong>Haftung f\u00fcr Inhalte<\/strong><\/p>\n<p>Wir bem\u00fchen uns um Vollst\u00e4ndigkeit, Richtigkeit\u00a0 und Aktualit\u00e4t unserer Seiten, k\u00f6nnen hierf\u00fcr aber keine Garantie \u00fcbernehmen. Gem\u00e4\u00df \u00a7 7 Absatz 1 TMG sind wir als Dienstanbieter f\u00fcr eigene Inhalte auf von uns angebotenen eigenen Seiten verantwortlich, nicht jedoch verpflichtet, \u00fcbermittelte oder gespeicherte fremde Informationen zu \u00fcberwachen (\u00a7\u00a7 8-10 TDG). Werden uns jedoch Rechtsverst\u00f6\u00dfe bekannt, entfernen wir die entsprechenden Inhalte umgehend. Eine\u00a0 entsprechende Haftung k\u00f6nnen wir fr\u00fchestens ab dem Zeitpunkt der Kenntnis konkreter Rechtsverletzungen \u00fcbernehmen. Wir bitten ausdr\u00fccklich um entsprechende Hinweise.<\/p>\n<p><strong>Haftung f\u00fcr Links<\/strong><\/p>\n<p>Sofern unsere Seiten Verkn\u00fcpfungen zu Webseiten Dritter enthalten, weisen wir darauf hin, dass wir auf die Inhalte dieser Webseiten keinen Einfluss haben. F\u00fcr die Ordnungsgem\u00e4\u00dfheit der Inhalte solcher Seiten ist immer der jeweilige Anbieter verantwortlich, weshalb wir diesbez\u00fcglich keinerlei Gew\u00e4hr \u00fcbernehmen k\u00f6nnen. Die Webseiten Dritter\u00a0 haben wir zum Zeitpunkt der Verlinkung auf m\u00f6gliche Gesetzesverst\u00f6\u00dfe \u00fcberpr\u00fcft, jedoch keine Verst\u00f6\u00dfe erkennen k\u00f6nnen. Eine fortlaufende \u00dcberpr\u00fcfung der Inhalte der von uns verlinkten Seiten ohne n\u00e4here Anhaltspunkte f\u00fcr Gesetzesverst\u00f6\u00dfe ist f\u00fcr uns ein unzumutbarer Aufwand. F\u00fcr den Fall, dass uns Gesetzesverletzungen bekannt werden, entfernen wir die Verkn\u00fcpfungen umgehend..<\/p>\n<p><strong>Urheberrecht<\/strong><\/p>\n<p>Durch den Betreiber auf diesen Webseiten angebotene Inhalte und Werke unterliegen dem deutschen Urheberrecht. Beitr\u00e4ge Dritter sind als solche gekennzeichnet. Die Vervielf\u00e4ltigung, Bearbeitung, Verbreitung und jede andere Art der Verwertung au\u00dferhalb der Grenzen des Urheberrechts bed\u00fcrfen der schriftlichen Zustimmung des jeweiligen Autors bzw. Erstellers. Jegliche Kopien von diesen Seiten sind nur f\u00fcr den privaten Bereich, nicht jedoch f\u00fcr kommerzielle Zwecke gestattet.<\/p>\n<p><strong>Datenschutz<\/strong><\/p>\n<p>Wir k\u00f6nnen keine Gew\u00e4hr f\u00fcr die Sicherheit der Daten\u00fcbertragung im Internet \u00fcbernehmen, insbesondere besteht bei der \u00dcbertragung von Daten im E-Mail-Verkehr die Gefahr des Zugriffs durch Dritte. Falls wir personenbezogene Daten auf unseren Seiten erheben, erfolgt die \u00dcbermittlung dieser Daten durch den Nutzer stets auf freiwilliger Basis. Wir werden diese Daten ohne ausdr\u00fcckliche Zustimmung des Nutzers nicht an Dritte weiterleiten.<br \/>\nWir widersprechen schon jetzt der Nutzung unserer im Impressum ver\u00f6ffentlichten Kontaktdaten durch Dritte zu Werbezwecken.<br \/>\nHiermit kommen wir als F\u00f6rderverein unserer Informationspflicht bei Erhebung von personenbezogenen Daten nach, die auf Grund Ihrer Mitgliedschaft im F\u00f6rderverein besteht.<br \/>\nAb dem 25. Mai 2018 tritt die DSGVO in Kraft.<\/p>\n<p><strong>Datenschutzerkl\u00e4rung im Rahmen der Vereinssatzung<\/strong><\/p>\n<p>Diese Datenschutzerkl\u00e4rung erh\u00e4lt die Informationspflicht bei Erhebung von personenbezogenen Daten bei der betroffenen Person &#8211; Hinweise zur Datenverarbeitung gem\u00e4\u00df Art. 13 DSGVO<\/p>\n<p>1. Name und Kontaktdaten des f\u00fcr die Verarbeitung Verantwortlichen. Diese Datenschutzhinweise gelten f\u00fcr die Datenverarbeitung durch:<br \/>\nF\u00f6rderverein Schaffrathhaus &#8211; Kultur im Atelier<br \/>\nTheodor-Seipp-Stra\u00dfe 118, 52477 Alsdorf<br \/>\n<a href=\"mailto:info@schaffrath-haus.com\">info@schaffrath-haus.com<\/a><br \/>\nTel: 02404-67 67 084<\/p>\n<p>2. Als F\u00f6rderverein sind wir bem\u00fcht gewissenhaft mit Ihren Daten umzugehen. Im Rahmen Ihrer Mitgliedschaft erfolgt eine Erhebung und Speicherung personenbezogener Daten so wie Art und Zweck und deren Verwendung mit folgenden Informationen:<\/p>\n<ul>\n<li>Anrede, Vorname, Nachname<\/li>\n<li>Anschrift<\/li>\n<li>Telefonnummer (Festnetz und\/oder Mobilfunk)<\/li>\n<li>eine g\u00fcltige E-Mail-Adresse<\/li>\n<li>Bankdaten zur Erhebung des Mitgliedsbeitrages (J\u00e4hrlich)<\/li>\n<\/ul>\n<p>Alle Informationen, (au\u00dfer E-Mail Adresse und Telefonnummer) sind f\u00fcr eine Mitgliedschaft im F\u00f6rderverein notwendig. Die Datenerfassung erfolgte auf Ihre Anfrage hin mit einer ausgef\u00fcllten Beitrittserkl\u00e4rung. Die Informationen werden in dem vereinseigenen EDV-System gespeichert. Jedem Vereinsmitglied wird dabei eine Mitgliedsnummer zugeordnet.<br \/>\nDie personenbezogenen Daten werden dabei durch geeignete technische und organisatorische Ma\u00dfnahmen vor der Kenntnisnahme Dritter gesch\u00fctzt. Bankdaten liegen ausschlie\u00dflich der Schatzmeisterin (Christa Hilger-Schmaldienst) vor.<\/p>\n<p>3. Die Erhebung dieser Daten erfolgt ausschlie\u00dflich zu Vereinszwecken. Um Sie als unser Mitglied zu erfassen und \u00fcber die T\u00e4tigkeiten im F\u00f6rderverein umfassend informieren zu k\u00f6nnen. (In der Regel von zwei Vorstandsmitgliedern). Dazu geh\u00f6rt Korrespondenz (per Post oder Mail) \u00fcber Aktivit\u00e4ten, Veranstaltungen und Ausstellungen im Schaffrathhaus und Ausstellungen vom Kunstverein Alsdorf.<br \/>\nEine \u00dcbermittlung Ihrer pers\u00f6nlichen Daten an Dritte findet nicht statt.<\/p>\n<p>4. Soweit die in den jeweiligen Vorschriften beschriebenen Voraussetzungen vorliegen, hat jedes Vereinsmitglied insbesondere die folgenden Rechte:<br \/>\ndas Recht auf Auskunft nach Artikel 15 DS-GVO<br \/>\ndas Recht auf Berichtigung nach Artikel 16 DS-GVO<br \/>\ndas Recht auf L\u00f6schung nach Artikel 17 DS-GVO<br \/>\ndas Recht auf Einschr\u00e4nkung der Verarbeitung nach Artikel 18 DS-GVO<br \/>\ndas Recht auf Daten\u00fcbertragbarkeit nach Artikel 20 DS-GVO und\u2028- das Widerspruchsrecht nach Artikel 21 DS-GVO<\/p>\n<p>5. F\u00fcr weitere personenbezogene Daten und f\u00fcr solche, die in den Vereinspublikationen und Online-Medien ver\u00f6ffentlicht werden sollen, ist eine schriftliche Einwilligungserkl\u00e4rung des Mitgliedes unter Beachtung des Art. 7 DSGVO notwendig. Die Entscheidung zur Erhebung weiterer personenbezogener Daten und deren Ver\u00f6ffentlichung trifft das Mitglied freiwillig. Das Einverst\u00e4ndnis kann das Mitglied jederzeit ohne nachteilige Folgen mit Wirkung f\u00fcr die Zukunft in Textform gegen\u00fcber dem Vereinsvorstand widerrufen.<\/p>\n<p>6. Beim Austritt aus dem Verein werden die personenbezogenen Daten des Mitglieds aus der Mitgliederdatenverwaltung gel\u00f6scht. Personenbezogene Daten, die die Kassenverwaltung betreffen, werden gem\u00e4\u00df der steuergesetzlichen Bestimmungen bis zu zehn Jahre ab der schriftlichen Best\u00e4tigung des Austritts durch den Vorstand aufbewahrt. Sie werden gesperrt.<\/p>\n<\/div>\n","protected":false},"excerpt":{"rendered":"<p>Verantwortlich f\u00fcr den Inhalt: F\u00f6rderverein\u00a0Schaffrathhaus &#8211; Kultur im Atelier Theodor-Seipp-Stra\u00dfe 118, 52477 Alsdorf-Ofden info@schaffrath-haus.com Tel: 02404-67 67 084 Ansprechpartner: Renate Rinkens HAFTUNGSAUSSCHLUSS Haftung f\u00fcr Inhalte Wir bem\u00fchen uns um Vollst\u00e4ndigkeit, Richtigkeit\u00a0 und Aktualit\u00e4t unserer Seiten, k\u00f6nnen hierf\u00fcr aber keine Garantie \u00fcbernehmen. Gem\u00e4\u00df \u00a7 7 Absatz 1 TMG sind wir als Dienstanbieter f\u00fcr eigene Inhalte auf &hellip; <a href=\"https:\/\/schaffrath-haus.com\/?page_id=1611\" class=\"more-link\"><span class=\"screen-reader-text\">Impressum &#038; Datenschutz<\/span> weiterlesen <span class=\"meta-nav\">&rarr;<\/span><\/a><\/p>\n","protected":false},"author":1,"featured_media":0,"parent":0,"menu_order":4,"comment_status":"closed","ping_status":"closed","template":"","meta":{"footnotes":""},"class_list":["post-1611","page","type-page","status-publish","hentry"],"_links":{"self":[{"href":"https:\/\/schaffrath-haus.com\/index.php?rest_route=\/wp\/v2\/pages\/1611"}],"collection":[{"href":"https:\/\/schaffrath-haus.com\/index.php?rest_route=\/wp\/v2\/pages"}],"about":[{"href":"https:\/\/schaffrath-haus.com\/index.php?rest_route=\/wp\/v2\/types\/page"}],"author":[{"embeddable":true,"href":"https:\/\/schaffrath-haus.com\/index.php?rest_route=\/wp\/v2\/users\/1"}],"replies":[{"embeddable":true,"href":"https:\/\/schaffrath-haus.com\/index.php?rest_route=%2Fwp%2Fv2%2Fcomments&post=1611"}],"version-history":[{"count":12,"href":"https:\/\/schaffrath-haus.com\/index.php?rest_route=\/wp\/v2\/pages\/1611\/revisions"}],"predecessor-version":[{"id":4061,"href":"https:\/\/schaffrath-haus.com\/index.php?rest_route=\/wp\/v2\/pages\/1611\/revisions\/4061"}],"wp:attachment":[{"href":"https:\/\/schaffrath-haus.com\/index.php?rest_route=%2Fwp%2Fv2%2Fmedia&parent=1611"}],"curies":[{"name":"wp","href":"https:\/\/api.w.org\/{rel}","templated":true}]}}