{"id":1278,"date":"2016-08-10T08:09:26","date_gmt":"2016-08-10T08:09:26","guid":{"rendered":"http:\/\/schaffrath-haus.com\/wp\/?page_id=1278"},"modified":"2024-08-31T07:56:21","modified_gmt":"2024-08-31T07:56:21","slug":"termine-treffen-foerderverein","status":"publish","type":"page","link":"https:\/\/schaffrath-haus.com\/?page_id=1278","title":{"rendered":"F\u00f6rderverein &#038; Mitarbeitertreffen"},"content":{"rendered":"<h1><span style=\"color: #008000;\">Mitarbeitertreffen:<\/span><\/h1>\n<p>Die freien Mitarbeitertreffen finden in der Regel jeden 2. Dienstag im Monat statt.\u00a0 Wir treffen uns im Schaffrathhaus jeweils um 18.30 Uhr. In lockerer Runde planen wir die Ausstellungen, Veranstaltungen und sonstiges rund um das Schaffrathhaus &#8211; wer m\u00f6chte kann sich hier gerne einbringen. Der Vorstand des F\u00f6rdervereins trifft sich 3 bis 4 mal im Jahr zu einer offenen Vorstandssitzung.<\/p>\n<h6>Weitere Informationen:<\/h6>\n<p>Telefon:\u00a002404-67 67 084<br \/>\nMail:\u00a0\u00a0\u00a0\u00a0\u00a0\u00a0\u00a0 info@schaffrath-haus.com<\/p>\n<h1><span style=\"color: #008000;\">F\u00f6rderverein &amp; Mitgliedschaft:<\/span><\/h1>\n<p>F\u00f6rderer und Mitglieder sind eine wertvolle und zuverl\u00e4ssige Hilfe f\u00fcr das Schaffrathhaus.<\/p>\n<p>Auch Sie k\u00f6nnen F\u00f6rderer und\/oder Mitglied im Schaffrathhaus &#8211; Kultur im Atelier werden und so Kultur in unserem Haus finanziell unterst\u00fctzen. Mitglieder erhalten 10% Nachlass auf Exponate. F\u00f6rdergelder werden f\u00fcr Erneuerungen an der Au\u00dfenanlage, des Geb\u00e4udes und der Ausstellungsr\u00e4ume genutzt und erm\u00f6glichen uns jedes Jahr spannende Kunstausstellungen und Musik-veranstaltungen zu pr\u00e4sentieren.<\/p>\n<p>Wir freuen uns \u00fcber weitere F\u00f6rderer und Mitglieder!<\/p>\n<p>Den Antrag k\u00f6nnen Sie jetzt hier bequem herunterladen, ausf\u00fcllen und uns zusenden, oder bei Ihrem n\u00e4chsten Besuch im Schaffrathhaus pers\u00f6nlich abgeben.<\/p>\n<p>Sie haben Fragen? Gerne h\u00f6ren wir von Ihnen:<br \/>\nTelefon:\u00a002404-67 67 084<br \/>\nMail:\u00a0\u00a0\u00a0\u00a0\u00a0\u00a0\u00a0 info@schaffrath-haus.com<\/p>\n<h6>PDF zum Download: <a href=\"https:\/\/schaffrath-haus.com\/wp-content\/uploads\/2016\/08\/Mitgliedschaft-Schaffrathhaus-Formular.pdf\">Mitgliedschaft Schaffrathhaus Formular<\/a><\/h6>\n<p><a href=\"https:\/\/schaffrath-haus.com\/wp-content\/uploads\/2016\/08\/mitgliedschaft-schaffrathhaus-2022.jpg\"><img loading=\"lazy\" decoding=\"async\" class=\" wp-image-3069 alignleft\" src=\"https:\/\/schaffrath-haus.com\/wp-content\/uploads\/2016\/08\/mitgliedschaft-schaffrathhaus-2022-211x300.jpg\" alt=\"\" width=\"301\" height=\"428\" srcset=\"https:\/\/schaffrath-haus.com\/wp-content\/uploads\/2016\/08\/mitgliedschaft-schaffrathhaus-2022-211x300.jpg 211w, https:\/\/schaffrath-haus.com\/wp-content\/uploads\/2016\/08\/mitgliedschaft-schaffrathhaus-2022-768x1090.jpg 768w, https:\/\/schaffrath-haus.com\/wp-content\/uploads\/2016\/08\/mitgliedschaft-schaffrathhaus-2022-722x1024.jpg 722w, https:\/\/schaffrath-haus.com\/wp-content\/uploads\/2016\/08\/mitgliedschaft-schaffrathhaus-2022.jpg 874w\" sizes=\"(max-width: 301px) 100vw, 301px\" \/><\/a><\/p>\n","protected":false},"excerpt":{"rendered":"<p>Mitarbeitertreffen: Die freien Mitarbeitertreffen finden in der Regel jeden 2. Dienstag im Monat statt.\u00a0 Wir treffen uns im Schaffrathhaus jeweils um 18.30 Uhr. In lockerer Runde planen wir die Ausstellungen, Veranstaltungen und sonstiges rund um das Schaffrathhaus &#8211; wer m\u00f6chte kann sich hier gerne einbringen. Der Vorstand des F\u00f6rdervereins trifft sich 3 bis 4 mal &hellip; <a href=\"https:\/\/schaffrath-haus.com\/?page_id=1278\" class=\"more-link\"><span class=\"screen-reader-text\">F\u00f6rderverein &#038; Mitarbeitertreffen<\/span> weiterlesen <span class=\"meta-nav\">&rarr;<\/span><\/a><\/p>\n","protected":false},"author":1,"featured_media":0,"parent":0,"menu_order":3,"comment_status":"closed","ping_status":"open","template":"","meta":{"footnotes":""},"class_list":["post-1278","page","type-page","status-publish","hentry"],"_links":{"self":[{"href":"https:\/\/schaffrath-haus.com\/index.php?rest_route=\/wp\/v2\/pages\/1278"}],"collection":[{"href":"https:\/\/schaffrath-haus.com\/index.php?rest_route=\/wp\/v2\/pages"}],"about":[{"href":"https:\/\/schaffrath-haus.com\/index.php?rest_route=\/wp\/v2\/types\/page"}],"author":[{"embeddable":true,"href":"https:\/\/schaffrath-haus.com\/index.php?rest_route=\/wp\/v2\/users\/1"}],"replies":[{"embeddable":true,"href":"https:\/\/schaffrath-haus.com\/index.php?rest_route=%2Fwp%2Fv2%2Fcomments&post=1278"}],"version-history":[{"count":14,"href":"https:\/\/schaffrath-haus.com\/index.php?rest_route=\/wp\/v2\/pages\/1278\/revisions"}],"predecessor-version":[{"id":4289,"href":"https:\/\/schaffrath-haus.com\/index.php?rest_route=\/wp\/v2\/pages\/1278\/revisions\/4289"}],"wp:attachment":[{"href":"https:\/\/schaffrath-haus.com\/index.php?rest_route=%2Fwp%2Fv2%2Fmedia&parent=1278"}],"curies":[{"name":"wp","href":"https:\/\/api.w.org\/{rel}","templated":true}]}}