{"id":1221,"date":"2016-07-08T10:44:59","date_gmt":"2016-07-08T10:44:59","guid":{"rendered":"http:\/\/schaffrath-haus.com\/wp\/?page_id=1221"},"modified":"2024-08-31T08:08:16","modified_gmt":"2024-08-31T08:08:16","slug":"kirchenfuehrungen-2016","status":"publish","type":"page","link":"https:\/\/schaffrath-haus.com\/?page_id=1221","title":{"rendered":"2016 Kirchenf\u00fchrungen"},"content":{"rendered":"<p>In Zusammenarbeit mit dem Aachener Kunsthistoriker Dr. Dirk T\u00f6lke, der Professor Ludwig Schaffrath auch pers\u00f6nlich kannte, bieten wir F\u00fchrungen zu Werken Schaffraths im \u00f6ffentlichen Raum an.<\/p>\n<p>An zwei Terminen besuchten wir die Grabeskirche St. Josef und den Hohen Dom zu Aachen. Dr. Dirk T\u00f6lke erl\u00e4uterte dort die Fenster von Ludwig Schaffrath. Leider konnten wir im Dom&nbsp; die Fenster in der Matthiaskapelle noch nicht besichtigen. Au\u00dferdem besuchten wir&nbsp; den Kreuzgang und staunten am M\u00fcnsterplatz \u00fcber die Fensterfassade der Sparkasse und Buchhandlung Schmetz.<\/p>\n<div id='gallery-1' class='gallery galleryid-1221 gallery-columns-3 gallery-size-thumbnail'><figure class='gallery-item'>\n\t\t\t<div class='gallery-icon portrait'>\n\t\t\t\t<a href='https:\/\/schaffrath-haus.com\/wp-content\/uploads\/2016\/07\/DSC06070.jpg'><img loading=\"lazy\" decoding=\"async\" width=\"150\" height=\"150\" src=\"https:\/\/schaffrath-haus.com\/wp-content\/uploads\/2016\/07\/DSC06070-150x150.jpg\" class=\"attachment-thumbnail size-thumbnail\" alt=\"\" \/><\/a>\n\t\t\t<\/div><\/figure><figure class='gallery-item'>\n\t\t\t<div class='gallery-icon portrait'>\n\t\t\t\t<a href='https:\/\/schaffrath-haus.com\/wp-content\/uploads\/2016\/07\/DSC06072.jpg'><img loading=\"lazy\" decoding=\"async\" width=\"150\" height=\"150\" src=\"https:\/\/schaffrath-haus.com\/wp-content\/uploads\/2016\/07\/DSC06072-150x150.jpg\" class=\"attachment-thumbnail size-thumbnail\" alt=\"\" \/><\/a>\n\t\t\t<\/div><\/figure><figure class='gallery-item'>\n\t\t\t<div class='gallery-icon portrait'>\n\t\t\t\t<a href='https:\/\/schaffrath-haus.com\/wp-content\/uploads\/2016\/07\/DSC06092.jpg'><img loading=\"lazy\" decoding=\"async\" width=\"150\" height=\"150\" src=\"https:\/\/schaffrath-haus.com\/wp-content\/uploads\/2016\/07\/DSC06092-150x150.jpg\" class=\"attachment-thumbnail size-thumbnail\" alt=\"\" \/><\/a>\n\t\t\t<\/div><\/figure><figure class='gallery-item'>\n\t\t\t<div class='gallery-icon landscape'>\n\t\t\t\t<a href='https:\/\/schaffrath-haus.com\/wp-content\/uploads\/2016\/07\/DSC06096.jpg'><img loading=\"lazy\" decoding=\"async\" width=\"150\" height=\"150\" src=\"https:\/\/schaffrath-haus.com\/wp-content\/uploads\/2016\/07\/DSC06096-150x150.jpg\" class=\"attachment-thumbnail size-thumbnail\" alt=\"\" \/><\/a>\n\t\t\t<\/div><\/figure><figure class='gallery-item'>\n\t\t\t<div class='gallery-icon portrait'>\n\t\t\t\t<a href='https:\/\/schaffrath-haus.com\/wp-content\/uploads\/2016\/07\/DSC06103.jpg'><img loading=\"lazy\" decoding=\"async\" width=\"150\" height=\"150\" src=\"https:\/\/schaffrath-haus.com\/wp-content\/uploads\/2016\/07\/DSC06103-150x150.jpg\" class=\"attachment-thumbnail size-thumbnail\" alt=\"\" \/><\/a>\n\t\t\t<\/div><\/figure><figure class='gallery-item'>\n\t\t\t<div class='gallery-icon portrait'>\n\t\t\t\t<a href='https:\/\/schaffrath-haus.com\/wp-content\/uploads\/2016\/07\/DSC06105.jpg'><img loading=\"lazy\" decoding=\"async\" width=\"150\" height=\"150\" src=\"https:\/\/schaffrath-haus.com\/wp-content\/uploads\/2016\/07\/DSC06105-150x150.jpg\" class=\"attachment-thumbnail size-thumbnail\" alt=\"\" \/><\/a>\n\t\t\t<\/div><\/figure><figure class='gallery-item'>\n\t\t\t<div class='gallery-icon portrait'>\n\t\t\t\t<a href='https:\/\/schaffrath-haus.com\/wp-content\/uploads\/2016\/07\/DSC06107.jpg'><img loading=\"lazy\" decoding=\"async\" width=\"150\" height=\"150\" src=\"https:\/\/schaffrath-haus.com\/wp-content\/uploads\/2016\/07\/DSC06107-150x150.jpg\" class=\"attachment-thumbnail size-thumbnail\" alt=\"\" \/><\/a>\n\t\t\t<\/div><\/figure><figure class='gallery-item'>\n\t\t\t<div class='gallery-icon portrait'>\n\t\t\t\t<a href='https:\/\/schaffrath-haus.com\/wp-content\/uploads\/2016\/07\/DSC06108.jpg'><img loading=\"lazy\" decoding=\"async\" width=\"150\" height=\"150\" src=\"https:\/\/schaffrath-haus.com\/wp-content\/uploads\/2016\/07\/DSC06108-150x150.jpg\" class=\"attachment-thumbnail size-thumbnail\" alt=\"\" \/><\/a>\n\t\t\t<\/div><\/figure><figure class='gallery-item'>\n\t\t\t<div class='gallery-icon portrait'>\n\t\t\t\t<a href='https:\/\/schaffrath-haus.com\/wp-content\/uploads\/2016\/07\/DSC06117.jpg'><img loading=\"lazy\" decoding=\"async\" width=\"150\" height=\"150\" src=\"https:\/\/schaffrath-haus.com\/wp-content\/uploads\/2016\/07\/DSC06117-150x150.jpg\" class=\"attachment-thumbnail size-thumbnail\" alt=\"\" \/><\/a>\n\t\t\t<\/div><\/figure><figure class='gallery-item'>\n\t\t\t<div class='gallery-icon portrait'>\n\t\t\t\t<a href='https:\/\/schaffrath-haus.com\/wp-content\/uploads\/2016\/07\/DSC06119.jpg'><img loading=\"lazy\" decoding=\"async\" width=\"150\" height=\"150\" src=\"https:\/\/schaffrath-haus.com\/wp-content\/uploads\/2016\/07\/DSC06119-150x150.jpg\" class=\"attachment-thumbnail size-thumbnail\" alt=\"\" \/><\/a>\n\t\t\t<\/div><\/figure><figure class='gallery-item'>\n\t\t\t<div class='gallery-icon portrait'>\n\t\t\t\t<a href='https:\/\/schaffrath-haus.com\/wp-content\/uploads\/2016\/07\/DSC06124.jpg'><img loading=\"lazy\" decoding=\"async\" width=\"150\" height=\"150\" src=\"https:\/\/schaffrath-haus.com\/wp-content\/uploads\/2016\/07\/DSC06124-150x150.jpg\" class=\"attachment-thumbnail size-thumbnail\" alt=\"\" \/><\/a>\n\t\t\t<\/div><\/figure><figure class='gallery-item'>\n\t\t\t<div class='gallery-icon portrait'>\n\t\t\t\t<a href='https:\/\/schaffrath-haus.com\/wp-content\/uploads\/2016\/07\/DSC06126.jpg'><img loading=\"lazy\" decoding=\"async\" width=\"150\" height=\"150\" src=\"https:\/\/schaffrath-haus.com\/wp-content\/uploads\/2016\/07\/DSC06126-150x150.jpg\" class=\"attachment-thumbnail size-thumbnail\" alt=\"\" \/><\/a>\n\t\t\t<\/div><\/figure><figure class='gallery-item'>\n\t\t\t<div class='gallery-icon portrait'>\n\t\t\t\t<a href='https:\/\/schaffrath-haus.com\/wp-content\/uploads\/2016\/07\/DSC06128.jpg'><img loading=\"lazy\" decoding=\"async\" width=\"150\" height=\"150\" src=\"https:\/\/schaffrath-haus.com\/wp-content\/uploads\/2016\/07\/DSC06128-150x150.jpg\" class=\"attachment-thumbnail size-thumbnail\" alt=\"\" \/><\/a>\n\t\t\t<\/div><\/figure><figure class='gallery-item'>\n\t\t\t<div class='gallery-icon portrait'>\n\t\t\t\t<a href='https:\/\/schaffrath-haus.com\/wp-content\/uploads\/2016\/07\/DSC06130.jpg'><img loading=\"lazy\" decoding=\"async\" width=\"150\" height=\"150\" src=\"https:\/\/schaffrath-haus.com\/wp-content\/uploads\/2016\/07\/DSC06130-150x150.jpg\" class=\"attachment-thumbnail size-thumbnail\" alt=\"\" \/><\/a>\n\t\t\t<\/div><\/figure><figure class='gallery-item'>\n\t\t\t<div class='gallery-icon portrait'>\n\t\t\t\t<a href='https:\/\/schaffrath-haus.com\/wp-content\/uploads\/2016\/07\/DSC06138.jpg'><img loading=\"lazy\" decoding=\"async\" width=\"150\" height=\"150\" src=\"https:\/\/schaffrath-haus.com\/wp-content\/uploads\/2016\/07\/DSC06138-150x150.jpg\" class=\"attachment-thumbnail size-thumbnail\" alt=\"\" \/><\/a>\n\t\t\t<\/div><\/figure><figure class='gallery-item'>\n\t\t\t<div class='gallery-icon portrait'>\n\t\t\t\t<a href='https:\/\/schaffrath-haus.com\/wp-content\/uploads\/2016\/07\/DSC06146.jpg'><img loading=\"lazy\" decoding=\"async\" width=\"150\" height=\"150\" src=\"https:\/\/schaffrath-haus.com\/wp-content\/uploads\/2016\/07\/DSC06146-150x150.jpg\" class=\"attachment-thumbnail size-thumbnail\" alt=\"\" \/><\/a>\n\t\t\t<\/div><\/figure><figure class='gallery-item'>\n\t\t\t<div class='gallery-icon portrait'>\n\t\t\t\t<a href='https:\/\/schaffrath-haus.com\/wp-content\/uploads\/2016\/07\/DSC06155.jpg'><img loading=\"lazy\" decoding=\"async\" width=\"150\" height=\"150\" src=\"https:\/\/schaffrath-haus.com\/wp-content\/uploads\/2016\/07\/DSC06155-150x150.jpg\" class=\"attachment-thumbnail size-thumbnail\" alt=\"\" \/><\/a>\n\t\t\t<\/div><\/figure><figure class='gallery-item'>\n\t\t\t<div class='gallery-icon landscape'>\n\t\t\t\t<a href='https:\/\/schaffrath-haus.com\/wp-content\/uploads\/2016\/07\/DSC06158.jpg'><img loading=\"lazy\" decoding=\"async\" width=\"150\" height=\"150\" src=\"https:\/\/schaffrath-haus.com\/wp-content\/uploads\/2016\/07\/DSC06158-150x150.jpg\" class=\"attachment-thumbnail size-thumbnail\" alt=\"\" \/><\/a>\n\t\t\t<\/div><\/figure>\n\t\t<\/div>\n\n<p>Zum 2. Termin im&nbsp; Juni blieben wir in Alsdorf und besichtigten die Kirche Mari\u00e4 Heimsuchung in Alsdorf-Schaufenberg, die Martin-Luther Kirche in Alsdorf-Mitte und die Immanuelkirche in Alsdorf-Busch. Die Schaffrathfenster in den drei unterschiedlichen Kirchen sind sehr beeindruckend.<\/p>\n<div id='gallery-2' class='gallery galleryid-1221 gallery-columns-3 gallery-size-thumbnail'><figure class='gallery-item'>\n\t\t\t<div class='gallery-icon portrait'>\n\t\t\t\t<a href='https:\/\/schaffrath-haus.com\/wp-content\/uploads\/2016\/07\/DSC06871.jpg'><img loading=\"lazy\" decoding=\"async\" width=\"150\" height=\"150\" src=\"https:\/\/schaffrath-haus.com\/wp-content\/uploads\/2016\/07\/DSC06871-150x150.jpg\" class=\"attachment-thumbnail size-thumbnail\" alt=\"\" \/><\/a>\n\t\t\t<\/div><\/figure><figure class='gallery-item'>\n\t\t\t<div class='gallery-icon portrait'>\n\t\t\t\t<a href='https:\/\/schaffrath-haus.com\/wp-content\/uploads\/2016\/07\/DSC06863.jpg'><img loading=\"lazy\" decoding=\"async\" width=\"150\" height=\"150\" src=\"https:\/\/schaffrath-haus.com\/wp-content\/uploads\/2016\/07\/DSC06863-150x150.jpg\" class=\"attachment-thumbnail size-thumbnail\" alt=\"\" \/><\/a>\n\t\t\t<\/div><\/figure><figure class='gallery-item'>\n\t\t\t<div class='gallery-icon portrait'>\n\t\t\t\t<a href='https:\/\/schaffrath-haus.com\/wp-content\/uploads\/2016\/07\/DSC06874.jpg'><img loading=\"lazy\" decoding=\"async\" width=\"150\" height=\"150\" src=\"https:\/\/schaffrath-haus.com\/wp-content\/uploads\/2016\/07\/DSC06874-150x150.jpg\" class=\"attachment-thumbnail size-thumbnail\" alt=\"\" \/><\/a>\n\t\t\t<\/div><\/figure><figure class='gallery-item'>\n\t\t\t<div class='gallery-icon landscape'>\n\t\t\t\t<a href='https:\/\/schaffrath-haus.com\/wp-content\/uploads\/2016\/07\/DSC06877.jpg'><img loading=\"lazy\" decoding=\"async\" width=\"150\" height=\"150\" src=\"https:\/\/schaffrath-haus.com\/wp-content\/uploads\/2016\/07\/DSC06877-150x150.jpg\" class=\"attachment-thumbnail size-thumbnail\" alt=\"\" \/><\/a>\n\t\t\t<\/div><\/figure><figure class='gallery-item'>\n\t\t\t<div class='gallery-icon landscape'>\n\t\t\t\t<a href='https:\/\/schaffrath-haus.com\/wp-content\/uploads\/2016\/07\/DSC06880.jpg'><img loading=\"lazy\" decoding=\"async\" width=\"150\" height=\"150\" src=\"https:\/\/schaffrath-haus.com\/wp-content\/uploads\/2016\/07\/DSC06880-150x150.jpg\" class=\"attachment-thumbnail size-thumbnail\" alt=\"\" \/><\/a>\n\t\t\t<\/div><\/figure><figure class='gallery-item'>\n\t\t\t<div class='gallery-icon landscape'>\n\t\t\t\t<a href='https:\/\/schaffrath-haus.com\/wp-content\/uploads\/2016\/07\/DSC06881.jpg'><img loading=\"lazy\" decoding=\"async\" width=\"150\" height=\"150\" src=\"https:\/\/schaffrath-haus.com\/wp-content\/uploads\/2016\/07\/DSC06881-150x150.jpg\" class=\"attachment-thumbnail size-thumbnail\" alt=\"\" \/><\/a>\n\t\t\t<\/div><\/figure><figure class='gallery-item'>\n\t\t\t<div class='gallery-icon portrait'>\n\t\t\t\t<a href='https:\/\/schaffrath-haus.com\/wp-content\/uploads\/2016\/07\/DSC06885.jpg'><img loading=\"lazy\" decoding=\"async\" width=\"150\" height=\"150\" src=\"https:\/\/schaffrath-haus.com\/wp-content\/uploads\/2016\/07\/DSC06885-150x150.jpg\" class=\"attachment-thumbnail size-thumbnail\" alt=\"\" \/><\/a>\n\t\t\t<\/div><\/figure><figure class='gallery-item'>\n\t\t\t<div class='gallery-icon landscape'>\n\t\t\t\t<a href='https:\/\/schaffrath-haus.com\/wp-content\/uploads\/2016\/07\/DSC06887.jpg'><img loading=\"lazy\" decoding=\"async\" width=\"150\" height=\"150\" src=\"https:\/\/schaffrath-haus.com\/wp-content\/uploads\/2016\/07\/DSC06887-150x150.jpg\" class=\"attachment-thumbnail size-thumbnail\" alt=\"\" \/><\/a>\n\t\t\t<\/div><\/figure><figure class='gallery-item'>\n\t\t\t<div class='gallery-icon landscape'>\n\t\t\t\t<a href='https:\/\/schaffrath-haus.com\/wp-content\/uploads\/2016\/07\/DSC06889.jpg'><img loading=\"lazy\" decoding=\"async\" width=\"150\" height=\"150\" src=\"https:\/\/schaffrath-haus.com\/wp-content\/uploads\/2016\/07\/DSC06889-150x150.jpg\" class=\"attachment-thumbnail size-thumbnail\" alt=\"\" \/><\/a>\n\t\t\t<\/div><\/figure><figure class='gallery-item'>\n\t\t\t<div class='gallery-icon portrait'>\n\t\t\t\t<a href='https:\/\/schaffrath-haus.com\/wp-content\/uploads\/2016\/07\/DSC06893.jpg'><img loading=\"lazy\" decoding=\"async\" width=\"150\" height=\"150\" src=\"https:\/\/schaffrath-haus.com\/wp-content\/uploads\/2016\/07\/DSC06893-150x150.jpg\" class=\"attachment-thumbnail size-thumbnail\" alt=\"\" \/><\/a>\n\t\t\t<\/div><\/figure><figure class='gallery-item'>\n\t\t\t<div class='gallery-icon landscape'>\n\t\t\t\t<a href='https:\/\/schaffrath-haus.com\/wp-content\/uploads\/2016\/07\/DSC06896.jpg'><img loading=\"lazy\" decoding=\"async\" width=\"150\" height=\"150\" src=\"https:\/\/schaffrath-haus.com\/wp-content\/uploads\/2016\/07\/DSC06896-150x150.jpg\" class=\"attachment-thumbnail size-thumbnail\" alt=\"\" \/><\/a>\n\t\t\t<\/div><\/figure><figure class='gallery-item'>\n\t\t\t<div class='gallery-icon portrait'>\n\t\t\t\t<a href='https:\/\/schaffrath-haus.com\/wp-content\/uploads\/2016\/07\/DSC06899.jpg'><img loading=\"lazy\" decoding=\"async\" width=\"150\" height=\"150\" src=\"https:\/\/schaffrath-haus.com\/wp-content\/uploads\/2016\/07\/DSC06899-150x150.jpg\" class=\"attachment-thumbnail size-thumbnail\" alt=\"\" \/><\/a>\n\t\t\t<\/div><\/figure><figure class='gallery-item'>\n\t\t\t<div class='gallery-icon portrait'>\n\t\t\t\t<a href='https:\/\/schaffrath-haus.com\/wp-content\/uploads\/2016\/07\/DSC06903.jpg'><img loading=\"lazy\" decoding=\"async\" width=\"150\" height=\"150\" src=\"https:\/\/schaffrath-haus.com\/wp-content\/uploads\/2016\/07\/DSC06903-150x150.jpg\" class=\"attachment-thumbnail size-thumbnail\" alt=\"\" \/><\/a>\n\t\t\t<\/div><\/figure><figure class='gallery-item'>\n\t\t\t<div class='gallery-icon landscape'>\n\t\t\t\t<a href='https:\/\/schaffrath-haus.com\/wp-content\/uploads\/2016\/07\/DSC06907.jpg'><img loading=\"lazy\" decoding=\"async\" width=\"150\" height=\"150\" src=\"https:\/\/schaffrath-haus.com\/wp-content\/uploads\/2016\/07\/DSC06907-150x150.jpg\" class=\"attachment-thumbnail size-thumbnail\" alt=\"\" \/><\/a>\n\t\t\t<\/div><\/figure>\n\t\t<\/div>\n\n<p>3. Termin&nbsp; &#8211; 29. Oktober 2016 &#8211; Eschweiler<\/p>\n<p>Anmeldung siehe F\u00fchrungen \/ F\u00fchrungen zu den Schaffrath-Fenstern!<\/p>\n","protected":false},"excerpt":{"rendered":"<p>In Zusammenarbeit mit dem Aachener Kunsthistoriker Dr. Dirk T\u00f6lke, der Professor Ludwig Schaffrath auch pers\u00f6nlich kannte, bieten wir F\u00fchrungen zu Werken Schaffraths im \u00f6ffentlichen Raum an. An zwei Terminen besuchten wir die Grabeskirche St. Josef und den Hohen Dom zu Aachen. Dr. Dirk T\u00f6lke erl\u00e4uterte dort die Fenster von Ludwig Schaffrath. Leider konnten wir im &hellip; <a href=\"https:\/\/schaffrath-haus.com\/?page_id=1221\" class=\"more-link\"><span class=\"screen-reader-text\">2016 Kirchenf\u00fchrungen<\/span> weiterlesen <span class=\"meta-nav\">&rarr;<\/span><\/a><\/p>\n","protected":false},"author":1,"featured_media":0,"parent":2681,"menu_order":1,"comment_status":"closed","ping_status":"open","template":"","meta":{"footnotes":""},"class_list":["post-1221","page","type-page","status-publish","hentry"],"_links":{"self":[{"href":"https:\/\/schaffrath-haus.com\/index.php?rest_route=\/wp\/v2\/pages\/1221"}],"collection":[{"href":"https:\/\/schaffrath-haus.com\/index.php?rest_route=\/wp\/v2\/pages"}],"about":[{"href":"https:\/\/schaffrath-haus.com\/index.php?rest_route=\/wp\/v2\/types\/page"}],"author":[{"embeddable":true,"href":"https:\/\/schaffrath-haus.com\/index.php?rest_route=\/wp\/v2\/users\/1"}],"replies":[{"embeddable":true,"href":"https:\/\/schaffrath-haus.com\/index.php?rest_route=%2Fwp%2Fv2%2Fcomments&post=1221"}],"version-history":[{"count":6,"href":"https:\/\/schaffrath-haus.com\/index.php?rest_route=\/wp\/v2\/pages\/1221\/revisions"}],"predecessor-version":[{"id":4296,"href":"https:\/\/schaffrath-haus.com\/index.php?rest_route=\/wp\/v2\/pages\/1221\/revisions\/4296"}],"up":[{"embeddable":true,"href":"https:\/\/schaffrath-haus.com\/index.php?rest_route=\/wp\/v2\/pages\/2681"}],"wp:attachment":[{"href":"https:\/\/schaffrath-haus.com\/index.php?rest_route=%2Fwp%2Fv2%2Fmedia&parent=1221"}],"curies":[{"name":"wp","href":"https:\/\/api.w.org\/{rel}","templated":true}]}}